{"id":1160,"date":"2021-10-19T21:18:34","date_gmt":"2021-10-19T19:18:34","guid":{"rendered":"https:\/\/orizonprod.wpengine.com\/?page_id=1160"},"modified":"2021-10-21T11:01:38","modified_gmt":"2021-10-21T09:01:38","slug":"termini-e-condizioni-generali-di-utilizzo","status":"publish","type":"page","link":"https:\/\/orizon-solutions.com\/it\/termini-e-condizioni-generali-di-utilizzo\/","title":{"rendered":"Termini e condizioni generali di utilizzo"},"content":{"rendered":"<section class=\"wpb-content-wrapper\"><p>[vc_row][vc_column][vc_column_text]<\/p>\n<h2>Termini e condizioni generali di utilizzo<\/h2>\n<p><strong>Table of contents<br \/>\n<\/strong>\u2013 Accettazione e modifica delle condizioni di utilizzo<br \/>\n\u2013 Accesso al sito \u2013 Contenuto del sito<br \/>\n\u2013 Utilizzo del sito<br \/>\n\u2013 Acquisto di prodotti sul sito<br \/>\n\u2013 Diritti di propriet\u00e0 intellettuale<br \/>\n\u2013 Link verso siti internet e servizi di terzi<br \/>\n\u2013 Durata e risoluzione<br \/>\n\u2013 Responsabilit\u00e0<br \/>\n\u2013 Caratteristiche generali<br \/>\n\u2013 Diritto applicabile \u2013 Risoluzione delle controversie<\/p>\n<p><strong>Accettazione e modifica delle condizioni di utilizzo<\/strong><\/p>\n<p>Le presenti condizioni generali di utilizzo (le \u201cCondizioni di utilizzo\u201d) definiscono il quadro giuridico che disciplina l\u2019accesso e l\u2019utilizzo del sito web orizon-solutions.com (il \u201csito\u201d) di propriet\u00e0 di Ontex BV , identificata con il numero 0419.457.296, avente sede legale in Genthof 5, 9255 Buggenhout, Belgio (\u201cOntex\u201d o \u201cnoi\u201d).<\/p>\n<p>L\u2019accesso e l\u2019utilizzo del Sito sono subordinati all\u2019accettazione delle Condizioni di utilizzo in vigore al momento dell\u2019accesso al Sito, che possono essere modificate in qualsiasi momento da Ontex. A questo proposito, accedendo al Sito e utilizzandolo, l\u2019utente accetta di essere automaticamente vincolato dalle Condizioni di utilizzo e da qualsiasi modifica che entri in vigore nel momento in cui accede o utilizza il Sito. L\u2019utente conviene che tale accettazione avr\u00e0 la stessa valenza giuridica di un\u2019esplicita accettazione scritta. Nel caso in cui l\u2019utente non sia d\u2019accordo con le Condizioni di utilizzo, non potr\u00e0 accedere al Sito n\u00e9 utilizzarlo. Si prega di leggere attentamente le Condizioni di utilizzo e l\u2019informativa sulla privacy disponibili qui prima di utilizzare il Sito. Si raccomanda di leggere le Condizioni di utilizzo ogni volta che si accede al Sito.<\/p>\n<p><strong>Accesso al Sito \u2013 Contenuto del Sito<\/strong><\/p>\n<p>Con riserva di utilizzo nel pieno rispetto delle Condizioni di utilizzo, concediamo all\u2019utente il diritto personale, non esclusivo, non trasferibile e revocabile, di accedere al Sito e di utilizzarne il contenuto (il \u201cContenuto\u201d) al solo scopo di utilizzare il Sito in conformit\u00e0 con le Condizioni di utilizzo. Rimangono espressamente esclusi tutti gli altri diritti.<br \/>\nOntex si riserva il diritto di apportare integrazioni, cancellazioni o modifiche al Contenuto in qualsiasi momento, di bloccare (temporaneamente o permanentemente) l\u2019accesso al Sito o di interrompere il Sito senza preavviso al fine di eseguire interventi di manutenzione e\/o apportare miglioramenti e\/o modifiche al Sito.<\/p>\n<p>L\u2019utente riconosce di poter utilizzare il Sito solo se il dispositivo \u00e8 collegato a Internet. I costi di connessione o di accesso addebitati a seguito dell\u2019utilizzo del Sito sono soggetti ai termini e alle condizioni concordate con il fornitore di servizi Internet o con l\u2019operatore di telefonia mobile. L\u2019utente \u00e8 consapevole dei rischi inerenti all\u2019uso di Internet, ivi compresi, senza alcuna limitazione, i rischi di mancata disponibilit\u00e0 del Sito, la non confidenzialit\u00e0 o la perdita di integrit\u00e0 dei dati trasmessi, potenziali attacchi di virus, ecc. Ontex compie ogni sforzo per escludere i virus dal Sito, ma non pu\u00f2 tuttavia garantirne la totale assenza o ritenersi responsabile al riguardo. Si raccomanda di adottare tutte le misure del caso prima di utilizzare il Sito e\/o di scaricare informazioni dallo stesso.<\/p>\n<p>Nel caso in cui l\u2019utente decida di registrarsi sul Sito, accetta di non rivelare a terzi la propria password, le informazioni sull\u2019account e l\u2019accesso al Sito. L\u2019account \u00e8 personale e ciascun utente pu\u00f2 crearne uno solo. \u00c8 responsabilit\u00e0 dell\u2019utente mantenere riservate la password e le informazioni sull\u2019account. L\u2019utente \u00e8 responsabile di tutte le attivit\u00e0 che si svolgono tramite la sua password, il suo account o in seguito all\u2019accesso al Sito.<\/p>\n<p><strong>Utilizzo del Sito<\/strong><\/p>\n<p>L\u2019utente non deve accedere o utilizzare il Sito in alcun modo che possa danneggiare, disabilitare, sovraccaricare o compromettere gli account, i sistemi informatici o le reti di Ontex. Non si deve tentare di ottenere l\u2019accesso non autorizzato ad account, sistemi informatici o reti Ontex. Non \u00e8 consentito utilizzare robot (di indicizzazione), programmi di scraping o altri mezzi automatizzati per accedere al Sito o agli account, ai sistemi informatici o alle reti Ontex. L\u2019utente non pu\u00f2 accedere, scaricare, utilizzare o esportare il Sito o il Contenuto in violazione di qualsiasi normativa o legge sull\u2019esportazione o in violazione di qualsiasi altra normativa o legge applicabile.<\/p>\n<p>L\u2019utente non deve (e non deve autorizzare terzi) a (i) modificare, riprodurre, rappresentare, adattare e\/o tradurre tutto o parte del Sito e\/o del suo contenuto senza alcuna limitazione; (ii) estrarre, in toto o in parte, il contenuto del Sito; o (iii) pubblicare e\/o utilizzare il Contenuto su un sito, media o rete.<\/p>\n<p>Nel caso in cui l\u2019utente pubblichi contenuti sul Sito (incluse, ma non solo, comunicazioni su prodotti o servizi forniti da Ontex) (la\/le \u201cPubblicazione\/i\u201d), l\u2019utente garantisce (i) di essere titolare di tutte le licenze, i diritti, i consensi e le autorizzazioni necessarie per utilizzare e autorizzare Ontex a utilizzare tutti i diritti d\u2019autore, (ii) di aver ottenuto il consenso scritto di tutte le persone fisiche identificabili, per ogni pubblicazione, a utilizzare i nomi e le immagini di tali persone fisiche presenti nella suddetta pubblicazione. L\u2019utente accetta di non presentare pubblicazioni illegali, immorali, oscene, diffamatorie, minacciose, pornografiche, pedofile, revisioniste (che neghino l\u2019esistenza dell\u2019Olocausto), intimidatorie, odiose, razziste, abusive, che incitano alla violenza politica, razziale o xenofoba, che violino qualsiasi legge o norma obbligatoria o altrimenti inappropriata. Pubblicando sul Sito, l\u2019utente concede a Ontex il diritto di utilizzare, riprodurre e rappresentare le Pubblicazioni in toto o in parte, gratuitamente, in tutto il mondo, su qualsiasi supporto, per la durata legale di tutela dei diritti di propriet\u00e0 intellettuale di tali pubblicazioni, per le esigenze e la promozione del Sito, in particolare per scopi pubblicitari o commerciali.<\/p>\n<p><strong>Diritti di propriet\u00e0 intellettuale<\/strong><\/p>\n<p>l Sito e il suo contenuto, come altres\u00ec tutti i diritti d\u2019autore, marchi, nomi commerciali, disegni, immagini, database, informazioni, dati, testi, suoni, foto e grafica, e tutti i codici sorgente, software e altri contenuti sono di propriet\u00e0 di Ontex o dei suoi licenziatari e sono protetti da diritti di propriet\u00e0 intellettuale nazionale e internazionale e altri diritti di propriet\u00e0, inclusi, senza alcuna limitazione, diritti d\u2019autore e diritti correlati, diritti di database, modelli, marchi e nomi commerciali, brevetti, ecc. L\u2019utente accetta di non visualizzare o utilizzare il logo o i marchi di Ontex in alcun modo senza il nostro previo consenso scritto.L\u2019accesso e l\u2019uso del Sito e\/o del Contenuto non deve essere interpretato come concessione di una licenza per nessuno di questi diritti di propriet\u00e0 intellettuale. Ci riserviamo tutti i diritti relativi al Sito e al Contenuto che non sono espressamente concessi all\u2019utente.<\/p>\n<p>L\u2019utente pu\u00f2 utilizzare il Sito e il suo Contenuto solo in conformit\u00e0 con le condizioni di utilizzo.<br \/>\nSe l\u2019utente utilizza il Contenuto del Sito o qualsiasi materiale di propriet\u00e0 o concesso in licenza da Ontex senza il permesso della stessa o in modo non consentito dalle Condizioni di utilizzo, pu\u00f2 violare i nostri diritti di propriet\u00e0 intellettuale o i diritti di propriet\u00e0 intellettuale di terzi, inclusi, senza limitazione alcuna, i diritti d\u2019autore e diritti correlati, i diritti sui database, i disegni e modelli, i marchi commerciali e i nomi di marchi, i brevetti e altri diritti. In tal caso, ci riserviamo il diritto di interrompere automaticamente e di pieno diritto l\u2019accesso al Sito e di adottare tutte le misure che riterremo opportune per prevenire, sospendere od ottenere un risarcimento per la violazione dei diritti di propriet\u00e0 intellettuale. Nessun altro diritto di alcun tipo viene concesso in licenza, assegnato o trasmesso in altro modo alle persone che accedono al Sito e\/o utilizzano il Contenuto.<\/p>\n<p><strong>Link verso siti internet e servizi di terzi<\/strong><\/p>\n<p>Il Sito contiene collegamenti ipertestuali a siti web gestiti da terzi e riferimenti ad altre fonti di informazione. Tali link e fonti di informazione vengono forniti a solo scopo informativo. Questi siti web e le informazioni in essi contenute non sono gestiti o controllati da Ontex. Nella misura in cui non abbiamo alcun controllo su tali servizi, l\u2019utente riconosce e accetta che non siamo responsabili per (i) la disponibilit\u00e0, il contenuto, l\u2019accuratezza, la qualit\u00e0, la pubblicit\u00e0, i prodotti, i servizi esterni e qualsiasi altro materiale disponibile su o attraverso questi servizi, (ii) la protezione dei dati personali o altre pratiche su questi siti web.<\/p>\n<p><strong>Durata e risoluzione<\/strong><\/p>\n<p>Per l\u2019intera durata di utilizzo del Sito da parte dell\u2019utente, si applicano le condizioni di utilizzo tra noi e l\u2019utente.<\/p>\n<p>Nel caso in cui riterremo che l\u2019utilizzo del Sito sia illegale e\/o non autorizzato e\/o che violi le condizioni di utilizzo, ci riserviamo il diritto di intraprendere qualsivoglia azione legale o di altro tipo che riterremo necessaria e di interrompere di pieno diritto l\u2019accesso al Sito.<\/p>\n<p><strong>Responsabilit\u00e0<\/strong><\/p>\n<p>I dati forniti sul Sito, ivi comprese le attivit\u00e0 di marketing o i dati finanziari di Ontex e\/o delle sue societ\u00e0 affiliate, sono forniti a solo scopo informativo e non costituiscono alcun impegno da parte di Ontex e\/o delle sue societ\u00e0 affiliate.<\/p>\n<p>L\u2019utilizzo del Sito e qualsiasi decisione presa sulla base dei dati e\/o di informazioni fornite sul Sito sar\u00e0 presa sotto l\u2019esclusiva responsabilit\u00e0 dell\u2019utente.<\/p>\n<p><strong>Caratteristiche generali<\/strong><\/p>\n<p>Le Condizioni di utilizzo costituiscono l\u2019intero accordo tra noi e l\u2019utente in relazione all\u2019oggetto del presente documento e sostituiscono i termini di qualsiasi altra comunicazione e\/o pubblicit\u00e0 relativa al Sito.<\/p>\n<p>Se una qualsiasi disposizione delle Condizioni di utilizzo dovesse essere dichiarata illegale, non valida o non applicabile da un tribunale o da un\u2019autorit\u00e0 competente, la non validit\u00e0 di tale disposizione non pregiudicher\u00e0 la validit\u00e0 delle restanti disposizioni delle Condizioni di utilizzo, che rimarranno in vigore.<\/p>\n<p>La mancata osservanza di una parte di qualsiasi diritto o disposizione delle Condizioni di utilizzo non costituisce una rinuncia a tale diritto o disposizione.<\/p>\n<p>L\u2019utente accetta di risarcire, difendere e tenere indenne Ontex e i suoi rappresentanti, funzionari, dipendenti, subappaltatori e agenti da qualsivoglia reclamo, azione legale, causa, danno, costi derivanti da una violazione delle Condizioni di utilizzo da parte dell\u2019utente stesso.<\/p>\n<p><strong>Diritto applicabile \u2013 Risoluzione delle controversie<\/strong><\/p>\n<p>I Termini di utilizzo sono regolati dalla legge in Belga. In caso di controversia \u00e8 possibile inviare un reclamo scritto alla sezione Contatti del Sito per cercare di trovare una soluzione amichevole.<\/p>\n<p>L\u2019utente potr\u00e0 altres\u00ec avvalersi del servizio di risoluzione delle controversie online offerto dalla Commissione europea ai sensi dell\u2019articolo 14 del regolamento (UE) n. 524\/2013. Tale piattaforma \u00e8 accessibile al link seguente:\u00a0<a href=\"https:\/\/webgate.ec.europa.eu\/odr\/\">Commissione europea<\/a>.<\/p>\n<p>Qualsivoglia controversia relativa alla conclusione, validit\u00e0, interpretazione, esecuzione o risoluzione delle Condizioni di utilizzo sar\u00e0 soggetta alla giurisdizione dei tribunali (i) del luogo in cui ha sede Ontex o (ii) del luogo in cui ha domicilio l\u2019utente o (iii) del luogo di fornitura del servizio di accesso al Sito.[\/vc_column_text][\/vc_column][\/vc_row]<\/p>\n<\/section>","protected":false},"excerpt":{"rendered":"<p>[vc_row][vc_column][vc_column_text] Termini e condizioni generali di utilizzo Table of contents \u2013 Accettazione e modifica delle condizioni di utilizzo \u2013 Accesso al sito \u2013 Contenuto del sito \u2013 Utilizzo del sito \u2013 Acquisto di prodotti sul sito \u2013 Diritti di propriet\u00e0 intellettuale \u2013 Link verso siti internet e servizi di terzi \u2013 Durata e risoluzione \u2013 [&hellip;]<\/p>\n","protected":false},"author":3,"featured_media":1321,"parent":0,"menu_order":0,"comment_status":"closed","ping_status":"closed","template":"","meta":{"_acf_changed":false,"inline_featured_image":false,"footnotes":""},"class_list":["post-1160","page","type-page","status-publish","has-post-thumbnail","hentry"],"acf":[],"yoast_head":"<!-- This site is optimized with the Yoast SEO Premium plugin v27.5 (Yoast SEO v27.5) - https:\/\/yoast.com\/product\/yoast-seo-premium-wordpress\/ -->\n<title>Discover our smart solution Termini e condizioni generali di utilizzo &#183; Orizon<\/title>\n<meta name=\"robots\" content=\"index, follow, max-snippet:-1, max-image-preview:large, max-video-preview:-1\" \/>\n<link rel=\"canonical\" href=\"https:\/\/orizon-solutions.com\/it\/termini-e-condizioni-generali-di-utilizzo\/\" \/>\n<meta property=\"og:locale\" content=\"it_IT\" \/>\n<meta property=\"og:type\" content=\"article\" \/>\n<meta property=\"og:title\" content=\"Discover our smart solution Termini e condizioni generali di utilizzo &#183; Orizon\" \/>\n<meta property=\"og:description\" content=\"[vc_row][vc_column][vc_column_text] Termini e condizioni generali di utilizzo Table of contents \u2013 Accettazione e modifica delle condizioni di utilizzo \u2013 Accesso al sito \u2013 Contenuto del sito \u2013 Utilizzo del sito \u2013 Acquisto di prodotti sul sito \u2013 Diritti di propriet\u00e0 intellettuale \u2013 Link verso siti internet e servizi di terzi \u2013 Durata e risoluzione \u2013 [&hellip;]\" \/>\n<meta property=\"og:url\" content=\"https:\/\/orizon-solutions.com\/it\/termini-e-condizioni-generali-di-utilizzo\/\" \/>\n<meta property=\"og:site_name\" content=\"Orizon\" \/>\n<meta property=\"article:modified_time\" content=\"2021-10-21T09:01:38+00:00\" \/>\n<meta property=\"og:image\" content=\"https:\/\/orizon-solutions.com\/wp-content\/uploads\/2021\/10\/ontex_aalst_belgium.webp\" \/>\n\t<meta property=\"og:image:width\" content=\"900\" \/>\n\t<meta property=\"og:image:height\" content=\"350\" \/>\n\t<meta property=\"og:image:type\" content=\"image\/webp\" \/>\n<meta name=\"twitter:card\" content=\"summary_large_image\" \/>\n<meta name=\"twitter:label1\" content=\"Tempo di lettura stimato\" \/>\n\t<meta name=\"twitter:data1\" content=\"8 minuti\" \/>\n<script type=\"application\/ld+json\" class=\"yoast-schema-graph\">{\"@context\":\"https:\\\/\\\/schema.org\",\"@graph\":[{\"@type\":\"WebPage\",\"@id\":\"https:\\\/\\\/orizon-solutions.com\\\/it\\\/termini-e-condizioni-generali-di-utilizzo\\\/\",\"url\":\"https:\\\/\\\/orizon-solutions.com\\\/it\\\/termini-e-condizioni-generali-di-utilizzo\\\/\",\"name\":\"Discover our smart solution Termini e condizioni generali di utilizzo &#183; Orizon\",\"isPartOf\":{\"@id\":\"https:\\\/\\\/orizon-solutions.com\\\/it\\\/#website\"},\"primaryImageOfPage\":{\"@id\":\"https:\\\/\\\/orizon-solutions.com\\\/it\\\/termini-e-condizioni-generali-di-utilizzo\\\/#primaryimage\"},\"image\":{\"@id\":\"https:\\\/\\\/orizon-solutions.com\\\/it\\\/termini-e-condizioni-generali-di-utilizzo\\\/#primaryimage\"},\"thumbnailUrl\":\"https:\\\/\\\/orizon-solutions.com\\\/wp-content\\\/uploads\\\/2021\\\/10\\\/ontex_aalst_belgium.webp\",\"datePublished\":\"2021-10-19T19:18:34+00:00\",\"dateModified\":\"2021-10-21T09:01:38+00:00\",\"breadcrumb\":{\"@id\":\"https:\\\/\\\/orizon-solutions.com\\\/it\\\/termini-e-condizioni-generali-di-utilizzo\\\/#breadcrumb\"},\"inLanguage\":\"it-IT\",\"potentialAction\":[{\"@type\":\"ReadAction\",\"target\":[\"https:\\\/\\\/orizon-solutions.com\\\/it\\\/termini-e-condizioni-generali-di-utilizzo\\\/\"]}]},{\"@type\":\"ImageObject\",\"inLanguage\":\"it-IT\",\"@id\":\"https:\\\/\\\/orizon-solutions.com\\\/it\\\/termini-e-condizioni-generali-di-utilizzo\\\/#primaryimage\",\"url\":\"https:\\\/\\\/orizon-solutions.com\\\/wp-content\\\/uploads\\\/2021\\\/10\\\/ontex_aalst_belgium.webp\",\"contentUrl\":\"https:\\\/\\\/orizon-solutions.com\\\/wp-content\\\/uploads\\\/2021\\\/10\\\/ontex_aalst_belgium.webp\",\"width\":900,\"height\":350,\"caption\":\"\\\/nl\\\/onze-slimme-oplossing\\\/\"},{\"@type\":\"BreadcrumbList\",\"@id\":\"https:\\\/\\\/orizon-solutions.com\\\/it\\\/termini-e-condizioni-generali-di-utilizzo\\\/#breadcrumb\",\"itemListElement\":[{\"@type\":\"ListItem\",\"position\":1,\"name\":\"Home\",\"item\":\"https:\\\/\\\/orizon-solutions.com\\\/it\\\/\"},{\"@type\":\"ListItem\",\"position\":2,\"name\":\"Termini e condizioni generali di utilizzo\"}]},{\"@type\":\"WebSite\",\"@id\":\"https:\\\/\\\/orizon-solutions.com\\\/it\\\/#website\",\"url\":\"https:\\\/\\\/orizon-solutions.com\\\/it\\\/\",\"name\":\"Orizon\",\"description\":\"Smart Solutions\",\"publisher\":{\"@id\":\"https:\\\/\\\/orizon-solutions.com\\\/it\\\/#organization\"},\"potentialAction\":[{\"@type\":\"SearchAction\",\"target\":{\"@type\":\"EntryPoint\",\"urlTemplate\":\"https:\\\/\\\/orizon-solutions.com\\\/it\\\/?s={search_term_string}\"},\"query-input\":{\"@type\":\"PropertyValueSpecification\",\"valueRequired\":true,\"valueName\":\"search_term_string\"}}],\"inLanguage\":\"it-IT\"},{\"@type\":\"Organization\",\"@id\":\"https:\\\/\\\/orizon-solutions.com\\\/it\\\/#organization\",\"name\":\"Orizon\",\"url\":\"https:\\\/\\\/orizon-solutions.com\\\/it\\\/\",\"logo\":{\"@type\":\"ImageObject\",\"inLanguage\":\"it-IT\",\"@id\":\"https:\\\/\\\/orizon-solutions.com\\\/it\\\/#\\\/schema\\\/logo\\\/image\\\/\",\"url\":\"https:\\\/\\\/orizon-solutions.com\\\/wp-content\\\/uploads\\\/2021\\\/09\\\/orizon-logo400.png\",\"contentUrl\":\"https:\\\/\\\/orizon-solutions.com\\\/wp-content\\\/uploads\\\/2021\\\/09\\\/orizon-logo400.png\",\"width\":400,\"height\":79,\"caption\":\"Orizon\"},\"image\":{\"@id\":\"https:\\\/\\\/orizon-solutions.com\\\/it\\\/#\\\/schema\\\/logo\\\/image\\\/\"},\"sameAs\":[\"https:\\\/\\\/www.youtube.com\\\/channel\\\/UCKGKYYx3aomkfcL8bMyFDOg\"]}]}<\/script>\n<!-- \/ Yoast SEO Premium plugin. -->","yoast_head_json":{"title":"Discover our smart solution Termini e condizioni generali di utilizzo &#183; Orizon","robots":{"index":"index","follow":"follow","max-snippet":"max-snippet:-1","max-image-preview":"max-image-preview:large","max-video-preview":"max-video-preview:-1"},"canonical":"https:\/\/orizon-solutions.com\/it\/termini-e-condizioni-generali-di-utilizzo\/","og_locale":"it_IT","og_type":"article","og_title":"Discover our smart solution Termini e condizioni generali di utilizzo &#183; Orizon","og_description":"[vc_row][vc_column][vc_column_text] Termini e condizioni generali di utilizzo Table of contents \u2013 Accettazione e modifica delle condizioni di utilizzo \u2013 Accesso al sito \u2013 Contenuto del sito \u2013 Utilizzo del sito \u2013 Acquisto di prodotti sul sito \u2013 Diritti di propriet\u00e0 intellettuale \u2013 Link verso siti internet e servizi di terzi \u2013 Durata e risoluzione \u2013 [&hellip;]","og_url":"https:\/\/orizon-solutions.com\/it\/termini-e-condizioni-generali-di-utilizzo\/","og_site_name":"Orizon","article_modified_time":"2021-10-21T09:01:38+00:00","og_image":[{"width":900,"height":350,"url":"https:\/\/orizon-solutions.com\/wp-content\/uploads\/2021\/10\/ontex_aalst_belgium.webp","type":"image\/webp"}],"twitter_card":"summary_large_image","twitter_misc":{"Tempo di lettura stimato":"8 minuti"},"schema":{"@context":"https:\/\/schema.org","@graph":[{"@type":"WebPage","@id":"https:\/\/orizon-solutions.com\/it\/termini-e-condizioni-generali-di-utilizzo\/","url":"https:\/\/orizon-solutions.com\/it\/termini-e-condizioni-generali-di-utilizzo\/","name":"Discover our smart solution Termini e condizioni generali di utilizzo &#183; Orizon","isPartOf":{"@id":"https:\/\/orizon-solutions.com\/it\/#website"},"primaryImageOfPage":{"@id":"https:\/\/orizon-solutions.com\/it\/termini-e-condizioni-generali-di-utilizzo\/#primaryimage"},"image":{"@id":"https:\/\/orizon-solutions.com\/it\/termini-e-condizioni-generali-di-utilizzo\/#primaryimage"},"thumbnailUrl":"https:\/\/orizon-solutions.com\/wp-content\/uploads\/2021\/10\/ontex_aalst_belgium.webp","datePublished":"2021-10-19T19:18:34+00:00","dateModified":"2021-10-21T09:01:38+00:00","breadcrumb":{"@id":"https:\/\/orizon-solutions.com\/it\/termini-e-condizioni-generali-di-utilizzo\/#breadcrumb"},"inLanguage":"it-IT","potentialAction":[{"@type":"ReadAction","target":["https:\/\/orizon-solutions.com\/it\/termini-e-condizioni-generali-di-utilizzo\/"]}]},{"@type":"ImageObject","inLanguage":"it-IT","@id":"https:\/\/orizon-solutions.com\/it\/termini-e-condizioni-generali-di-utilizzo\/#primaryimage","url":"https:\/\/orizon-solutions.com\/wp-content\/uploads\/2021\/10\/ontex_aalst_belgium.webp","contentUrl":"https:\/\/orizon-solutions.com\/wp-content\/uploads\/2021\/10\/ontex_aalst_belgium.webp","width":900,"height":350,"caption":"\/nl\/onze-slimme-oplossing\/"},{"@type":"BreadcrumbList","@id":"https:\/\/orizon-solutions.com\/it\/termini-e-condizioni-generali-di-utilizzo\/#breadcrumb","itemListElement":[{"@type":"ListItem","position":1,"name":"Home","item":"https:\/\/orizon-solutions.com\/it\/"},{"@type":"ListItem","position":2,"name":"Termini e condizioni generali di utilizzo"}]},{"@type":"WebSite","@id":"https:\/\/orizon-solutions.com\/it\/#website","url":"https:\/\/orizon-solutions.com\/it\/","name":"Orizon","description":"Smart Solutions","publisher":{"@id":"https:\/\/orizon-solutions.com\/it\/#organization"},"potentialAction":[{"@type":"SearchAction","target":{"@type":"EntryPoint","urlTemplate":"https:\/\/orizon-solutions.com\/it\/?s={search_term_string}"},"query-input":{"@type":"PropertyValueSpecification","valueRequired":true,"valueName":"search_term_string"}}],"inLanguage":"it-IT"},{"@type":"Organization","@id":"https:\/\/orizon-solutions.com\/it\/#organization","name":"Orizon","url":"https:\/\/orizon-solutions.com\/it\/","logo":{"@type":"ImageObject","inLanguage":"it-IT","@id":"https:\/\/orizon-solutions.com\/it\/#\/schema\/logo\/image\/","url":"https:\/\/orizon-solutions.com\/wp-content\/uploads\/2021\/09\/orizon-logo400.png","contentUrl":"https:\/\/orizon-solutions.com\/wp-content\/uploads\/2021\/09\/orizon-logo400.png","width":400,"height":79,"caption":"Orizon"},"image":{"@id":"https:\/\/orizon-solutions.com\/it\/#\/schema\/logo\/image\/"},"sameAs":["https:\/\/www.youtube.com\/channel\/UCKGKYYx3aomkfcL8bMyFDOg"]}]}},"_links":{"self":[{"href":"https:\/\/orizon-solutions.com\/it\/wp-json\/wp\/v2\/pages\/1160","targetHints":{"allow":["GET"]}}],"collection":[{"href":"https:\/\/orizon-solutions.com\/it\/wp-json\/wp\/v2\/pages"}],"about":[{"href":"https:\/\/orizon-solutions.com\/it\/wp-json\/wp\/v2\/types\/page"}],"author":[{"embeddable":true,"href":"https:\/\/orizon-solutions.com\/it\/wp-json\/wp\/v2\/users\/3"}],"replies":[{"embeddable":true,"href":"https:\/\/orizon-solutions.com\/it\/wp-json\/wp\/v2\/comments?post=1160"}],"version-history":[{"count":0,"href":"https:\/\/orizon-solutions.com\/it\/wp-json\/wp\/v2\/pages\/1160\/revisions"}],"wp:featuredmedia":[{"embeddable":true,"href":"https:\/\/orizon-solutions.com\/it\/wp-json\/wp\/v2\/media\/1321"}],"wp:attachment":[{"href":"https:\/\/orizon-solutions.com\/it\/wp-json\/wp\/v2\/media?parent=1160"}],"curies":[{"name":"wp","href":"https:\/\/api.w.org\/{rel}","templated":true}]}}