{"id":2040,"date":"2023-07-26T12:23:45","date_gmt":"2023-07-26T10:23:45","guid":{"rendered":"https:\/\/orizon-solutions.com\/?page_id=2040"},"modified":"2026-02-04T15:42:51","modified_gmt":"2026-02-04T14:42:51","slug":"ontex-hub","status":"publish","type":"page","link":"https:\/\/orizon-solutions.com\/fr\/ontex-hub\/","title":{"rendered":"Ontex HUB"},"content":{"rendered":"<section class=\"wpb-content-wrapper\"><p>[vc_row padding_top_multiplier=\u00a0\u00bb6x\u00a0\u00bb el_class=\u00a0\u00bborizon-hub\u00a0\u00bb][vc_column el_class=\u00a0\u00bboz-padding-12&Prime;]<h1 class=\"grve-element grve-title grve-align-left grve-h1 mb-10 dark-heading\" style=\"\"><span>Bienvenue sur le OntexHub !<\/span><\/h1><div class=\"grve-empty-space grve-height-1x\" style=\"\"><\/div>[vc_column_text text_style=\u00a0\u00bbleader-text\u00a0\u00bb]L&rsquo;endroit o\u00f9 trouver des plateformes pour acc\u00e9der \u00e0 des informations essentielles et \u00e0 du contenu de qualit\u00e9 24 heures sur 24 et 7 jours sur 7.<\/p>\n<p>Dans ce Hub, vous pouvez acc\u00e9der \u00e0 <strong>Orizon On Demand<\/strong>.<br \/>\nIl s&rsquo;agit de notre plateforme populaire, qui fournit un large \u00e9ventail d&rsquo;outils de soutien et d&rsquo;informations sur les produits en un seul clic. Gr\u00e2ce \u00e0 son aspect et sa convivialit\u00e9, il est facile de naviguer et de trouver des catalogues de produits, des d\u00e9tails techniques, des videos et des photos.[\/vc_column_text][\/vc_column][\/vc_row][vc_row padding_top_multiplier=\u00a0\u00bb\u00a0\u00bb padding_bottom_multiplier=\u00a0\u00bb\u00a0\u00bb][vc_column width=\u00a0\u00bb1\/6&Prime;][\/vc_column][vc_column width=\u00a0\u00bb2\/3&Prime;]<div class=\"grve-empty-space grve-height-1x\" style=\"\"><\/div>[vc_raw_html]JTNDaWZyYW1lJTIwc3JjJTNEJTIyaHR0cHMlM0ElMkYlMkZwbGF5ZXIudmltZW8uY29tJTJGdmlkZW8lMkY4NDg2NjM0MzAlM0ZoJTNEMGRmMDcyMWU1MiUyMiUyMHdpZHRoJTNEJTIyNjQwJTIyJTIwaGVpZ2h0JTNEJTIyMzYwJTIyJTIwZnJhbWVib3JkZXIlM0QlMjIwJTIyJTIwYWxsb3clM0QlMjJhdXRvcGxheSUzQiUyMGZ1bGxzY3JlZW4lM0IlMjBwaWN0dXJlLWluLXBpY3R1cmUlMjIlMjBhbGxvd2Z1bGxzY3JlZW4lM0UlM0MlMkZpZnJhbWUlM0U=[\/vc_raw_html]<div class=\"grve-empty-space grve-height-1x\" style=\"\"><\/div>[\/vc_column][vc_column width=\u00a0\u00bb1\/6&Prime;][\/vc_column][\/vc_row][vc_row bg_type=\u00a0\u00bbcolor\u00a0\u00bb padding_top_multiplier=\u00a0\u00bb2x\u00a0\u00bb padding_bottom_multiplier=\u00a0\u00bb2x\u00a0\u00bb bg_color=\u00a0\u00bb#f1f2f7&Prime;][vc_column el_class=\u00a0\u00bboz-padding-12&Prime;][vc_column_text text_style=\u00a0\u00bbleader-text\u00a0\u00bb]<\/p>\n<p style=\"text-align: center;\">Disponible pour tous nos clients en France, c&rsquo;est aussi notre point central pour trouver des mises \u00e0 jour sur nos produits actuels ou nouveaux, des changements et d&rsquo;autres nouvelles pertinentes.<\/p>\n<p style=\"text-align: center;\"><strong>Pour vous inscrire ou vous connecter, cliquez sur le bouton ci-dessous !<\/strong><\/p>\n<p>[\/vc_column_text]<div class=\"grve-empty-space grve-height-1x\" style=\"\"><\/div><div class=\"grve-element grve-align-center\"><a href=\"https:\/\/fr.orizonondemand.com\/\" title=\"Orizon on demand\" target=\"_blank\" rel=\"noopener noreferrer\" class=\"grve-btn grve-btn-medium grve-extra-round grve-bg-primary-1 grve-bg-hover-black\"><span>Acc\u00e8s \u00e0 Orizon On Demand<\/span><\/a><\/div>[\/vc_column][\/vc_row]<\/p>\n<\/section>","protected":false},"excerpt":{"rendered":"<p>[vc_row padding_top_multiplier=\u00a0\u00bb6x\u00a0\u00bb el_class=\u00a0\u00bborizon-hub\u00a0\u00bb][vc_column el_class=\u00a0\u00bboz-padding-12&Prime;][vc_column_text text_style=\u00a0\u00bbleader-text\u00a0\u00bb]L&rsquo;endroit o\u00f9 trouver des plateformes pour acc\u00e9der \u00e0 des informations essentielles et \u00e0 du contenu de qualit\u00e9 24 heures sur 24 et 7 jours sur 7. Dans ce Hub, vous pouvez acc\u00e9der \u00e0 Orizon On Demand. Il s&rsquo;agit de notre plateforme populaire, qui fournit un large \u00e9ventail d&rsquo;outils de soutien et [&hellip;]<\/p>\n","protected":false},"author":3,"featured_media":0,"parent":0,"menu_order":0,"comment_status":"closed","ping_status":"closed","template":"","meta":{"_acf_changed":false,"inline_featured_image":false,"footnotes":""},"class_list":["post-2040","page","type-page","status-publish","hentry"],"acf":[],"yoast_head":"<!-- This site is optimized with the Yoast SEO Premium plugin v27.5 (Yoast SEO v27.5) - https:\/\/yoast.com\/product\/yoast-seo-premium-wordpress\/ -->\n<title>Discover our smart solution Ontex HUB &#183; Orizon<\/title>\n<meta name=\"robots\" content=\"noindex, nofollow\" \/>\n<meta property=\"og:locale\" content=\"fr_FR\" \/>\n<meta property=\"og:type\" content=\"article\" \/>\n<meta property=\"og:title\" content=\"Discover our smart solution Ontex HUB &#183; Orizon\" \/>\n<meta property=\"og:description\" content=\"[vc_row padding_top_multiplier=\u00a0\u00bb6x\u00a0\u00bb el_class=\u00a0\u00bborizon-hub\u00a0\u00bb][vc_column el_class=\u00a0\u00bboz-padding-12&Prime;][vc_column_text text_style=\u00a0\u00bbleader-text\u00a0\u00bb]L&rsquo;endroit o\u00f9 trouver des plateformes pour acc\u00e9der \u00e0 des informations essentielles et \u00e0 du contenu de qualit\u00e9 24 heures sur 24 et 7 jours sur 7. Dans ce Hub, vous pouvez acc\u00e9der \u00e0 Orizon On Demand. Il s&rsquo;agit de notre plateforme populaire, qui fournit un large \u00e9ventail d&rsquo;outils de soutien et [&hellip;]\" \/>\n<meta property=\"og:url\" content=\"https:\/\/orizon-solutions.com\/fr\/ontex-hub\/\" \/>\n<meta property=\"og:site_name\" content=\"Orizon\" \/>\n<meta property=\"article:modified_time\" content=\"2026-02-04T14:42:51+00:00\" \/>\n<meta property=\"og:image\" content=\"https:\/\/orizon-solutions.com\/wp-content\/uploads\/2021\/10\/KV_Orizon.jpg\" \/>\n\t<meta property=\"og:image:width\" content=\"681\" \/>\n\t<meta property=\"og:image:height\" content=\"618\" \/>\n\t<meta property=\"og:image:type\" content=\"image\/jpeg\" \/>\n<meta name=\"twitter:card\" content=\"summary_large_image\" \/>\n<meta name=\"twitter:label1\" content=\"Dur\u00e9e de lecture estim\u00e9e\" \/>\n\t<meta name=\"twitter:data1\" content=\"1 minute\" \/>\n<script type=\"application\/ld+json\" class=\"yoast-schema-graph\">{\"@context\":\"https:\\\/\\\/schema.org\",\"@graph\":[{\"@type\":\"WebPage\",\"@id\":\"https:\\\/\\\/orizon-solutions.com\\\/fr\\\/ontex-hub\\\/\",\"url\":\"https:\\\/\\\/orizon-solutions.com\\\/fr\\\/ontex-hub\\\/\",\"name\":\"Discover our smart solution Ontex HUB &#183; Orizon\",\"isPartOf\":{\"@id\":\"https:\\\/\\\/orizon-solutions.com\\\/fr\\\/#website\"},\"datePublished\":\"2023-07-26T10:23:45+00:00\",\"dateModified\":\"2026-02-04T14:42:51+00:00\",\"breadcrumb\":{\"@id\":\"https:\\\/\\\/orizon-solutions.com\\\/fr\\\/ontex-hub\\\/#breadcrumb\"},\"inLanguage\":\"fr-FR\",\"potentialAction\":[{\"@type\":\"ReadAction\",\"target\":[\"https:\\\/\\\/orizon-solutions.com\\\/fr\\\/ontex-hub\\\/\"]}]},{\"@type\":\"BreadcrumbList\",\"@id\":\"https:\\\/\\\/orizon-solutions.com\\\/fr\\\/ontex-hub\\\/#breadcrumb\",\"itemListElement\":[{\"@type\":\"ListItem\",\"position\":1,\"name\":\"Accueil\",\"item\":\"https:\\\/\\\/orizon-solutions.com\\\/fr\\\/\"},{\"@type\":\"ListItem\",\"position\":2,\"name\":\"Ontex HUB\"}]},{\"@type\":\"WebSite\",\"@id\":\"https:\\\/\\\/orizon-solutions.com\\\/fr\\\/#website\",\"url\":\"https:\\\/\\\/orizon-solutions.com\\\/fr\\\/\",\"name\":\"Orizon\",\"description\":\"Smart Solutions\",\"publisher\":{\"@id\":\"https:\\\/\\\/orizon-solutions.com\\\/fr\\\/#organization\"},\"potentialAction\":[{\"@type\":\"SearchAction\",\"target\":{\"@type\":\"EntryPoint\",\"urlTemplate\":\"https:\\\/\\\/orizon-solutions.com\\\/fr\\\/?s={search_term_string}\"},\"query-input\":{\"@type\":\"PropertyValueSpecification\",\"valueRequired\":true,\"valueName\":\"search_term_string\"}}],\"inLanguage\":\"fr-FR\"},{\"@type\":\"Organization\",\"@id\":\"https:\\\/\\\/orizon-solutions.com\\\/fr\\\/#organization\",\"name\":\"Orizon\",\"url\":\"https:\\\/\\\/orizon-solutions.com\\\/fr\\\/\",\"logo\":{\"@type\":\"ImageObject\",\"inLanguage\":\"fr-FR\",\"@id\":\"https:\\\/\\\/orizon-solutions.com\\\/fr\\\/#\\\/schema\\\/logo\\\/image\\\/\",\"url\":\"https:\\\/\\\/orizon-solutions.com\\\/wp-content\\\/uploads\\\/2021\\\/09\\\/orizon-logo400.png\",\"contentUrl\":\"https:\\\/\\\/orizon-solutions.com\\\/wp-content\\\/uploads\\\/2021\\\/09\\\/orizon-logo400.png\",\"width\":400,\"height\":79,\"caption\":\"Orizon\"},\"image\":{\"@id\":\"https:\\\/\\\/orizon-solutions.com\\\/fr\\\/#\\\/schema\\\/logo\\\/image\\\/\"},\"sameAs\":[\"https:\\\/\\\/www.youtube.com\\\/channel\\\/UCKGKYYx3aomkfcL8bMyFDOg\"]}]}<\/script>\n<!-- \/ Yoast SEO Premium plugin. -->","yoast_head_json":{"title":"Discover our smart solution Ontex HUB &#183; Orizon","robots":{"index":"noindex","follow":"nofollow"},"og_locale":"fr_FR","og_type":"article","og_title":"Discover our smart solution Ontex HUB &#183; Orizon","og_description":"[vc_row padding_top_multiplier=\u00a0\u00bb6x\u00a0\u00bb el_class=\u00a0\u00bborizon-hub\u00a0\u00bb][vc_column el_class=\u00a0\u00bboz-padding-12&Prime;][vc_column_text text_style=\u00a0\u00bbleader-text\u00a0\u00bb]L&rsquo;endroit o\u00f9 trouver des plateformes pour acc\u00e9der \u00e0 des informations essentielles et \u00e0 du contenu de qualit\u00e9 24 heures sur 24 et 7 jours sur 7. Dans ce Hub, vous pouvez acc\u00e9der \u00e0 Orizon On Demand. Il s&rsquo;agit de notre plateforme populaire, qui fournit un large \u00e9ventail d&rsquo;outils de soutien et [&hellip;]","og_url":"https:\/\/orizon-solutions.com\/fr\/ontex-hub\/","og_site_name":"Orizon","article_modified_time":"2026-02-04T14:42:51+00:00","og_image":[{"width":681,"height":618,"url":"https:\/\/orizon-solutions.com\/wp-content\/uploads\/2021\/10\/KV_Orizon.jpg","type":"image\/jpeg"}],"twitter_card":"summary_large_image","twitter_misc":{"Dur\u00e9e de lecture estim\u00e9e":"1 minute"},"schema":{"@context":"https:\/\/schema.org","@graph":[{"@type":"WebPage","@id":"https:\/\/orizon-solutions.com\/fr\/ontex-hub\/","url":"https:\/\/orizon-solutions.com\/fr\/ontex-hub\/","name":"Discover our smart solution Ontex HUB &#183; Orizon","isPartOf":{"@id":"https:\/\/orizon-solutions.com\/fr\/#website"},"datePublished":"2023-07-26T10:23:45+00:00","dateModified":"2026-02-04T14:42:51+00:00","breadcrumb":{"@id":"https:\/\/orizon-solutions.com\/fr\/ontex-hub\/#breadcrumb"},"inLanguage":"fr-FR","potentialAction":[{"@type":"ReadAction","target":["https:\/\/orizon-solutions.com\/fr\/ontex-hub\/"]}]},{"@type":"BreadcrumbList","@id":"https:\/\/orizon-solutions.com\/fr\/ontex-hub\/#breadcrumb","itemListElement":[{"@type":"ListItem","position":1,"name":"Accueil","item":"https:\/\/orizon-solutions.com\/fr\/"},{"@type":"ListItem","position":2,"name":"Ontex HUB"}]},{"@type":"WebSite","@id":"https:\/\/orizon-solutions.com\/fr\/#website","url":"https:\/\/orizon-solutions.com\/fr\/","name":"Orizon","description":"Smart Solutions","publisher":{"@id":"https:\/\/orizon-solutions.com\/fr\/#organization"},"potentialAction":[{"@type":"SearchAction","target":{"@type":"EntryPoint","urlTemplate":"https:\/\/orizon-solutions.com\/fr\/?s={search_term_string}"},"query-input":{"@type":"PropertyValueSpecification","valueRequired":true,"valueName":"search_term_string"}}],"inLanguage":"fr-FR"},{"@type":"Organization","@id":"https:\/\/orizon-solutions.com\/fr\/#organization","name":"Orizon","url":"https:\/\/orizon-solutions.com\/fr\/","logo":{"@type":"ImageObject","inLanguage":"fr-FR","@id":"https:\/\/orizon-solutions.com\/fr\/#\/schema\/logo\/image\/","url":"https:\/\/orizon-solutions.com\/wp-content\/uploads\/2021\/09\/orizon-logo400.png","contentUrl":"https:\/\/orizon-solutions.com\/wp-content\/uploads\/2021\/09\/orizon-logo400.png","width":400,"height":79,"caption":"Orizon"},"image":{"@id":"https:\/\/orizon-solutions.com\/fr\/#\/schema\/logo\/image\/"},"sameAs":["https:\/\/www.youtube.com\/channel\/UCKGKYYx3aomkfcL8bMyFDOg"]}]}},"_links":{"self":[{"href":"https:\/\/orizon-solutions.com\/fr\/wp-json\/wp\/v2\/pages\/2040","targetHints":{"allow":["GET"]}}],"collection":[{"href":"https:\/\/orizon-solutions.com\/fr\/wp-json\/wp\/v2\/pages"}],"about":[{"href":"https:\/\/orizon-solutions.com\/fr\/wp-json\/wp\/v2\/types\/page"}],"author":[{"embeddable":true,"href":"https:\/\/orizon-solutions.com\/fr\/wp-json\/wp\/v2\/users\/3"}],"replies":[{"embeddable":true,"href":"https:\/\/orizon-solutions.com\/fr\/wp-json\/wp\/v2\/comments?post=2040"}],"version-history":[{"count":0,"href":"https:\/\/orizon-solutions.com\/fr\/wp-json\/wp\/v2\/pages\/2040\/revisions"}],"wp:attachment":[{"href":"https:\/\/orizon-solutions.com\/fr\/wp-json\/wp\/v2\/media?parent=2040"}],"curies":[{"name":"wp","href":"https:\/\/api.w.org\/{rel}","templated":true}]}}