{"id":1055,"date":"2021-10-18T12:31:50","date_gmt":"2021-10-18T10:31:50","guid":{"rendered":"https:\/\/orizonprod.wpengine.com\/?page_id=1055"},"modified":"2022-05-19T16:32:37","modified_gmt":"2022-05-19T14:32:37","slug":"a-propos-de-nous","status":"publish","type":"page","link":"https:\/\/orizon-solutions.com\/fr\/a-propos-de-nous\/","title":{"rendered":"\u00c0 propos de nous"},"content":{"rendered":"<section class=\"wpb-content-wrapper\"><p>[vc_row padding_top_multiplier=\u00a0\u00bb6x\u00a0\u00bb padding_bottom_multiplier=\u00a0\u00bb2x\u00a0\u00bb columns_gap=\u00a0\u00bb60&Prime; el_class=\u00a0\u00bbabout-orizon-top\u00a0\u00bb font_color=\u00a0\u00bb#000000&Prime;][vc_column]<h1 class=\"grve-element grve-title grve-align-center grve-h1 mb-10 dark-heading\" style=\"\"><span>A propos de Ontex &amp; Orizon<\/span><\/h1><div class=\"grve-empty-space grve-height-5x\" style=\"\"><\/div>[vc_row_inner el_class=\u00a0\u00bbflex-row about-1 about-row\u00a0\u00bb][vc_column_inner width=\u00a0\u00bb1\/3&Prime; el_class=\u00a0\u00bbmobile-40&Prime; el_wrapper_class=\u00a0\u00bbimage-desktop-bg\u00a0\u00bb]<div class=\"grve-element grve-image grve-align-left\" style=\"\">  <div class=\"grve-image-wrapper\"><picture><source srcset=\"https:\/\/orizon-solutions.com\/wp-content\/uploads\/2021\/09\/about-1.jpg.webp 800w, https:\/\/orizon-solutions.com\/wp-content\/uploads\/2021\/09\/about-1-300x169.jpg.webp 300w, https:\/\/orizon-solutions.com\/wp-content\/uploads\/2021\/09\/about-1-768x432.jpg.webp 768w\" sizes=\"auto, (max-width: 800px) 100vw, 800px\" type=\"image\/webp\"><img loading=\"lazy\" decoding=\"async\" width=\"800\" height=\"450\" src=\"https:\/\/orizon-solutions.com\/wp-content\/uploads\/2021\/09\/about-1.jpg\" class=\"grve-extra-round attachment-full size-full webpexpress-processed\" alt=\"Factory worker\" srcset=\"https:\/\/orizon-solutions.com\/wp-content\/uploads\/2021\/09\/about-1.jpg 800w, https:\/\/orizon-solutions.com\/wp-content\/uploads\/2021\/09\/about-1-300x169.jpg 300w, https:\/\/orizon-solutions.com\/wp-content\/uploads\/2021\/09\/about-1-768x432.jpg 768w\" sizes=\"auto, (max-width: 800px) 100vw, 800px\"><\/picture>   <\/div><\/div>[\/vc_column_inner][vc_column_inner width=\u00a0\u00bb2\/3&Prime;]<div class=\"grve-element grve-image mobile-centered mobile-40 about-logo grve-align-left\" style=\"margin-bottom: 20px;\">  <div class=\"grve-image-wrapper\"><a href=\"https:\/\/ontex.com\/\" title=\"Ontex website\" target=\"_blank\" rel=\"noopener noreferrer nofollow\"><picture><source srcset=\"https:\/\/orizon-solutions.com\/wp-content\/uploads\/2021\/10\/ontex-blue-resized.png.webp 1x,https:\/\/orizon-solutions.com\/wp-content\/uploads\/2021\/10\/ontex-blue-resized.png\" type=\"image\/webp\"><img loading=\"lazy\" decoding=\"async\" width=\"300\" height=\"115\" src=\"https:\/\/orizon-solutions.com\/wp-content\/uploads\/2021\/10\/ontex-blue-resized.png\" class=\"attachment-full size-full webpexpress-processed\" alt=\"Ontex logo\" srcset=\"https:\/\/orizon-solutions.com\/wp-content\/uploads\/2021\/10\/ontex-blue-resized.png 1x,https:\/\/orizon-solutions.com\/wp-content\/uploads\/2021\/10\/ontex-blue-resized.png 2x\"><\/picture><\/a>   <\/div><\/div>[vc_column_text el_class=\u00a0\u00bboz-link-decoration\u00a0\u00bb]Ontex est un groupe international leader dans les solutions d&rsquo;hygi\u00e8ne personnelle fort de plus de 40 ans d&rsquo;exp\u00e9rience dans la conception et la production de produits de haute qualit\u00e9 pour les clients de tout \u00e2ge.<\/p>\n<p>Nos produits d&rsquo;hygi\u00e8ne personnelle de qualit\u00e9, performants et \u00e0 l&rsquo;excellent rapport qualit\u00e9-prix sont distribu\u00e9s dans plus de 110 pays et sont fabriqu\u00e9s sur 19 sites de production suivant des pratiques durables afin de r\u00e9duire notre empreinte carbone.<\/p>\n<p><a href=\"https:\/\/ontex.com\/\" target=\"_blank\" rel=\"noopener\">Visitez le site Internet d&rsquo;Ontex<\/a>[\/vc_column_text][\/vc_column_inner][\/vc_row_inner][vc_row_inner el_class=\u00a0\u00bbflex-row about-2 about-row\u00a0\u00bb][vc_column_inner width=\u00a0\u00bb1\/3&Prime; el_class=\u00a0\u00bbmobile-40&Prime; el_wrapper_class=\u00a0\u00bbimage-desktop-bg\u00a0\u00bb]<div class=\"grve-element grve-image mobile-centered grve-align-left\" style=\"\">  <div class=\"grve-image-wrapper\"><picture><source srcset=\"https:\/\/orizon-solutions.com\/wp-content\/uploads\/2021\/09\/about-2.jpg.webp 800w, https:\/\/orizon-solutions.com\/wp-content\/uploads\/2021\/09\/about-2-300x161.jpg.webp 300w, https:\/\/orizon-solutions.com\/wp-content\/uploads\/2021\/09\/about-2-768x413.jpg.webp 768w\" sizes=\"auto, (max-width: 800px) 100vw, 800px\" type=\"image\/webp\"><img loading=\"lazy\" decoding=\"async\" width=\"800\" height=\"430\" src=\"https:\/\/orizon-solutions.com\/wp-content\/uploads\/2021\/09\/about-2.jpg\" class=\"grve-extra-round attachment-full size-full webpexpress-processed\" alt=\"Smart tag\" srcset=\"https:\/\/orizon-solutions.com\/wp-content\/uploads\/2021\/09\/about-2.jpg 800w, https:\/\/orizon-solutions.com\/wp-content\/uploads\/2021\/09\/about-2-300x161.jpg 300w, https:\/\/orizon-solutions.com\/wp-content\/uploads\/2021\/09\/about-2-768x413.jpg 768w\" sizes=\"auto, (max-width: 800px) 100vw, 800px\"><\/picture>   <\/div><\/div>[\/vc_column_inner][vc_column_inner width=\u00a0\u00bb2\/3&Prime;]<div class=\"grve-element grve-image grve-animated-item grve-duration-normal grve-fade-in orizon-logo mobile-centered grve-align-left\" style=\"margin-bottom: 30px;\" data-delay=\"200\">  <div class=\"grve-image-wrapper\"><picture><source srcset=\"https:\/\/orizon-solutions.com\/wp-content\/uploads\/2021\/09\/orizon-logo400.png.webp 400w, https:\/\/orizon-solutions.com\/wp-content\/uploads\/2021\/09\/orizon-logo400-300x59.png.webp 300w\" sizes=\"auto, (max-width: 400px) 100vw, 400px\" type=\"image\/webp\"><img loading=\"lazy\" decoding=\"async\" width=\"400\" height=\"79\" src=\"https:\/\/orizon-solutions.com\/wp-content\/uploads\/2021\/09\/orizon-logo400.png\" class=\"attachment-full size-full webpexpress-processed\" alt=\"Orizon logo\" srcset=\"https:\/\/orizon-solutions.com\/wp-content\/uploads\/2021\/09\/orizon-logo400.png 400w, https:\/\/orizon-solutions.com\/wp-content\/uploads\/2021\/09\/orizon-logo400-300x59.png 300w\" sizes=\"auto, (max-width: 400px) 100vw, 400px\"><\/picture>   <\/div><\/div>[vc_column_text el_class=\u00a0\u00bboz-link-decoration\u00a0\u00bb]Aujourd&rsquo;hui, nous offrons d\u00e9j\u00e0 une large gamme de produits d&rsquo;hygi\u00e8ne pour adulte sous nos marques reconnues sur le march\u00e9, \u00e0 savoir iD, Serenity et Lille. Mais chez Ontex, nous sommes tourn\u00e9s vers l&rsquo;avenir. Nous concevons des solutions pour faciliter la vie des personnes incontinentes et de leurs aidants. Nous voulons que l&rsquo;offre d&rsquo;Orizon soit compl\u00e8te. Une gamme compl\u00e8te de solutions, d&rsquo;outils et de services connect\u00e9s pour accro\u00eetre le confort et le bien-\u00eatre de chacun.\u200b<\/p>\n<p><strong>Notre objectif est non seulement de limiter les d\u00e9sagr\u00e9ments li\u00e9s \u00e0 l&rsquo;incontinence, mais aussi de d\u00e9velopper des outils et des solutions pour une meilleure pr\u00e9vention et sensibilisation.\u200b <\/strong>[\/vc_column_text][\/vc_column_inner][\/vc_row_inner][vc_row_inner el_class=\u00a0\u00bbabout-orizon about-logo-block\u00a0\u00bb][vc_column_inner width=\u00a0\u00bb1\/2&Prime; el_class=\u00a0\u00bbmobile-40&Prime;][vc_column_text]C&rsquo;est pourquoi nous avons cr\u00e9\u00e9, en parall\u00e8le de notre gamme de produits d&rsquo;hygi\u00e8ne pour adulte classique (iD et Serenity), une solution connect\u00e9e appel\u00e9e Orizon Smart. Orizon sera soutenu par ces deux marques de produits leader, iD et Serenity. Cette approche marque la transition \u00e9volutive d&rsquo;une gamme classique \u00e0 une gamme connect\u00e9e, mais avec le m\u00eame niveau de qualit\u00e9 et de confort.[\/vc_column_text][\/vc_column_inner][vc_column_inner width=\u00a0\u00bb1\/2&Prime; el_wrapper_class=\u00a0\u00bbimage-flex\u00a0\u00bb]<div class=\"grve-element grve-image grve-animated-item grve-duration-normal grve-fade-in grve-align-center\" style=\"\" data-delay=\"200\">  <div class=\"grve-image-wrapper\"><picture><source srcset=\"https:\/\/orizon-solutions.com\/wp-content\/uploads\/2021\/09\/ontex-id2.png.webp\" type=\"image\/webp\"><img loading=\"lazy\" decoding=\"async\" width=\"251\" height=\"75\" src=\"https:\/\/orizon-solutions.com\/wp-content\/uploads\/2021\/09\/ontex-id2.png\" class=\"attachment-full size-full webpexpress-processed\" alt=\"orizon id\"><\/picture>   <\/div><\/div><div class=\"grve-element grve-image grve-animated-item grve-duration-normal grve-fade-in grve-align-center\" style=\"\" data-delay=\"200\">  <div class=\"grve-image-wrapper\"><picture><source srcset=\"https:\/\/orizon-solutions.com\/wp-content\/uploads\/2021\/09\/ontex-serenity2.png.webp\" type=\"image\/webp\"><img loading=\"lazy\" decoding=\"async\" width=\"251\" height=\"75\" src=\"https:\/\/orizon-solutions.com\/wp-content\/uploads\/2021\/09\/ontex-serenity2.png\" class=\"attachment-full size-full webpexpress-processed\" alt=\"orizon serenity\"><\/picture>   <\/div><\/div>[\/vc_column_inner][\/vc_row_inner][\/vc_column][\/vc_row][vc_row section_type=\u00a0\u00bbfullwidth\u00a0\u00bb padding_top_multiplier=\u00a0\u00bb\u00a0\u00bb padding_bottom_multiplier=\u00a0\u00bb\u00a0\u00bb columns_gap=\u00a0\u00bbnone\u00a0\u00bb][vc_column]<section class=\"wpb-content-wrapper\"><p>[vc_row heading_color=\u00a0\u00bblight\u00a0\u00bb padding_top_multiplier=\u00a0\u00bb3x\u00a0\u00bb padding_bottom_multiplier=\u00a0\u00bb3x\u00a0\u00bb el_class=\u00a0\u00bboz-gradient-style2&Prime; section_id=\u00a0\u00bbcta-block\u00a0\u00bb font_color=\u00a0\u00bb#ffffff\u00a0\u00bb][vc_column width=\u00a0\u00bb1\/2&Prime; el_class=\u00a0\u00bbsmaller-half\u00a0\u00bb]<h2 class=\"grve-element grve-title grve-align-left grve-animated-item grve-duration-normal grve-fade-in grve-h2\" style=\"\" data-delay=\"200\"><span>Nous r\u00e9inventons la fa\u00e7on dont nous nous occupons de nos personnes \u00e2g\u00e9es <\/span><\/h2>[vc_column_text text_style=\u00a0\u00bbleader-text\u00a0\u00bb]Gr\u00e2ce \u00e0 notre solution, les aidants et les soignants peuvent travailler de fa\u00e7on plus efficace et adapter les soins aux besoins des r\u00e9sidents.[\/vc_column_text]<div class=\"grve-element grve-align-left oz-btn-wrapper-xs oz-btn-spaced mobile-centered\"><a href=\"https:\/\/orizon-solutions.com\/fr\/orizon-smart\/\" title=\"Our smart solution\" class=\"grve-btn grve-btn-medium grve-extra-round grve-bg-primary-1 grve-bg-hover-white grve-btn-line oz-btn-white oz-btn-secondary oz-cta-btn oz-cta-btn-fr\"><span>Notre solution connect\u00e9e<\/span><\/a><\/div>[\/vc_column][vc_column width=\u00a0\u00bb1\/2&Prime; mobile_width=\u00a0\u00bbhide\u00a0\u00bb el_class=\u00a0\u00bbabout-last-right xtra-spaced-left\u00a0\u00bb][\/vc_column][\/vc_row]<\/p>\n<\/section>[\/vc_column][\/vc_row]<\/p>\n<\/section>","protected":false},"excerpt":{"rendered":"<p>[vc_row padding_top_multiplier=\u00a0\u00bb6x\u00a0\u00bb padding_bottom_multiplier=\u00a0\u00bb2x\u00a0\u00bb columns_gap=\u00a0\u00bb60&Prime; el_class=\u00a0\u00bbabout-orizon-top\u00a0\u00bb font_color=\u00a0\u00bb#000000&Prime;][vc_column][vc_row_inner el_class=\u00a0\u00bbflex-row about-1 about-row\u00a0\u00bb][vc_column_inner width=\u00a0\u00bb1\/3&Prime; el_class=\u00a0\u00bbmobile-40&Prime; el_wrapper_class=\u00a0\u00bbimage-desktop-bg\u00a0\u00bb][\/vc_column_inner][vc_column_inner width=\u00a0\u00bb2\/3&Prime;][vc_column_text el_class=\u00a0\u00bboz-link-decoration\u00a0\u00bb]Ontex est un groupe international leader dans les solutions d&rsquo;hygi\u00e8ne personnelle fort de plus de 40 ans d&rsquo;exp\u00e9rience dans la conception et la production de produits de haute qualit\u00e9 pour les clients de tout \u00e2ge. Nos produits d&rsquo;hygi\u00e8ne personnelle de qualit\u00e9, performants [&hellip;]<\/p>\n","protected":false},"author":3,"featured_media":452,"parent":0,"menu_order":0,"comment_status":"closed","ping_status":"closed","template":"","meta":{"_acf_changed":false,"inline_featured_image":false,"footnotes":""},"class_list":["post-1055","page","type-page","status-publish","has-post-thumbnail","hentry"],"acf":[],"yoast_head":"<!-- This site is optimized with the Yoast SEO Premium plugin v27.4 (Yoast SEO v27.4) - https:\/\/yoast.com\/product\/yoast-seo-premium-wordpress\/ -->\n<title>A propos de Ontex &amp; Orizon &#183; Orizon<\/title>\n<meta name=\"description\" content=\"Notre objectif est non seulement de limiter les d\u00e9sagr\u00e9ments li\u00e9s \u00e0 l&#039;incontinence, mais aussi de d\u00e9velopper des outils et des solutions pour une meilleure pr\u00e9vention et sensibilisation.\u200b\" \/>\n<meta name=\"robots\" content=\"index, follow, max-snippet:-1, max-image-preview:large, max-video-preview:-1\" \/>\n<link rel=\"canonical\" href=\"https:\/\/orizon-solutions.com\/fr\/a-propos-de-nous\/\" \/>\n<meta property=\"og:locale\" content=\"fr_FR\" \/>\n<meta property=\"og:type\" content=\"article\" \/>\n<meta property=\"og:title\" content=\"Discover our smart solution \u00c0 propos de nous &#183; Orizon\" \/>\n<meta property=\"og:description\" content=\"Notre objectif est non seulement de limiter les d\u00e9sagr\u00e9ments li\u00e9s \u00e0 l&#039;incontinence, mais aussi de d\u00e9velopper des outils et des solutions pour une meilleure pr\u00e9vention et sensibilisation.\u200b\" \/>\n<meta property=\"og:url\" content=\"https:\/\/orizon-solutions.com\/fr\/a-propos-de-nous\/\" \/>\n<meta property=\"og:site_name\" content=\"Orizon\" \/>\n<meta property=\"article:modified_time\" content=\"2022-05-19T14:32:37+00:00\" \/>\n<meta property=\"og:image\" content=\"https:\/\/orizon-solutions.com\/wp-content\/uploads\/2021\/09\/about-1.jpg\" \/>\n\t<meta property=\"og:image:width\" content=\"800\" \/>\n\t<meta property=\"og:image:height\" content=\"450\" \/>\n\t<meta property=\"og:image:type\" content=\"image\/jpeg\" \/>\n<meta name=\"twitter:card\" content=\"summary_large_image\" \/>\n<meta name=\"twitter:label1\" content=\"Dur\u00e9e de lecture estim\u00e9e\" \/>\n\t<meta name=\"twitter:data1\" content=\"2 minutes\" \/>\n<script type=\"application\/ld+json\" class=\"yoast-schema-graph\">{\"@context\":\"https:\\\/\\\/schema.org\",\"@graph\":[{\"@type\":\"WebPage\",\"@id\":\"https:\\\/\\\/orizon-solutions.com\\\/fr\\\/a-propos-de-nous\\\/\",\"url\":\"https:\\\/\\\/orizon-solutions.com\\\/fr\\\/a-propos-de-nous\\\/\",\"name\":\"A propos de Ontex & Orizon &#183; Orizon\",\"isPartOf\":{\"@id\":\"https:\\\/\\\/orizon-solutions.com\\\/fr\\\/#website\"},\"primaryImageOfPage\":{\"@id\":\"https:\\\/\\\/orizon-solutions.com\\\/fr\\\/a-propos-de-nous\\\/#primaryimage\"},\"image\":{\"@id\":\"https:\\\/\\\/orizon-solutions.com\\\/fr\\\/a-propos-de-nous\\\/#primaryimage\"},\"thumbnailUrl\":\"https:\\\/\\\/orizon-solutions.com\\\/wp-content\\\/uploads\\\/2021\\\/09\\\/about-1.jpg\",\"datePublished\":\"2021-10-18T10:31:50+00:00\",\"dateModified\":\"2022-05-19T14:32:37+00:00\",\"description\":\"Notre objectif est non seulement de limiter les d\u00e9sagr\u00e9ments li\u00e9s \u00e0 l'incontinence, mais aussi de d\u00e9velopper des outils et des solutions pour une meilleure pr\u00e9vention et sensibilisation.\u200b\",\"breadcrumb\":{\"@id\":\"https:\\\/\\\/orizon-solutions.com\\\/fr\\\/a-propos-de-nous\\\/#breadcrumb\"},\"inLanguage\":\"fr-FR\",\"potentialAction\":[{\"@type\":\"ReadAction\",\"target\":[\"https:\\\/\\\/orizon-solutions.com\\\/fr\\\/a-propos-de-nous\\\/\"]}]},{\"@type\":\"ImageObject\",\"inLanguage\":\"fr-FR\",\"@id\":\"https:\\\/\\\/orizon-solutions.com\\\/fr\\\/a-propos-de-nous\\\/#primaryimage\",\"url\":\"https:\\\/\\\/orizon-solutions.com\\\/wp-content\\\/uploads\\\/2021\\\/09\\\/about-1.jpg\",\"contentUrl\":\"https:\\\/\\\/orizon-solutions.com\\\/wp-content\\\/uploads\\\/2021\\\/09\\\/about-1.jpg\",\"width\":800,\"height\":450,\"caption\":\"Factory worker\"},{\"@type\":\"BreadcrumbList\",\"@id\":\"https:\\\/\\\/orizon-solutions.com\\\/fr\\\/a-propos-de-nous\\\/#breadcrumb\",\"itemListElement\":[{\"@type\":\"ListItem\",\"position\":1,\"name\":\"Accueil\",\"item\":\"https:\\\/\\\/orizon-solutions.com\\\/fr\\\/\"},{\"@type\":\"ListItem\",\"position\":2,\"name\":\"\u00c0 propos de nous\"}]},{\"@type\":\"WebSite\",\"@id\":\"https:\\\/\\\/orizon-solutions.com\\\/fr\\\/#website\",\"url\":\"https:\\\/\\\/orizon-solutions.com\\\/fr\\\/\",\"name\":\"Orizon\",\"description\":\"Smart Solutions\",\"publisher\":{\"@id\":\"https:\\\/\\\/orizon-solutions.com\\\/fr\\\/#organization\"},\"potentialAction\":[{\"@type\":\"SearchAction\",\"target\":{\"@type\":\"EntryPoint\",\"urlTemplate\":\"https:\\\/\\\/orizon-solutions.com\\\/fr\\\/?s={search_term_string}\"},\"query-input\":{\"@type\":\"PropertyValueSpecification\",\"valueRequired\":true,\"valueName\":\"search_term_string\"}}],\"inLanguage\":\"fr-FR\"},{\"@type\":\"Organization\",\"@id\":\"https:\\\/\\\/orizon-solutions.com\\\/fr\\\/#organization\",\"name\":\"Orizon\",\"url\":\"https:\\\/\\\/orizon-solutions.com\\\/fr\\\/\",\"logo\":{\"@type\":\"ImageObject\",\"inLanguage\":\"fr-FR\",\"@id\":\"https:\\\/\\\/orizon-solutions.com\\\/fr\\\/#\\\/schema\\\/logo\\\/image\\\/\",\"url\":\"https:\\\/\\\/orizon-solutions.com\\\/wp-content\\\/uploads\\\/2021\\\/09\\\/orizon-logo400.png\",\"contentUrl\":\"https:\\\/\\\/orizon-solutions.com\\\/wp-content\\\/uploads\\\/2021\\\/09\\\/orizon-logo400.png\",\"width\":400,\"height\":79,\"caption\":\"Orizon\"},\"image\":{\"@id\":\"https:\\\/\\\/orizon-solutions.com\\\/fr\\\/#\\\/schema\\\/logo\\\/image\\\/\"},\"sameAs\":[\"https:\\\/\\\/www.youtube.com\\\/channel\\\/UCKGKYYx3aomkfcL8bMyFDOg\"]}]}<\/script>\n<!-- \/ Yoast SEO Premium plugin. -->","yoast_head_json":{"title":"A propos de Ontex & Orizon &#183; Orizon","description":"Notre objectif est non seulement de limiter les d\u00e9sagr\u00e9ments li\u00e9s \u00e0 l'incontinence, mais aussi de d\u00e9velopper des outils et des solutions pour une meilleure pr\u00e9vention et sensibilisation.\u200b","robots":{"index":"index","follow":"follow","max-snippet":"max-snippet:-1","max-image-preview":"max-image-preview:large","max-video-preview":"max-video-preview:-1"},"canonical":"https:\/\/orizon-solutions.com\/fr\/a-propos-de-nous\/","og_locale":"fr_FR","og_type":"article","og_title":"Discover our smart solution \u00c0 propos de nous &#183; Orizon","og_description":"Notre objectif est non seulement de limiter les d\u00e9sagr\u00e9ments li\u00e9s \u00e0 l'incontinence, mais aussi de d\u00e9velopper des outils et des solutions pour une meilleure pr\u00e9vention et sensibilisation.\u200b","og_url":"https:\/\/orizon-solutions.com\/fr\/a-propos-de-nous\/","og_site_name":"Orizon","article_modified_time":"2022-05-19T14:32:37+00:00","og_image":[{"width":800,"height":450,"url":"https:\/\/orizon-solutions.com\/wp-content\/uploads\/2021\/09\/about-1.jpg","type":"image\/jpeg"}],"twitter_card":"summary_large_image","twitter_misc":{"Dur\u00e9e de lecture estim\u00e9e":"2 minutes"},"schema":{"@context":"https:\/\/schema.org","@graph":[{"@type":"WebPage","@id":"https:\/\/orizon-solutions.com\/fr\/a-propos-de-nous\/","url":"https:\/\/orizon-solutions.com\/fr\/a-propos-de-nous\/","name":"A propos de Ontex & Orizon &#183; Orizon","isPartOf":{"@id":"https:\/\/orizon-solutions.com\/fr\/#website"},"primaryImageOfPage":{"@id":"https:\/\/orizon-solutions.com\/fr\/a-propos-de-nous\/#primaryimage"},"image":{"@id":"https:\/\/orizon-solutions.com\/fr\/a-propos-de-nous\/#primaryimage"},"thumbnailUrl":"https:\/\/orizon-solutions.com\/wp-content\/uploads\/2021\/09\/about-1.jpg","datePublished":"2021-10-18T10:31:50+00:00","dateModified":"2022-05-19T14:32:37+00:00","description":"Notre objectif est non seulement de limiter les d\u00e9sagr\u00e9ments li\u00e9s \u00e0 l'incontinence, mais aussi de d\u00e9velopper des outils et des solutions pour une meilleure pr\u00e9vention et sensibilisation.\u200b","breadcrumb":{"@id":"https:\/\/orizon-solutions.com\/fr\/a-propos-de-nous\/#breadcrumb"},"inLanguage":"fr-FR","potentialAction":[{"@type":"ReadAction","target":["https:\/\/orizon-solutions.com\/fr\/a-propos-de-nous\/"]}]},{"@type":"ImageObject","inLanguage":"fr-FR","@id":"https:\/\/orizon-solutions.com\/fr\/a-propos-de-nous\/#primaryimage","url":"https:\/\/orizon-solutions.com\/wp-content\/uploads\/2021\/09\/about-1.jpg","contentUrl":"https:\/\/orizon-solutions.com\/wp-content\/uploads\/2021\/09\/about-1.jpg","width":800,"height":450,"caption":"Factory worker"},{"@type":"BreadcrumbList","@id":"https:\/\/orizon-solutions.com\/fr\/a-propos-de-nous\/#breadcrumb","itemListElement":[{"@type":"ListItem","position":1,"name":"Accueil","item":"https:\/\/orizon-solutions.com\/fr\/"},{"@type":"ListItem","position":2,"name":"\u00c0 propos de nous"}]},{"@type":"WebSite","@id":"https:\/\/orizon-solutions.com\/fr\/#website","url":"https:\/\/orizon-solutions.com\/fr\/","name":"Orizon","description":"Smart Solutions","publisher":{"@id":"https:\/\/orizon-solutions.com\/fr\/#organization"},"potentialAction":[{"@type":"SearchAction","target":{"@type":"EntryPoint","urlTemplate":"https:\/\/orizon-solutions.com\/fr\/?s={search_term_string}"},"query-input":{"@type":"PropertyValueSpecification","valueRequired":true,"valueName":"search_term_string"}}],"inLanguage":"fr-FR"},{"@type":"Organization","@id":"https:\/\/orizon-solutions.com\/fr\/#organization","name":"Orizon","url":"https:\/\/orizon-solutions.com\/fr\/","logo":{"@type":"ImageObject","inLanguage":"fr-FR","@id":"https:\/\/orizon-solutions.com\/fr\/#\/schema\/logo\/image\/","url":"https:\/\/orizon-solutions.com\/wp-content\/uploads\/2021\/09\/orizon-logo400.png","contentUrl":"https:\/\/orizon-solutions.com\/wp-content\/uploads\/2021\/09\/orizon-logo400.png","width":400,"height":79,"caption":"Orizon"},"image":{"@id":"https:\/\/orizon-solutions.com\/fr\/#\/schema\/logo\/image\/"},"sameAs":["https:\/\/www.youtube.com\/channel\/UCKGKYYx3aomkfcL8bMyFDOg"]}]}},"_links":{"self":[{"href":"https:\/\/orizon-solutions.com\/fr\/wp-json\/wp\/v2\/pages\/1055","targetHints":{"allow":["GET"]}}],"collection":[{"href":"https:\/\/orizon-solutions.com\/fr\/wp-json\/wp\/v2\/pages"}],"about":[{"href":"https:\/\/orizon-solutions.com\/fr\/wp-json\/wp\/v2\/types\/page"}],"author":[{"embeddable":true,"href":"https:\/\/orizon-solutions.com\/fr\/wp-json\/wp\/v2\/users\/3"}],"replies":[{"embeddable":true,"href":"https:\/\/orizon-solutions.com\/fr\/wp-json\/wp\/v2\/comments?post=1055"}],"version-history":[{"count":0,"href":"https:\/\/orizon-solutions.com\/fr\/wp-json\/wp\/v2\/pages\/1055\/revisions"}],"wp:featuredmedia":[{"embeddable":true,"href":"https:\/\/orizon-solutions.com\/fr\/wp-json\/wp\/v2\/media\/452"}],"wp:attachment":[{"href":"https:\/\/orizon-solutions.com\/fr\/wp-json\/wp\/v2\/media?parent=1055"}],"curies":[{"name":"wp","href":"https:\/\/api.w.org\/{rel}","templated":true}]}}