{"id":1053,"date":"2021-10-18T12:29:51","date_gmt":"2021-10-18T10:29:51","guid":{"rendered":"https:\/\/orizonprod.wpengine.com\/?page_id=1053"},"modified":"2023-06-01T13:54:34","modified_gmt":"2023-06-01T11:54:34","slug":"home","status":"publish","type":"page","link":"https:\/\/orizon-solutions.com\/fr\/","title":{"rendered":"Home"},"content":{"rendered":"<section class=\"wpb-content-wrapper\"><p>[vc_row heading_color=\u00a0\u00bbdark\u00a0\u00bb padding_top_multiplier=\u00a0\u00bb3x\u00a0\u00bb padding_bottom_multiplier=\u00a0\u00bb3x\u00a0\u00bb columns_gap=\u00a0\u00bb60&Prime;][vc_column width=\u00a0\u00bb1\/2&Prime; el_class=\u00a0\u00bboz-home-we\u00a0\u00bb]<h2 class=\"grve-element grve-title grve-align-left grve-animated-item grve-duration-normal grve-fade-in-left grve-h3 oz-title1 oz-title\" style=\"\" data-delay=\"200\"><span>Qui nous sommes<\/span><\/h2>[vc_column_text text_style=\u00a0\u00bbleader-text\u00a0\u00bb animation=\u00a0\u00bbgrve-fade-in-left-big\u00a0\u00bb]\u00a0\u00bbChez Ontex, nous cr\u00e9ons un monde o\u00f9 chacun peut faire face aux nombreux changements de la vie.\u200b<\/p>\n<p>Avec nos partenaires, nous allons plus loin et nous innovons pour que les choses changent, afin de permettre une prise en soin de meilleure qualit\u00e9, plus efficace et plus digne.\u200b \u00a0\u00bb<\/p>\n<p><a href=\"\/fr\/a-propos-de-nous\/\">En savoir plus sur nous<\/a>[\/vc_column_text][\/vc_column][vc_column width=\u00a0\u00bb1\/2&Prime; el_class=\u00a0\u00bboz-home-mission\u00a0\u00bb]<h2 class=\"grve-element grve-title grve-align-left grve-animated-item grve-duration-normal grve-fade-in-right grve-h3 oz-title2 oz-title\" style=\"\" data-delay=\"200\"><span>Notre mission<\/span><\/h2>[vc_column_text text_style=\u00a0\u00bbleader-text\u00a0\u00bb animation=\u00a0\u00bbgrve-fade-in-right-big\u00a0\u00bb]<em>Nous r\u00e9inventons collectivement la prise en soin de la continence aujourd&rsquo;hui, pour demain.<\/em><\/p>\n<p>Notre mission est d&rsquo;offrir des services et des outils et de d\u00e9velopper une nouvelle gamme de solutions connect\u00e9es pour faciliter la vie des personnes incontinentes et am\u00e9liorer la qualit\u00e9 des soins. \u00ab\u00a0[\/vc_column_text][\/vc_column][\/vc_row][vc_row heading_color=\u00a0\u00bblight\u00a0\u00bb padding_top_multiplier=\u00a0\u00bb4x\u00a0\u00bb padding_bottom_multiplier=\u00a0\u00bb3x\u00a0\u00bb columns_gap=\u00a0\u00bb45&Prime; equal_column_height=\u00a0\u00bbmiddle-content\u00a0\u00bb mobile_equal_column_height=\u00a0\u00bbfalse\u00a0\u00bb font_color=\u00a0\u00bb#ffffff\u00a0\u00bb el_class=\u00a0\u00bboz-gradient-style1 oz-circles-bg\u00a0\u00bb][vc_column width=\u00a0\u00bb1\/2&Prime;]<div class=\"grve-element grve-image grve-clipping-up grve-clipping-animation grve-align-left\" style=\"\" data-delay=\"200\">  <div class=\"grve-image-wrapper\"><picture><source srcset=\"https:\/\/orizon-solutions.com\/wp-content\/uploads\/2021\/09\/devices.png.webp 738w, https:\/\/orizon-solutions.com\/wp-content\/uploads\/2021\/09\/devices-300x211.png.webp 300w\" sizes=\"auto, (max-width: 738px) 100vw, 738px\" type=\"image\/webp\"><img loading=\"lazy\" decoding=\"async\" width=\"738\" height=\"520\" src=\"https:\/\/orizon-solutions.com\/wp-content\/uploads\/2021\/09\/devices.png\" class=\"attachment-full size-full webpexpress-processed\" alt=\"iphone mac and orizon tag in image\" srcset=\"https:\/\/orizon-solutions.com\/wp-content\/uploads\/2021\/09\/devices.png 738w, https:\/\/orizon-solutions.com\/wp-content\/uploads\/2021\/09\/devices-300x211.png 300w\" sizes=\"auto, (max-width: 738px) 100vw, 738px\"><\/picture>   <\/div><\/div>[\/vc_column][vc_column width=\u00a0\u00bb1\/2&Prime;]<h2 class=\"grve-element grve-title grve-align-left grve-animated-item grve-duration-normal grve-fade-in-right grve-h2 mb-24 mobile-centered\" style=\"\" data-delay=\"200\"><span>Nous r\u00e9inventons la fa\u00e7on dont nous nous occupons de nos personnes \u00e2g\u00e9es <\/span><\/h2>[vc_column_text text_style=\u00a0\u00bbleader-text\u00a0\u00bb animation=\u00a0\u00bbgrve-fade-in-right-big\u00a0\u00bb el_class=\u00a0\u00bbmobile-centered\u00a0\u00bb]Nous avons cr\u00e9\u00e9 notre premi\u00e8re solution brevet\u00e9e innovante et simple \u00e0 utiliser de prise en soin connect\u00e9e de la continence, afin que les personnes \u00e2g\u00e9es puissent b\u00e9n\u00e9ficier de meilleurs soins dans les maisons de retraite. Gr\u00e2ce \u00e0 notre solution, les aidants et les soignants peuvent travailler de fa\u00e7on plus efficace et adapter les soins aux besoins des r\u00e9sidents.\u200b [\/vc_column_text]<div class=\"grve-element grve-align-left oz-btn-wrapper oz-btn-spaced mobile-centered\"><a href=\"https:\/\/orizon-solutions.com\/fr\/orizon-smart\/\" title=\"Notre solution connect\u00e9e\" class=\"grve-btn grve-btn-medium grve-extra-round grve-bg-white grve-bg-hover-white grve-btn-line oz-btn-transparent oz-transparent-white oz-home-discover-btn oz-home-discover-btn-fr\"><span>En savoir plus sur notre solution connect\u00e9e<\/span><\/a><\/div>[\/vc_column][\/vc_row][vc_row padding_top_multiplier=\u00a0\u00bb3x\u00a0\u00bb padding_bottom_multiplier=\u00a0\u00bb3x\u00a0\u00bb section_id=\u00a0\u00bboz-home-blog\u00a0\u00bb el_class=\u00a0\u00bboz-gradient-style8 oz-circles-bg5&Prime;][vc_column clipping_animation=\u00a0\u00bbclipping-up\u00a0\u00bb]<h2 class=\"grve-element grve-title grve-align-center grve-h2 bolder-title\" style=\"margin-bottom: 30px;\"><span>Nos derni\u00e8res actualit\u00e9s<\/span><\/h2>[vc_widget_sidebar sidebar_id=\u00a0\u00bbmovedo_grve_sidebar_63f7975bd5191&Prime;]<div class=\"grve-element grve-align-center oz-btn-wrapper-xs oz-btn-spaced mobile-centered hide-overflow\"><a href=\"https:\/\/orizon-solutions.com\/fr\/actualites\/\" title=\"News\" class=\"grve-btn grve-btn-medium grve-extra-round grve-bg-primary-1 grve-bg-hover-white grve-btn-line oz-btn-transparent oz-transparent-blue hide-overflow oz-solution-contact-btn oz-solution-contact-btn-en\"><span>Consulter nos actualit\u00e9s<\/span><\/a><\/div>[\/vc_column][\/vc_row][vc_row padding_top_multiplier=\u00a0\u00bb2x\u00a0\u00bb padding_bottom_multiplier=\u00a0\u00bb2x\u00a0\u00bb equal_column_height=\u00a0\u00bbmiddle-content\u00a0\u00bb mobile_equal_column_height=\u00a0\u00bbfalse\u00a0\u00bb el_class=\u00a0\u00bbhome-discover\u00a0\u00bb][vc_column width=\u00a0\u00bb1\/2&Prime;]<h2 class=\"grve-element grve-title grve-align-left grve-h2 oz-title3 mobile-centered\" style=\"\"><span>Vous voulez en savoir plus sur nos marques d&rsquo;hygi\u00e8ne pour adulte\u00a0?<\/span><\/h2>[\/vc_column][vc_column width=\u00a0\u00bb1\/2&Prime; el_class=\u00a0\u00bbhome-discover-right\u00a0\u00bb][vc_row_inner el_class=\u00a0\u00bbdiscover-link\u00a0\u00bb][vc_column_inner]<div class=\"grve-element grve-image grve-align-center\" style=\"\">  <div class=\"grve-image-wrapper\"><picture><source srcset=\"https:\/\/orizon-solutions.com\/wp-content\/uploads\/2021\/10\/id-logo-2.png.webp\" type=\"image\/webp\"><img loading=\"lazy\" decoding=\"async\" width=\"90\" height=\"60\" src=\"https:\/\/orizon-solutions.com\/wp-content\/uploads\/2021\/10\/id-logo-2.png\" class=\"attachment-full size-full webpexpress-processed\" alt=\"ID logo\"><\/picture>   <\/div><\/div>[vc_column_text text_style=\u00a0\u00bbleader-text\u00a0\u00bb animation_duration=\u00a0\u00bbfast\u00a0\u00bb]Des solutions invisibles pour une vie \u00e9panouie<br \/>\n<a href=\"https:\/\/www.id-direct.com\/franceb2c\/fr\/index.html\" target=\"_blank\" rel=\"noopener\">Visitez le site Internet d&rsquo;iD<\/a>[\/vc_column_text][\/vc_column_inner][\/vc_row_inner][vc_row_inner el_class=\u00a0\u00bbdiscover-link\u00a0\u00bb][vc_column_inner]<div class=\"grve-element grve-image grve-align-center\" style=\"\">  <div class=\"grve-image-wrapper\"><img loading=\"lazy\" decoding=\"async\" width=\"100\" height=\"43\" src=\"https:\/\/orizon-solutions.com\/wp-content\/uploads\/2021\/09\/Serenity.svg\" class=\"attachment-full size-full\" alt=\"Serenity logo\" \/>   <\/div><\/div>[vc_column_text text_style=\u00a0\u00bbleader-text\u00a0\u00bb animation_delay=\u00a0\u00bb400&Prime; animation_duration=\u00a0\u00bbfast\u00a0\u00bb]Des solutions pour une vie plus harmonieuse \u00e0 l&rsquo;int\u00e9rieur et autour de vous<br \/>\n<a href=\"https:\/\/serenity-care.com\/\" target=\"_blank\" rel=\"noopener\">Visitez le site Internet de Serenity <\/a>[\/vc_column_text][\/vc_column_inner][\/vc_row_inner][vc_row_inner el_class=\u00a0\u00bbdiscover-link\u00a0\u00bb][vc_column_inner]<div class=\"grve-element grve-image grve-align-center\" style=\"\">  <div class=\"grve-image-wrapper\"><img loading=\"lazy\" decoding=\"async\" width=\"84\" height=\"59\" src=\"https:\/\/orizon-solutions.com\/wp-content\/uploads\/2021\/09\/Lille.svg\" class=\"attachment-full size-full\" alt=\"Lille logo\" \/>   <\/div><\/div>[vc_column_text text_style=\u00a0\u00bbleader-text\u00a0\u00bb animation_delay=\u00a0\u00bb600&Prime; animation_duration=\u00a0\u00bbfast\u00a0\u00bb]Profitez pleinement de la vie<br \/>\n<a href=\"https:\/\/lillehealthcare.com\/fr\/\" target=\"_blank\" rel=\"noopener\">Visitez le site Internet de Lille <\/a>[\/vc_column_text][\/vc_column_inner][\/vc_row_inner][\/vc_column][\/vc_row][vc_row heading_color=\u00a0\u00bblight\u00a0\u00bb section_type=\u00a0\u00bbfullwidth\u00a0\u00bb bg_type=\u00a0\u00bbcolor\u00a0\u00bb padding_top_multiplier=\u00a0\u00bb\u00a0\u00bb padding_bottom_multiplier=\u00a0\u00bb\u00a0\u00bb columns_gap=\u00a0\u00bbnone\u00a0\u00bb equal_column_height=\u00a0\u00bbequal-column\u00a0\u00bb mobile_equal_column_height=\u00a0\u00bbfalse\u00a0\u00bb font_color=\u00a0\u00bb#000000&Prime; bg_color=\u00a0\u00bb#f1f2f7&Prime; el_class=\u00a0\u00bbhome-horizon\u00a0\u00bb][vc_column width=\u00a0\u00bb1\/2&Prime; el_class=\u00a0\u00bbsmaller-half home-bottom-left\u00a0\u00bb]<div class=\"grve-element grve-image image-bg-desktop grve-align-right grve-full-image grve-image-space-100\" style=\"\">  <div class=\"grve-image-wrapper\"><picture><source srcset=\"https:\/\/orizon-solutions.com\/wp-content\/uploads\/2021\/10\/lady-img2.jpg.webp 700w, https:\/\/orizon-solutions.com\/wp-content\/uploads\/2021\/10\/lady-img2-267x300.jpg.webp 267w\" sizes=\"auto, (max-width: 700px) 100vw, 700px\" type=\"image\/webp\"><img loading=\"lazy\" decoding=\"async\" width=\"700\" height=\"787\" src=\"https:\/\/orizon-solutions.com\/wp-content\/uploads\/2021\/10\/lady-img2.jpg\" class=\"grve-extra-round attachment-full size-full webpexpress-processed\" alt=\"lady in pink sweatshirt\" srcset=\"https:\/\/orizon-solutions.com\/wp-content\/uploads\/2021\/10\/lady-img2.jpg 700w, https:\/\/orizon-solutions.com\/wp-content\/uploads\/2021\/10\/lady-img2-267x300.jpg 267w\" sizes=\"auto, (max-width: 700px) 100vw, 700px\"><\/picture>   <\/div><\/div>[\/vc_column][vc_column width=\u00a0\u00bb1\/2&Prime; el_class=\u00a0\u00bblarger-half home-bottom-right\u00a0\u00bb]<div class=\"grve-element grve-image mobile-centered grve-align-center\" style=\"margin-bottom: 32px;\">  <div class=\"grve-image-wrapper\"><img loading=\"lazy\" decoding=\"async\" width=\"85\" height=\"84\" src=\"https:\/\/orizon-solutions.com\/wp-content\/uploads\/2021\/10\/quotes-2.svg\" class=\"attachment-full size-full\" alt=\"quotes\" \/>   <\/div><\/div>[vc_column_text text_style=\u00a0\u00bbsubtitle\u00a0\u00bb animation=\u00a0\u00bbgrve-fade-in\u00a0\u00bb el_class=\u00a0\u00bbmobile-centered\u00a0\u00bb]<em>Pour un monde nouveau o\u00f9 toutes les personnes incontinentes ont droit au bien-\u00eatre.\u200b\u200b\u200b<\/em>[\/vc_column_text]<div class=\"grve-element grve-image grve-align-right\" style=\"\">  <div class=\"grve-image-wrapper\"><img loading=\"lazy\" decoding=\"async\" width=\"139\" height=\"51\" src=\"https:\/\/orizon-solutions.com\/wp-content\/uploads\/2021\/09\/figure1.svg\" class=\"attachment-full size-full\" alt=\"colorful figure\" \/>   <\/div><\/div>[\/vc_column][\/vc_row]<\/p>\n<\/section>","protected":false},"excerpt":{"rendered":"<p>[vc_row heading_color=\u00a0\u00bbdark\u00a0\u00bb padding_top_multiplier=\u00a0\u00bb3x\u00a0\u00bb padding_bottom_multiplier=\u00a0\u00bb3x\u00a0\u00bb columns_gap=\u00a0\u00bb60&Prime;][vc_column width=\u00a0\u00bb1\/2&Prime; el_class=\u00a0\u00bboz-home-we\u00a0\u00bb][vc_column_text text_style=\u00a0\u00bbleader-text\u00a0\u00bb animation=\u00a0\u00bbgrve-fade-in-left-big\u00a0\u00bb]\u00a0\u00bbChez Ontex, nous cr\u00e9ons un monde o\u00f9 chacun peut faire face aux nombreux changements de la vie.\u200b Avec nos partenaires, nous allons plus loin et nous innovons pour que les choses changent, afin de permettre une prise en soin de meilleure qualit\u00e9, plus efficace et plus digne.\u200b [&hellip;]<\/p>\n","protected":false},"author":3,"featured_media":458,"parent":0,"menu_order":0,"comment_status":"closed","ping_status":"closed","template":"","meta":{"_acf_changed":false,"inline_featured_image":false,"footnotes":""},"class_list":["post-1053","page","type-page","status-publish","has-post-thumbnail","hentry"],"acf":[],"yoast_head":"<!-- This site is optimized with the Yoast SEO Premium plugin v27.5 (Yoast SEO v27.5) - https:\/\/yoast.com\/product\/yoast-seo-premium-wordpress\/ -->\n<title>En savoir plus sur notre solution connect\u00e9e &#183; Orizon<\/title>\n<meta name=\"description\" content=\"Nous avons cr\u00e9\u00e9 notre premi\u00e8re solution brevet\u00e9e innovante et simple \u00e0 utiliser de prise en soin connect\u00e9e de la continence, afin que les personnes \u00e2g\u00e9es puissent b\u00e9n\u00e9ficier de meilleurs soins dans les maisons de retraite.\" \/>\n<meta name=\"robots\" content=\"index, follow, max-snippet:-1, max-image-preview:large, max-video-preview:-1\" \/>\n<link rel=\"canonical\" href=\"https:\/\/orizon-solutions.com\/fr\/\" \/>\n<meta property=\"og:locale\" content=\"fr_FR\" \/>\n<meta property=\"og:type\" content=\"article\" \/>\n<meta property=\"og:title\" content=\"Discover our smart solution Home &#183; Orizon\" \/>\n<meta property=\"og:description\" content=\"Nous avons cr\u00e9\u00e9 notre premi\u00e8re solution brevet\u00e9e innovante et simple \u00e0 utiliser de prise en soin connect\u00e9e de la continence, afin que les personnes \u00e2g\u00e9es puissent b\u00e9n\u00e9ficier de meilleurs soins dans les maisons de retraite.\" \/>\n<meta property=\"og:url\" content=\"https:\/\/orizon-solutions.com\/fr\/\" \/>\n<meta property=\"og:site_name\" content=\"Orizon\" \/>\n<meta property=\"article:modified_time\" content=\"2023-06-01T11:54:34+00:00\" \/>\n<meta property=\"og:image\" content=\"https:\/\/orizon-solutions.com\/wp-content\/uploads\/2021\/09\/about-2.jpg\" \/>\n\t<meta property=\"og:image:width\" content=\"800\" \/>\n\t<meta property=\"og:image:height\" content=\"430\" \/>\n\t<meta property=\"og:image:type\" content=\"image\/jpeg\" \/>\n<meta name=\"twitter:card\" content=\"summary_large_image\" \/>\n<meta name=\"twitter:label1\" content=\"Dur\u00e9e de lecture estim\u00e9e\" \/>\n\t<meta name=\"twitter:data1\" content=\"2 minutes\" \/>\n<script type=\"application\/ld+json\" class=\"yoast-schema-graph\">{\"@context\":\"https:\\\/\\\/schema.org\",\"@graph\":[{\"@type\":\"WebPage\",\"@id\":\"https:\\\/\\\/orizon-solutions.com\\\/fr\\\/\",\"url\":\"https:\\\/\\\/orizon-solutions.com\\\/fr\\\/\",\"name\":\"En savoir plus sur notre solution connect\u00e9e &#183; Orizon\",\"isPartOf\":{\"@id\":\"https:\\\/\\\/orizon-solutions.com\\\/fr\\\/#website\"},\"primaryImageOfPage\":{\"@id\":\"https:\\\/\\\/orizon-solutions.com\\\/fr\\\/#primaryimage\"},\"image\":{\"@id\":\"https:\\\/\\\/orizon-solutions.com\\\/fr\\\/#primaryimage\"},\"thumbnailUrl\":\"https:\\\/\\\/orizon-solutions.com\\\/wp-content\\\/uploads\\\/2021\\\/09\\\/about-2.jpg\",\"datePublished\":\"2021-10-18T10:29:51+00:00\",\"dateModified\":\"2023-06-01T11:54:34+00:00\",\"description\":\"Nous avons cr\u00e9\u00e9 notre premi\u00e8re solution brevet\u00e9e innovante et simple \u00e0 utiliser de prise en soin connect\u00e9e de la continence, afin que les personnes \u00e2g\u00e9es puissent b\u00e9n\u00e9ficier de meilleurs soins dans les maisons de retraite.\",\"breadcrumb\":{\"@id\":\"https:\\\/\\\/orizon-solutions.com\\\/fr\\\/#breadcrumb\"},\"inLanguage\":\"fr-FR\",\"potentialAction\":[{\"@type\":\"ReadAction\",\"target\":[\"https:\\\/\\\/orizon-solutions.com\\\/fr\\\/\"]}]},{\"@type\":\"ImageObject\",\"inLanguage\":\"fr-FR\",\"@id\":\"https:\\\/\\\/orizon-solutions.com\\\/fr\\\/#primaryimage\",\"url\":\"https:\\\/\\\/orizon-solutions.com\\\/wp-content\\\/uploads\\\/2021\\\/09\\\/about-2.jpg\",\"contentUrl\":\"https:\\\/\\\/orizon-solutions.com\\\/wp-content\\\/uploads\\\/2021\\\/09\\\/about-2.jpg\",\"width\":800,\"height\":430,\"caption\":\"Smart tag\"},{\"@type\":\"BreadcrumbList\",\"@id\":\"https:\\\/\\\/orizon-solutions.com\\\/fr\\\/#breadcrumb\",\"itemListElement\":[{\"@type\":\"ListItem\",\"position\":1,\"name\":\"Accueil\",\"item\":\"https:\\\/\\\/orizon-solutions.com\\\/fr\\\/\"},{\"@type\":\"ListItem\",\"position\":2,\"name\":\"Home\"}]},{\"@type\":\"WebSite\",\"@id\":\"https:\\\/\\\/orizon-solutions.com\\\/fr\\\/#website\",\"url\":\"https:\\\/\\\/orizon-solutions.com\\\/fr\\\/\",\"name\":\"Orizon\",\"description\":\"Smart Solutions\",\"publisher\":{\"@id\":\"https:\\\/\\\/orizon-solutions.com\\\/fr\\\/#organization\"},\"potentialAction\":[{\"@type\":\"SearchAction\",\"target\":{\"@type\":\"EntryPoint\",\"urlTemplate\":\"https:\\\/\\\/orizon-solutions.com\\\/fr\\\/?s={search_term_string}\"},\"query-input\":{\"@type\":\"PropertyValueSpecification\",\"valueRequired\":true,\"valueName\":\"search_term_string\"}}],\"inLanguage\":\"fr-FR\"},{\"@type\":\"Organization\",\"@id\":\"https:\\\/\\\/orizon-solutions.com\\\/fr\\\/#organization\",\"name\":\"Orizon\",\"url\":\"https:\\\/\\\/orizon-solutions.com\\\/fr\\\/\",\"logo\":{\"@type\":\"ImageObject\",\"inLanguage\":\"fr-FR\",\"@id\":\"https:\\\/\\\/orizon-solutions.com\\\/fr\\\/#\\\/schema\\\/logo\\\/image\\\/\",\"url\":\"https:\\\/\\\/orizon-solutions.com\\\/wp-content\\\/uploads\\\/2021\\\/09\\\/orizon-logo400.png\",\"contentUrl\":\"https:\\\/\\\/orizon-solutions.com\\\/wp-content\\\/uploads\\\/2021\\\/09\\\/orizon-logo400.png\",\"width\":400,\"height\":79,\"caption\":\"Orizon\"},\"image\":{\"@id\":\"https:\\\/\\\/orizon-solutions.com\\\/fr\\\/#\\\/schema\\\/logo\\\/image\\\/\"},\"sameAs\":[\"https:\\\/\\\/www.youtube.com\\\/channel\\\/UCKGKYYx3aomkfcL8bMyFDOg\"]}]}<\/script>\n<!-- \/ Yoast SEO Premium plugin. -->","yoast_head_json":{"title":"En savoir plus sur notre solution connect\u00e9e &#183; Orizon","description":"Nous avons cr\u00e9\u00e9 notre premi\u00e8re solution brevet\u00e9e innovante et simple \u00e0 utiliser de prise en soin connect\u00e9e de la continence, afin que les personnes \u00e2g\u00e9es puissent b\u00e9n\u00e9ficier de meilleurs soins dans les maisons de retraite.","robots":{"index":"index","follow":"follow","max-snippet":"max-snippet:-1","max-image-preview":"max-image-preview:large","max-video-preview":"max-video-preview:-1"},"canonical":"https:\/\/orizon-solutions.com\/fr\/","og_locale":"fr_FR","og_type":"article","og_title":"Discover our smart solution Home &#183; Orizon","og_description":"Nous avons cr\u00e9\u00e9 notre premi\u00e8re solution brevet\u00e9e innovante et simple \u00e0 utiliser de prise en soin connect\u00e9e de la continence, afin que les personnes \u00e2g\u00e9es puissent b\u00e9n\u00e9ficier de meilleurs soins dans les maisons de retraite.","og_url":"https:\/\/orizon-solutions.com\/fr\/","og_site_name":"Orizon","article_modified_time":"2023-06-01T11:54:34+00:00","og_image":[{"width":800,"height":430,"url":"https:\/\/orizon-solutions.com\/wp-content\/uploads\/2021\/09\/about-2.jpg","type":"image\/jpeg"}],"twitter_card":"summary_large_image","twitter_misc":{"Dur\u00e9e de lecture estim\u00e9e":"2 minutes"},"schema":{"@context":"https:\/\/schema.org","@graph":[{"@type":"WebPage","@id":"https:\/\/orizon-solutions.com\/fr\/","url":"https:\/\/orizon-solutions.com\/fr\/","name":"En savoir plus sur notre solution connect\u00e9e &#183; Orizon","isPartOf":{"@id":"https:\/\/orizon-solutions.com\/fr\/#website"},"primaryImageOfPage":{"@id":"https:\/\/orizon-solutions.com\/fr\/#primaryimage"},"image":{"@id":"https:\/\/orizon-solutions.com\/fr\/#primaryimage"},"thumbnailUrl":"https:\/\/orizon-solutions.com\/wp-content\/uploads\/2021\/09\/about-2.jpg","datePublished":"2021-10-18T10:29:51+00:00","dateModified":"2023-06-01T11:54:34+00:00","description":"Nous avons cr\u00e9\u00e9 notre premi\u00e8re solution brevet\u00e9e innovante et simple \u00e0 utiliser de prise en soin connect\u00e9e de la continence, afin que les personnes \u00e2g\u00e9es puissent b\u00e9n\u00e9ficier de meilleurs soins dans les maisons de retraite.","breadcrumb":{"@id":"https:\/\/orizon-solutions.com\/fr\/#breadcrumb"},"inLanguage":"fr-FR","potentialAction":[{"@type":"ReadAction","target":["https:\/\/orizon-solutions.com\/fr\/"]}]},{"@type":"ImageObject","inLanguage":"fr-FR","@id":"https:\/\/orizon-solutions.com\/fr\/#primaryimage","url":"https:\/\/orizon-solutions.com\/wp-content\/uploads\/2021\/09\/about-2.jpg","contentUrl":"https:\/\/orizon-solutions.com\/wp-content\/uploads\/2021\/09\/about-2.jpg","width":800,"height":430,"caption":"Smart tag"},{"@type":"BreadcrumbList","@id":"https:\/\/orizon-solutions.com\/fr\/#breadcrumb","itemListElement":[{"@type":"ListItem","position":1,"name":"Accueil","item":"https:\/\/orizon-solutions.com\/fr\/"},{"@type":"ListItem","position":2,"name":"Home"}]},{"@type":"WebSite","@id":"https:\/\/orizon-solutions.com\/fr\/#website","url":"https:\/\/orizon-solutions.com\/fr\/","name":"Orizon","description":"Smart Solutions","publisher":{"@id":"https:\/\/orizon-solutions.com\/fr\/#organization"},"potentialAction":[{"@type":"SearchAction","target":{"@type":"EntryPoint","urlTemplate":"https:\/\/orizon-solutions.com\/fr\/?s={search_term_string}"},"query-input":{"@type":"PropertyValueSpecification","valueRequired":true,"valueName":"search_term_string"}}],"inLanguage":"fr-FR"},{"@type":"Organization","@id":"https:\/\/orizon-solutions.com\/fr\/#organization","name":"Orizon","url":"https:\/\/orizon-solutions.com\/fr\/","logo":{"@type":"ImageObject","inLanguage":"fr-FR","@id":"https:\/\/orizon-solutions.com\/fr\/#\/schema\/logo\/image\/","url":"https:\/\/orizon-solutions.com\/wp-content\/uploads\/2021\/09\/orizon-logo400.png","contentUrl":"https:\/\/orizon-solutions.com\/wp-content\/uploads\/2021\/09\/orizon-logo400.png","width":400,"height":79,"caption":"Orizon"},"image":{"@id":"https:\/\/orizon-solutions.com\/fr\/#\/schema\/logo\/image\/"},"sameAs":["https:\/\/www.youtube.com\/channel\/UCKGKYYx3aomkfcL8bMyFDOg"]}]}},"_links":{"self":[{"href":"https:\/\/orizon-solutions.com\/fr\/wp-json\/wp\/v2\/pages\/1053","targetHints":{"allow":["GET"]}}],"collection":[{"href":"https:\/\/orizon-solutions.com\/fr\/wp-json\/wp\/v2\/pages"}],"about":[{"href":"https:\/\/orizon-solutions.com\/fr\/wp-json\/wp\/v2\/types\/page"}],"author":[{"embeddable":true,"href":"https:\/\/orizon-solutions.com\/fr\/wp-json\/wp\/v2\/users\/3"}],"replies":[{"embeddable":true,"href":"https:\/\/orizon-solutions.com\/fr\/wp-json\/wp\/v2\/comments?post=1053"}],"version-history":[{"count":0,"href":"https:\/\/orizon-solutions.com\/fr\/wp-json\/wp\/v2\/pages\/1053\/revisions"}],"wp:featuredmedia":[{"embeddable":true,"href":"https:\/\/orizon-solutions.com\/fr\/wp-json\/wp\/v2\/media\/458"}],"wp:attachment":[{"href":"https:\/\/orizon-solutions.com\/fr\/wp-json\/wp\/v2\/media?parent=1053"}],"curies":[{"name":"wp","href":"https:\/\/api.w.org\/{rel}","templated":true}]}}