{"id":1533,"date":"2022-05-31T10:23:31","date_gmt":"2022-05-31T08:23:31","guid":{"rendered":"https:\/\/orizon-solutions.com\/?page_id=1533"},"modified":"2026-02-04T15:42:13","modified_gmt":"2026-02-04T14:42:13","slug":"ontex-hub","status":"publish","type":"page","link":"https:\/\/orizon-solutions.com\/es\/ontex-hub\/","title":{"rendered":"Ontex HUB"},"content":{"rendered":"<section class=\"wpb-content-wrapper\"><p>[vc_row padding_top_multiplier=\u00bb6x\u00bb padding_bottom_multiplier=\u00bb5x\u00bb el_class=\u00bboz-hub-section\u00bb][vc_column]<div class=\"grve-element grve-image grve-align-center\" style=\"margin-bottom: 35px;\">  <div class=\"grve-image-wrapper\"><img loading=\"lazy\" decoding=\"async\" width=\"470\" height=\"39\" src=\"https:\/\/orizon-solutions.com\/wp-content\/uploads\/2022\/05\/la-nueva-serenidad-logo.svg\" class=\"attachment-full size-full\" alt=\"La Nueva Serenidad Logo\" \/>   <\/div><\/div>[vc_row_inner][vc_column_inner el_class=\u00bboz-padding-12&#8243;][vc_column_text text_style=\u00bbleader-text\u00bb]<\/p>\n<p style=\"text-align: center;\">Ontex quiere estar al lado de los profesionales sanitarios y acompa\u00f1arles hacia La Nueva Normalidad. Para ello ha desarrollado la plataforma de servicios La Nueva Serenidad, un espacio exclusivo para profesionales sanitarios.<\/p>\n<p>[\/vc_column_text]<div class=\"grve-empty-space grve-height-2x\" style=\"\"><\/div><div class=\"grve-element grve-align-center\"><a href=\"https:\/\/lanuevaserenidad.com\/\" title=\"La Nueva Serenidad\" target=\"_blank\" rel=\"noopener noreferrer\" class=\"grve-btn grve-btn-medium grve-extra-round grve-bg-primary-1 grve-bg-hover-blue oz-nueva-link\"><span>Visita el sitio<\/span><\/a><\/div>[\/vc_column_inner][\/vc_row_inner][\/vc_column][\/vc_row][vc_row bg_type=\u00bbcolor\u00bb padding_top_multiplier=\u00bb\u00bb padding_bottom_multiplier=\u00bb4x\u00bb columns_gap=\u00bbnone\u00bb bg_color=\u00bb#f1f2f7&#8243; margin_bottom=\u00bb0&#8243;][vc_column][vc_row_inner el_class=\u00bbflex-row\u00bb][vc_column_inner width=\u00bb1\/6&#8243;][\/vc_column_inner][vc_column_inner width=\u00bb2\/3&#8243; el_class=\u00bboz-card-block\u00bb][vc_raw_html css=\u00bb.vc_custom_1651137264916{margin-bottom: 0px !important;}\u00bb]JTNDaWZyYW1lJTIwc3JjJTNEJTIyaHR0cHMlM0ElMkYlMkZwbGF5ZXIudmltZW8uY29tJTJGdmlkZW8lMkY3MDM4ODE4MzAlM0ZoJTNEMzAzNzQ5ODhlOSUyMiUyMHdpZHRoJTNEJTIyNjQwJTIyJTIwaGVpZ2h0JTNEJTIyMzYwJTIyJTIwZnJhbWVib3JkZXIlM0QlMjIwJTIyJTIwYWxsb3clM0QlMjJhdXRvcGxheSUzQiUyMGZ1bGxzY3JlZW4lM0IlMjBwaWN0dXJlLWluLXBpY3R1cmUlMjIlMjBhbGxvd2Z1bGxzY3JlZW4lM0UlM0MlMkZpZnJhbWUlM0U=[\/vc_raw_html][\/vc_column_inner][vc_column_inner width=\u00bb1\/6&#8243;][\/vc_column_inner][\/vc_row_inner]<div class=\"grve-empty-space grve-height-3x\" style=\"\"><\/div>[vc_row_inner][vc_column_inner el_class=\u00bboz-padding-12&#8243;]<h2 class=\"grve-element grve-title grve-align-left grve-h2\" style=\"margin-bottom: 33px;\"><span>D\u00e9janos guiarte hacia La Nueva Serenidad<\/span><\/h2>[vc_column_text]En ella podr\u00e1n disfrutar de peque\u00f1as dosis de serenidad a modo de actualidad, formaci\u00f3n acreditada, recursos, materiales y contenidos para desconectar y volver a conectar con su d\u00eda a d\u00eda. Adem\u00e1s, queremos implicarles en nuestra misi\u00f3n para hacer m\u00e1s visible la incontinencia urinaria y fomentar el diagn\u00f3stico y el tratamiento. En este sentido, ponemos a su disposici\u00f3n una gran variedad de recursos descargables as\u00ed como nuestra experiencia y amplia gama de productos sanitarios para tratar esta patolog\u00eda que afecta directamente a la calidad de vida de los pacientes.<\/p>\n<p>Para poder cuidar, hay que cuidarse, y qu\u00e9 mejor que hacerlo dedic\u00e1ndose tiempo en La Nueva Serenidad. Si eres profesional sanitario, accede y reg\u00edstrate para disfrutar de todas las ventajas de formar parte de nuestra comunidad, que ya cuenta con m\u00e1s de 1500 profesionales como t\u00fa.[\/vc_column_text][\/vc_column_inner][\/vc_row_inner][\/vc_column][\/vc_row]<\/p>\n<\/section>","protected":false},"excerpt":{"rendered":"<p>[vc_row padding_top_multiplier=\u00bb6x\u00bb padding_bottom_multiplier=\u00bb5x\u00bb el_class=\u00bboz-hub-section\u00bb][vc_column][vc_row_inner][vc_column_inner el_class=\u00bboz-padding-12&#8243;][vc_column_text text_style=\u00bbleader-text\u00bb] Ontex quiere estar al lado de los profesionales sanitarios y acompa\u00f1arles hacia La Nueva Normalidad. Para ello ha desarrollado la plataforma de servicios La Nueva Serenidad, un espacio exclusivo para profesionales sanitarios. [\/vc_column_text][\/vc_column_inner][\/vc_row_inner][\/vc_column][\/vc_row][vc_row bg_type=\u00bbcolor\u00bb padding_top_multiplier=\u00bb\u00bb padding_bottom_multiplier=\u00bb4x\u00bb columns_gap=\u00bbnone\u00bb bg_color=\u00bb#f1f2f7&#8243; margin_bottom=\u00bb0&#8243;][vc_column][vc_row_inner el_class=\u00bbflex-row\u00bb][vc_column_inner width=\u00bb1\/6&#8243;][\/vc_column_inner][vc_column_inner width=\u00bb2\/3&#8243; el_class=\u00bboz-card-block\u00bb][vc_raw_html css=\u00bb.vc_custom_1651137264916{margin-bottom: 0px !important;}\u00bb]JTNDaWZyYW1lJTIwc3JjJTNEJTIyaHR0cHMlM0ElMkYlMkZwbGF5ZXIudmltZW8uY29tJTJGdmlkZW8lMkY3MDM4ODE4MzAlM0ZoJTNEMzAzNzQ5ODhlOSUyMiUyMHdpZHRoJTNEJTIyNjQwJTIyJTIwaGVpZ2h0JTNEJTIyMzYwJTIyJTIwZnJhbWVib3JkZXIlM0QlMjIwJTIyJTIwYWxsb3clM0QlMjJhdXRvcGxheSUzQiUyMGZ1bGxzY3JlZW4lM0IlMjBwaWN0dXJlLWluLXBpY3R1cmUlMjIlMjBhbGxvd2Z1bGxzY3JlZW4lM0UlM0MlMkZpZnJhbWUlM0U=[\/vc_raw_html][\/vc_column_inner][vc_column_inner width=\u00bb1\/6&#8243;][\/vc_column_inner][\/vc_row_inner][vc_row_inner][vc_column_inner el_class=\u00bboz-padding-12&#8243;][vc_column_text]En ella [&hellip;]<\/p>\n","protected":false},"author":2,"featured_media":0,"parent":0,"menu_order":0,"comment_status":"closed","ping_status":"closed","template":"","meta":{"_acf_changed":false,"inline_featured_image":false,"footnotes":""},"class_list":["post-1533","page","type-page","status-publish","hentry"],"acf":[],"yoast_head":"<!-- This site is optimized with the Yoast SEO Premium plugin v27.5 (Yoast SEO v27.5) - https:\/\/yoast.com\/product\/yoast-seo-premium-wordpress\/ -->\n<title>Discover our smart solution Ontex HUB &#183; Orizon<\/title>\n<meta name=\"robots\" content=\"noindex, nofollow\" \/>\n<meta property=\"og:locale\" content=\"es_ES\" \/>\n<meta property=\"og:type\" content=\"article\" \/>\n<meta property=\"og:title\" content=\"Discover our smart solution Ontex HUB &#183; Orizon\" \/>\n<meta property=\"og:description\" content=\"[vc_row padding_top_multiplier=\u00bb6x\u00bb padding_bottom_multiplier=\u00bb5x\u00bb el_class=\u00bboz-hub-section\u00bb][vc_column][vc_row_inner][vc_column_inner el_class=\u00bboz-padding-12&#8243;][vc_column_text text_style=\u00bbleader-text\u00bb] Ontex quiere estar al lado de los profesionales sanitarios y acompa\u00f1arles hacia La Nueva Normalidad. Para ello ha desarrollado la plataforma de servicios La Nueva Serenidad, un espacio exclusivo para profesionales sanitarios. [\/vc_column_text][\/vc_column_inner][\/vc_row_inner][\/vc_column][\/vc_row][vc_row bg_type=\u00bbcolor\u00bb padding_top_multiplier=\u00bb\u00bb padding_bottom_multiplier=\u00bb4x\u00bb columns_gap=\u00bbnone\u00bb bg_color=\u00bb#f1f2f7&#8243; margin_bottom=\u00bb0&#8243;][vc_column][vc_row_inner el_class=\u00bbflex-row\u00bb][vc_column_inner width=\u00bb1\/6&#8243;][\/vc_column_inner][vc_column_inner width=\u00bb2\/3&#8243; el_class=\u00bboz-card-block\u00bb][vc_raw_html css=\u00bb.vc_custom_1651137264916{margin-bottom: 0px !important;}\u00bb]JTNDaWZyYW1lJTIwc3JjJTNEJTIyaHR0cHMlM0ElMkYlMkZwbGF5ZXIudmltZW8uY29tJTJGdmlkZW8lMkY3MDM4ODE4MzAlM0ZoJTNEMzAzNzQ5ODhlOSUyMiUyMHdpZHRoJTNEJTIyNjQwJTIyJTIwaGVpZ2h0JTNEJTIyMzYwJTIyJTIwZnJhbWVib3JkZXIlM0QlMjIwJTIyJTIwYWxsb3clM0QlMjJhdXRvcGxheSUzQiUyMGZ1bGxzY3JlZW4lM0IlMjBwaWN0dXJlLWluLXBpY3R1cmUlMjIlMjBhbGxvd2Z1bGxzY3JlZW4lM0UlM0MlMkZpZnJhbWUlM0U=[\/vc_raw_html][\/vc_column_inner][vc_column_inner width=\u00bb1\/6&#8243;][\/vc_column_inner][\/vc_row_inner][vc_row_inner][vc_column_inner el_class=\u00bboz-padding-12&#8243;][vc_column_text]En ella [&hellip;]\" \/>\n<meta property=\"og:url\" content=\"https:\/\/orizon-solutions.com\/es\/ontex-hub\/\" \/>\n<meta property=\"og:site_name\" content=\"Orizon\" \/>\n<meta property=\"article:modified_time\" content=\"2026-02-04T14:42:13+00:00\" \/>\n<meta property=\"og:image\" content=\"https:\/\/orizon-solutions.com\/wp-content\/uploads\/2021\/10\/KV_Orizon.jpg\" \/>\n\t<meta property=\"og:image:width\" content=\"681\" \/>\n\t<meta property=\"og:image:height\" content=\"618\" \/>\n\t<meta property=\"og:image:type\" content=\"image\/jpeg\" \/>\n<meta name=\"twitter:card\" content=\"summary_large_image\" \/>\n<meta name=\"twitter:label1\" content=\"Tiempo de lectura\" \/>\n\t<meta name=\"twitter:data1\" content=\"2 minutos\" \/>\n<script type=\"application\/ld+json\" class=\"yoast-schema-graph\">{\"@context\":\"https:\\\/\\\/schema.org\",\"@graph\":[{\"@type\":\"WebPage\",\"@id\":\"https:\\\/\\\/orizon-solutions.com\\\/es\\\/ontex-hub\\\/\",\"url\":\"https:\\\/\\\/orizon-solutions.com\\\/es\\\/ontex-hub\\\/\",\"name\":\"Discover our smart solution Ontex HUB &#183; Orizon\",\"isPartOf\":{\"@id\":\"https:\\\/\\\/orizon-solutions.com\\\/es\\\/#website\"},\"datePublished\":\"2022-05-31T08:23:31+00:00\",\"dateModified\":\"2026-02-04T14:42:13+00:00\",\"breadcrumb\":{\"@id\":\"https:\\\/\\\/orizon-solutions.com\\\/es\\\/ontex-hub\\\/#breadcrumb\"},\"inLanguage\":\"es\",\"potentialAction\":[{\"@type\":\"ReadAction\",\"target\":[\"https:\\\/\\\/orizon-solutions.com\\\/es\\\/ontex-hub\\\/\"]}]},{\"@type\":\"BreadcrumbList\",\"@id\":\"https:\\\/\\\/orizon-solutions.com\\\/es\\\/ontex-hub\\\/#breadcrumb\",\"itemListElement\":[{\"@type\":\"ListItem\",\"position\":1,\"name\":\"P\u00e1gina principal\",\"item\":\"https:\\\/\\\/orizon-solutions.com\\\/es\\\/\"},{\"@type\":\"ListItem\",\"position\":2,\"name\":\"Ontex HUB\"}]},{\"@type\":\"WebSite\",\"@id\":\"https:\\\/\\\/orizon-solutions.com\\\/es\\\/#website\",\"url\":\"https:\\\/\\\/orizon-solutions.com\\\/es\\\/\",\"name\":\"Orizon\",\"description\":\"Smart Solutions\",\"publisher\":{\"@id\":\"https:\\\/\\\/orizon-solutions.com\\\/es\\\/#organization\"},\"potentialAction\":[{\"@type\":\"SearchAction\",\"target\":{\"@type\":\"EntryPoint\",\"urlTemplate\":\"https:\\\/\\\/orizon-solutions.com\\\/es\\\/?s={search_term_string}\"},\"query-input\":{\"@type\":\"PropertyValueSpecification\",\"valueRequired\":true,\"valueName\":\"search_term_string\"}}],\"inLanguage\":\"es\"},{\"@type\":\"Organization\",\"@id\":\"https:\\\/\\\/orizon-solutions.com\\\/es\\\/#organization\",\"name\":\"Orizon\",\"url\":\"https:\\\/\\\/orizon-solutions.com\\\/es\\\/\",\"logo\":{\"@type\":\"ImageObject\",\"inLanguage\":\"es\",\"@id\":\"https:\\\/\\\/orizon-solutions.com\\\/es\\\/#\\\/schema\\\/logo\\\/image\\\/\",\"url\":\"https:\\\/\\\/orizon-solutions.com\\\/wp-content\\\/uploads\\\/2021\\\/09\\\/orizon-logo400.png\",\"contentUrl\":\"https:\\\/\\\/orizon-solutions.com\\\/wp-content\\\/uploads\\\/2021\\\/09\\\/orizon-logo400.png\",\"width\":400,\"height\":79,\"caption\":\"Orizon\"},\"image\":{\"@id\":\"https:\\\/\\\/orizon-solutions.com\\\/es\\\/#\\\/schema\\\/logo\\\/image\\\/\"},\"sameAs\":[\"https:\\\/\\\/www.youtube.com\\\/channel\\\/UCKGKYYx3aomkfcL8bMyFDOg\"]}]}<\/script>\n<!-- \/ Yoast SEO Premium plugin. -->","yoast_head_json":{"title":"Discover our smart solution Ontex HUB &#183; Orizon","robots":{"index":"noindex","follow":"nofollow"},"og_locale":"es_ES","og_type":"article","og_title":"Discover our smart solution Ontex HUB &#183; Orizon","og_description":"[vc_row padding_top_multiplier=\u00bb6x\u00bb padding_bottom_multiplier=\u00bb5x\u00bb el_class=\u00bboz-hub-section\u00bb][vc_column][vc_row_inner][vc_column_inner el_class=\u00bboz-padding-12&#8243;][vc_column_text text_style=\u00bbleader-text\u00bb] Ontex quiere estar al lado de los profesionales sanitarios y acompa\u00f1arles hacia La Nueva Normalidad. Para ello ha desarrollado la plataforma de servicios La Nueva Serenidad, un espacio exclusivo para profesionales sanitarios. [\/vc_column_text][\/vc_column_inner][\/vc_row_inner][\/vc_column][\/vc_row][vc_row bg_type=\u00bbcolor\u00bb padding_top_multiplier=\u00bb\u00bb padding_bottom_multiplier=\u00bb4x\u00bb columns_gap=\u00bbnone\u00bb bg_color=\u00bb#f1f2f7&#8243; margin_bottom=\u00bb0&#8243;][vc_column][vc_row_inner el_class=\u00bbflex-row\u00bb][vc_column_inner width=\u00bb1\/6&#8243;][\/vc_column_inner][vc_column_inner width=\u00bb2\/3&#8243; el_class=\u00bboz-card-block\u00bb][vc_raw_html css=\u00bb.vc_custom_1651137264916{margin-bottom: 0px !important;}\u00bb]JTNDaWZyYW1lJTIwc3JjJTNEJTIyaHR0cHMlM0ElMkYlMkZwbGF5ZXIudmltZW8uY29tJTJGdmlkZW8lMkY3MDM4ODE4MzAlM0ZoJTNEMzAzNzQ5ODhlOSUyMiUyMHdpZHRoJTNEJTIyNjQwJTIyJTIwaGVpZ2h0JTNEJTIyMzYwJTIyJTIwZnJhbWVib3JkZXIlM0QlMjIwJTIyJTIwYWxsb3clM0QlMjJhdXRvcGxheSUzQiUyMGZ1bGxzY3JlZW4lM0IlMjBwaWN0dXJlLWluLXBpY3R1cmUlMjIlMjBhbGxvd2Z1bGxzY3JlZW4lM0UlM0MlMkZpZnJhbWUlM0U=[\/vc_raw_html][\/vc_column_inner][vc_column_inner width=\u00bb1\/6&#8243;][\/vc_column_inner][\/vc_row_inner][vc_row_inner][vc_column_inner el_class=\u00bboz-padding-12&#8243;][vc_column_text]En ella [&hellip;]","og_url":"https:\/\/orizon-solutions.com\/es\/ontex-hub\/","og_site_name":"Orizon","article_modified_time":"2026-02-04T14:42:13+00:00","og_image":[{"width":681,"height":618,"url":"https:\/\/orizon-solutions.com\/wp-content\/uploads\/2021\/10\/KV_Orizon.jpg","type":"image\/jpeg"}],"twitter_card":"summary_large_image","twitter_misc":{"Tiempo de lectura":"2 minutos"},"schema":{"@context":"https:\/\/schema.org","@graph":[{"@type":"WebPage","@id":"https:\/\/orizon-solutions.com\/es\/ontex-hub\/","url":"https:\/\/orizon-solutions.com\/es\/ontex-hub\/","name":"Discover our smart solution Ontex HUB &#183; Orizon","isPartOf":{"@id":"https:\/\/orizon-solutions.com\/es\/#website"},"datePublished":"2022-05-31T08:23:31+00:00","dateModified":"2026-02-04T14:42:13+00:00","breadcrumb":{"@id":"https:\/\/orizon-solutions.com\/es\/ontex-hub\/#breadcrumb"},"inLanguage":"es","potentialAction":[{"@type":"ReadAction","target":["https:\/\/orizon-solutions.com\/es\/ontex-hub\/"]}]},{"@type":"BreadcrumbList","@id":"https:\/\/orizon-solutions.com\/es\/ontex-hub\/#breadcrumb","itemListElement":[{"@type":"ListItem","position":1,"name":"P\u00e1gina principal","item":"https:\/\/orizon-solutions.com\/es\/"},{"@type":"ListItem","position":2,"name":"Ontex HUB"}]},{"@type":"WebSite","@id":"https:\/\/orizon-solutions.com\/es\/#website","url":"https:\/\/orizon-solutions.com\/es\/","name":"Orizon","description":"Smart Solutions","publisher":{"@id":"https:\/\/orizon-solutions.com\/es\/#organization"},"potentialAction":[{"@type":"SearchAction","target":{"@type":"EntryPoint","urlTemplate":"https:\/\/orizon-solutions.com\/es\/?s={search_term_string}"},"query-input":{"@type":"PropertyValueSpecification","valueRequired":true,"valueName":"search_term_string"}}],"inLanguage":"es"},{"@type":"Organization","@id":"https:\/\/orizon-solutions.com\/es\/#organization","name":"Orizon","url":"https:\/\/orizon-solutions.com\/es\/","logo":{"@type":"ImageObject","inLanguage":"es","@id":"https:\/\/orizon-solutions.com\/es\/#\/schema\/logo\/image\/","url":"https:\/\/orizon-solutions.com\/wp-content\/uploads\/2021\/09\/orizon-logo400.png","contentUrl":"https:\/\/orizon-solutions.com\/wp-content\/uploads\/2021\/09\/orizon-logo400.png","width":400,"height":79,"caption":"Orizon"},"image":{"@id":"https:\/\/orizon-solutions.com\/es\/#\/schema\/logo\/image\/"},"sameAs":["https:\/\/www.youtube.com\/channel\/UCKGKYYx3aomkfcL8bMyFDOg"]}]}},"_links":{"self":[{"href":"https:\/\/orizon-solutions.com\/es\/wp-json\/wp\/v2\/pages\/1533","targetHints":{"allow":["GET"]}}],"collection":[{"href":"https:\/\/orizon-solutions.com\/es\/wp-json\/wp\/v2\/pages"}],"about":[{"href":"https:\/\/orizon-solutions.com\/es\/wp-json\/wp\/v2\/types\/page"}],"author":[{"embeddable":true,"href":"https:\/\/orizon-solutions.com\/es\/wp-json\/wp\/v2\/users\/2"}],"replies":[{"embeddable":true,"href":"https:\/\/orizon-solutions.com\/es\/wp-json\/wp\/v2\/comments?post=1533"}],"version-history":[{"count":0,"href":"https:\/\/orizon-solutions.com\/es\/wp-json\/wp\/v2\/pages\/1533\/revisions"}],"wp:attachment":[{"href":"https:\/\/orizon-solutions.com\/es\/wp-json\/wp\/v2\/media?parent=1533"}],"curies":[{"name":"wp","href":"https:\/\/api.w.org\/{rel}","templated":true}]}}