{"id":1162,"date":"2021-10-19T21:21:14","date_gmt":"2021-10-19T19:21:14","guid":{"rendered":"https:\/\/orizonprod.wpengine.com\/?page_id=1162"},"modified":"2021-10-21T19:17:54","modified_gmt":"2021-10-21T17:17:54","slug":"terminos-de-uso","status":"publish","type":"page","link":"https:\/\/orizon-solutions.com\/es\/terminos-de-uso\/","title":{"rendered":"T\u00e9rminos de Uso"},"content":{"rendered":"<section class=\"wpb-content-wrapper\"><p>[vc_row][vc_column][vc_column_text]<\/p>\n<h2>CONDICIONES GENERALES DE USO<\/h2>\n<p>&nbsp;<\/p>\n<p><strong>\u00cdndice<br \/>\n<\/strong>&#8211;\u00a0Aceptaci\u00f3n y modificaci\u00f3n de las Condiciones de Uso<br \/>\n&#8211;\u00a0Acceso al sitio web &#8211; Contenido del sitio web<br \/>\n&#8211;\u00a0Uso del sitio web<br \/>\n&#8211;\u00a0Derechos de propiedad intelectual<br \/>\n&#8211;\u00a0Enlace a sitios web y servicios de terceros<br \/>\n&#8211;\u00a0Duraci\u00f3n y finalizaci\u00f3n<br \/>\n&#8211;\u00a0Responsabilidad<br \/>\n&#8211;\u00a0Generalidades<br \/>\n&#8211;\u00a0Derecho aplicable \u2013 Resoluci\u00f3n de litigios<\/p>\n<p><strong>Aceptaci\u00f3n y modificaci\u00f3n de las Condiciones de Uso<\/strong><\/p>\n<p>Las presentes condiciones de uso (las \u00abCondiciones de Uso\u00bb) determinan el marco jur\u00eddico que rige el acceso y la utilizaci\u00f3n del sitio web orizon-solutions.com (el \u00abSitio web\u00bb) propiedad y explotado por la sociedad Ontex BV registrada con el n\u00famero 0419.457.296, con domicilio social Genthof 5, 9255 Buggenhout, B\u00e9lgica (en adelante \u00abOntex\u00bb o \u00abnosotros\u00bb).<\/p>\n<p>El acceso y el uso del Sitio web est\u00e1 sujeto a su aceptaci\u00f3n de las Condiciones de Uso vigentes en el momento en que acceda al Sitio web, que pueden ser modificadas en cualquier momento por Ontex. En este sentido, al acceder y usar el Sitio web, usted se obliga autom\u00e1ticamente por las Condiciones de Uso y cualquier modificaci\u00f3n que entre en vigor en el momento del acceso o uso del Sitio web, y acepta que dicha aceptaci\u00f3n tendr\u00e1 el mismo valor jur\u00eddico que una aceptaci\u00f3n expresa por escrito. Si usted no est\u00e1 de acuerdo con las Condiciones de Uso, no debe acceder o usar el Sitio web. Lea atentamente las Condiciones de Uso, as\u00ed como la Pol\u00edtica de privacidad accediendo <a href=\"\/es\/declaracion-de-privacidad\/\">aqu\u00ed<\/a>\u00a0antes de utilizar el sitio web. Le recomendamos que lea las Condiciones de Uso cada vez que acceda al sitio web.<\/p>\n<p><strong>Acceso al Sitio web &#8211; Contenido del Sitio web<\/strong><\/p>\n<p>Le otorgamos un derecho personal sujeto a un uso en perfecta conformidad con las Condiciones de Uso, no exclusivo, intransferible y revocable para acceder y usar el contenido del Sitio web (en lo sucesivo, el \u00abContenido\u00bb) con el \u00fanico prop\u00f3sito de usar el Sitio web conforme a las Condiciones de Uso. Se excluyen expresamente todos los dem\u00e1s derechos.<br \/>\nOntex se reserva el derecho de a\u00f1adir, eliminar o modificar Contenido en cualquier momento, bloquear (de forma temporal o permanente) el acceso al Sitio o detener el Sitio sin previo aviso con el fin de mantener y\/o realizar mejoras y\/o modificaciones en el Sitio web.<br \/>\nUsted reconoce que solo podr\u00e1 utilizar el Sitio web si su equipo est\u00e1 conectado a la red internet. Los gastos de conexi\u00f3n o de acceso cobrados como resultado del uso del Sitio web est\u00e1n sujetos a las condiciones acordadas con su proveedor de acceso a internet u operador de redes m\u00f3viles. Usted es consciente de los riesgos intr\u00ednsecos al uso de internet, incluidos, entre otros, los riesgos de no disponibilidad del Sitio web, no confidencialidad o p\u00e9rdida de integridad de los datos transmitidos, posibles ataques de virus, etc. Ontex hace todo lo posible para excluir los virus del Sitio web, pero no puede garantizar su ausencia total ni comprometer su responsabilidad al respecto. Le recomendamos que tome todas las medidas apropiadas antes de usar el Sitio web y\/o descargar informaci\u00f3n del Sitio web.<\/p>\n<p>Si decide registrarse en el Sitio, se compromete a no revelar su contrase\u00f1a, la informaci\u00f3n relativa a la cuenta y el acceso al Sitio web a terceros. La cuenta es personal y solo se puede crear una cuenta por persona f\u00edsica. Es su responsabilidad mantener la confidencialidad de su contrase\u00f1a y de la informaci\u00f3n relativa a su cuenta. Usted es responsable de todas las actividades efectuadas bajo su contrase\u00f1a, cuenta o despu\u00e9s de su acceso al Sitio web.<\/p>\n<p><strong>Uso del Sitio web<\/strong><\/p>\n<p>No deber\u00e1 acceder o usar el Sitio web de ninguna manera que pueda da\u00f1ar, desactivar, sobrecargar o comprometer las cuentas, sistemas inform\u00e1ticos o redes de Ontex. No deber\u00e1 intentar acceder de forma no autorizada a las cuentas, sistemas inform\u00e1ticos o redes de Ontex. No deber\u00e1 utilizar robots (de indexaci\u00f3n), programas de scraping u otros medios automatizados para acceder al Sitio web o a cuentas, sistemas inform\u00e1ticos o redes de Ontex. No deber\u00e1 acceder, descargar, usar o exportar el Sitio web o el Contenido incumpliendo las normativas o leesy relativas a las exportaciones o infringiendo otras normativas o leyes aplicables.<\/p>\n<p>No deber\u00e1 (y no deber\u00e1 autorizar a un tercero) a, sin que sea exhaustivo, (i) modificar, reproducir, representar, adaptar y\/o traducir todo o parte del Sitio web y\/o del Contenido; (ii) extraer, todo o parte del Sitio; o (iii) publicar y\/o usar el Contenido en un sitio web, medio o red.<\/p>\n<p>En caso de que deba publicar contenido en el Sitio web (incluidos en particular, y sin car\u00e1cter exhaustivo, avisos sobre productos o servicios proporcionados por Ontex) (en los sucesivo la\/s \u00abPublicaci\u00f3n\/ones\u00bb), usted garantiza que (i) posee todas las licencias, derechos, consentimientos y autorizaciones necesarios para utilizar y autorizar a Ontex a utilizar todos los derechos de autor, marcas registradas y cualquier otro derecho de propiedad aplicable a las Publicaciones, y (ii) que ha obtenido el consentimiento por escrito de todas las personas f\u00edsicas identificables, para cada Publicaci\u00f3n, para utilizar los nombres y la imagen de dichas personas presentes en dicha Publicaci\u00f3n. Usted acepta no enviar publicaciones que sean il\u00edcitas, inmorales, obscenas, difamatorias, amenazantes, pornogr\u00e1ficas, ped\u00f3filas, revisionistas (que nieguen la existencia del Holocausto), intimidatorias, odiosas, racistas, abusivas, que inciten a la violencia pol\u00edtica, racial o xen\u00f3foba, que violen cualquier ley o norma obligatoria o de cualquier otro modo inapropiada. Al publicar Publicaciones en el Sitio web, usted otorga a Ontex el derecho a utilizar, reproducir y representar todas o parte de las Publicaciones, de forma gratuita, en todo el mundo, en cualquier soporte, durante el per\u00edodo legal de protecci\u00f3n de los derechos de propiedad intelectual de estas Publicaciones, para las necesidades y la promoci\u00f3n del Sitio web, en particular con fines publicitarios o comerciales.<\/p>\n<p><strong>Derechos de propiedad intelectual<\/strong><\/p>\n<p>El Sitio web y su Contenido, as\u00ed como todos los derechos de autor, marcas comerciales, nombres comerciales, dise\u00f1os, im\u00e1genes, bases de datos, informaci\u00f3n, datos, textos, sonido, fotos y gr\u00e1ficos, y todo el c\u00f3digo fuente, softwares y otros contenidos son propiedad de Ontex o de sus otorgantes de licencia y est\u00e1n protegidos por la propiedad intelectual y otros derechos de propiedad nacionales e internacionales, incluidos, entre otros, derechos de autor y derechos relacionados, derechos sobre bases de datos, modelos, marcas y nombres comerciales, patentes, etc. Usted acepta no mostrar ni utilizar el logotipo o las marcas comerciales de Ontex de ninguna manera sin nuestro previo consentimiento por escrito.<br \/>\nEl acceso y uso del Sitio web y\/o del Contenido no debe interpretarse como una concesi\u00f3n de licencia para ninguno de estos derechos de propiedad intelectual. Nos reservamos todos los derechos relacionados con el Sitio web y el Contenido que no le hayan sido expresamente concedidos.<\/p>\n<p>Usted solo puede utilizar el Sitio web y su Contenido de acuerdo con las Condiciones de Uso.<br \/>\nSi utiliza el Contenido del Sitio web o elementos de los que Ontex es propietario o titular de una licencia sin la autorizaci\u00f3n de Ontex o de una forma no autorizada por las Condiciones de Uso, puede infringir nuestros derechos de propiedad intelectual o los derechos de propiedad intelectual de terceros, incluidos, entre otros, los derechos de autor y derechos relacionados, los derechos sobre la base de datos, los dise\u00f1os y modelos, las marcas comerciales y los nombres de marca, las patentes y otros derechos. En ese caso, nos reservamos el derecho de cancelar autom\u00e1ticamente y de pleno derecho su acceso al Sitio web y tomar todas las medidas que consideremos apropiadas para impedir, suspender u obtener compensaci\u00f3n por la violaci\u00f3n de los derechos de propiedad intelectual. No se proporciona licencia de ning\u00fan otro derecho de ning\u00fan tipo, se asigna o transmite de otra manera a las personas que acceden al Sitio web y\/o utilizan el Contenido.<\/p>\n<p><strong>Enlaces a sitios web y servicios de terceros<\/strong><\/p>\n<p>El Sitio web contiene hiperv\u00ednculos a sitios web explotados por terceros y referencias a otras fuentes de informaci\u00f3n. Estos enlaces y fuentes de informaci\u00f3n se proporcionan \u00fanicamente con fines informativos. Estos sitios web y la informaci\u00f3n incluida en ellos no est\u00e1n gestionados ni controlados por Ontex. En la medida en que no tengamos control sobre estos servicios, usted reconoce y acepta que no somos responsables de (i) la disponibilidad, el contenido, la precisi\u00f3n, la calidad, la publicidad, los productos, los servicios externos y cualquier otro material disponible en estos servicios o a trav\u00e9s de estos, (ii) la protecci\u00f3n de datos personales u otras pr\u00e1cticas en estos sitios web.<\/p>\n<p><strong>Duraci\u00f3n y rescisi\u00f3n<\/strong><\/p>\n<p>Las Condiciones de Uso se aplicar\u00e1n entre usted y nosotros en tanto que utilice el Sitio web.<br \/>\nEn caso de que consideremos que su uso del Sitio web es ilegal y\/o no autorizado, y\/o incumple las Condiciones de Uso, nos reservamos el derecho de emprender cualquier acci\u00f3n, en particular legal, que consideremos necesaria y de poner fin de pleno derecho a su acceso al Sitio.<\/p>\n<p><strong>Responsabilidad<\/strong><\/p>\n<p>Los datos facilitados en el Sitio web, en particular las actividades de marketing o los datos financieros de Ontex y\/o sus filiales, se facilitan \u00fanicamente con fines informativos y no constituyen un compromiso de Ontex y\/o de sus filiales.<\/p>\n<p>El uso del Sitio web y cualquier decisi\u00f3n tomada bas\u00e1ndose en los datos y\/o la informaci\u00f3n proporcionada presente en el Sitio web se har\u00e1 bajo su \u00fanica y exclusiva responsabilidad.<\/p>\n<p><strong>Generalidades<\/strong><\/p>\n<p>Las Condiciones de Uso constituyen el acuerdo \u00edntegro entre usted y nosotros en relaci\u00f3n con el asunto de las presentes Condiciones y sustituyen los t\u00e9rminos de cualquier otra comunicaci\u00f3n y\/o publicidad relacionada con el Sitio web.<\/p>\n<p>Si cualquier disposici\u00f3n de las Condiciones de Uso fuera declarada ilegal, no v\u00e1lida o inaplicable por un tribunal o autoridad competente, la invalidez de dicha disposici\u00f3n no afectar\u00e1 a la validez de las dem\u00e1s disposiciones de las Condiciones de Uso, que seguir\u00e1n vigentes.<\/p>\n<p>El incumplimiento por una de las partes de cualquier derecho o disposici\u00f3n de las Condiciones de Uso no constituir\u00e1 una renuncia a dicho derecho o disposici\u00f3n.<\/p>\n<p>Usted acepta indemnizar, defender y eximir a Ontex y a sus representantes, directivos, empleados, subcontratistas y agentes de las consecuencias derivadas de cualquier reclamaci\u00f3n, acci\u00f3n, demanda, da\u00f1os o costes que resulten del incumplimiento de las Condiciones de Uso por su parte.<\/p>\n<p><strong>Derecho aplicable &#8211; Resoluci\u00f3n de conflictos<\/strong><\/p>\n<p>Las Condiciones de Uso se rigen por el derecho Belga.<br \/>\nEn caso de litigio, puede enviar una reclamaci\u00f3n por escrito en el apartado Contacto con este Sitio web para intentar encontrar una soluci\u00f3n amistosa al litigio.<\/p>\n<p>Tambi\u00e9n puede recurrir al servicio de resoluci\u00f3n de litigios en l\u00ednea ofrecido por la Comisi\u00f3n Europea conforme al art\u00edculo 14 del Reglamento (UE) n.\u00ba 524\/2013. Puede acceder a esta plataforma en el siguiente enlace: <a href=\"https:\/\/webgate.ec.europa.eu\/odr\/\">Comisi\u00f3n Europea<\/a>.<\/p>\n<p>Cualquier controversia en relaci\u00f3n con la celebraci\u00f3n, validez, interpretaci\u00f3n, ejecuci\u00f3n o finalizaci\u00f3n de las Condiciones de Uso estar\u00e1 sujeta a la competencia de los tribunales (i) en el lugar del domicilio de Ontex; o (ii) en el lugar de su domicilio; o (iii) en el lugar de la prestaci\u00f3n del servicio de acceso al Sitio web.[\/vc_column_text][\/vc_column][\/vc_row]<\/p>\n<\/section>","protected":false},"excerpt":{"rendered":"<p>[vc_row][vc_column][vc_column_text] CONDICIONES GENERALES DE USO &nbsp; \u00cdndice &#8211;\u00a0Aceptaci\u00f3n y modificaci\u00f3n de las Condiciones de Uso &#8211;\u00a0Acceso al sitio web &#8211; Contenido del sitio web &#8211;\u00a0Uso del sitio web &#8211;\u00a0Derechos de propiedad intelectual &#8211;\u00a0Enlace a sitios web y servicios de terceros &#8211;\u00a0Duraci\u00f3n y finalizaci\u00f3n &#8211;\u00a0Responsabilidad &#8211;\u00a0Generalidades &#8211;\u00a0Derecho aplicable \u2013 Resoluci\u00f3n de litigios Aceptaci\u00f3n y modificaci\u00f3n de [&hellip;]<\/p>\n","protected":false},"author":3,"featured_media":1322,"parent":0,"menu_order":0,"comment_status":"closed","ping_status":"closed","template":"","meta":{"_acf_changed":false,"inline_featured_image":false,"footnotes":""},"class_list":["post-1162","page","type-page","status-publish","has-post-thumbnail","hentry"],"acf":[],"yoast_head":"<!-- This site is optimized with the Yoast SEO Premium plugin v27.3 (Yoast SEO v27.3) - https:\/\/yoast.com\/product\/yoast-seo-premium-wordpress\/ -->\n<title>Discover our smart solution T\u00e9rminos de Uso &#183; Orizon<\/title>\n<meta name=\"robots\" content=\"index, follow, max-snippet:-1, max-image-preview:large, max-video-preview:-1\" \/>\n<link rel=\"canonical\" href=\"https:\/\/orizon-solutions.com\/es\/terminos-de-uso\/\" \/>\n<meta property=\"og:locale\" content=\"es_ES\" \/>\n<meta property=\"og:type\" content=\"article\" \/>\n<meta property=\"og:title\" content=\"Discover our smart solution T\u00e9rminos de Uso &#183; Orizon\" \/>\n<meta property=\"og:description\" content=\"[vc_row][vc_column][vc_column_text] CONDICIONES GENERALES DE USO &nbsp; \u00cdndice &#8211;\u00a0Aceptaci\u00f3n y modificaci\u00f3n de las Condiciones de Uso &#8211;\u00a0Acceso al sitio web &#8211; Contenido del sitio web &#8211;\u00a0Uso del sitio web &#8211;\u00a0Derechos de propiedad intelectual &#8211;\u00a0Enlace a sitios web y servicios de terceros &#8211;\u00a0Duraci\u00f3n y finalizaci\u00f3n &#8211;\u00a0Responsabilidad &#8211;\u00a0Generalidades &#8211;\u00a0Derecho aplicable \u2013 Resoluci\u00f3n de litigios Aceptaci\u00f3n y modificaci\u00f3n de [&hellip;]\" \/>\n<meta property=\"og:url\" content=\"https:\/\/orizon-solutions.com\/es\/terminos-de-uso\/\" \/>\n<meta property=\"og:site_name\" content=\"Orizon\" \/>\n<meta property=\"article:modified_time\" content=\"2021-10-21T17:17:54+00:00\" \/>\n<meta property=\"og:image\" content=\"https:\/\/orizon-solutions.com\/wp-content\/uploads\/2021\/10\/ontex_aalst_belgium.webp\" \/>\n\t<meta property=\"og:image:width\" content=\"900\" \/>\n\t<meta property=\"og:image:height\" content=\"350\" \/>\n\t<meta property=\"og:image:type\" content=\"image\/webp\" \/>\n<meta name=\"twitter:card\" content=\"summary_large_image\" \/>\n<meta name=\"twitter:label1\" content=\"Tiempo de lectura\" \/>\n\t<meta name=\"twitter:data1\" content=\"8 minutos\" \/>\n<script type=\"application\/ld+json\" class=\"yoast-schema-graph\">{\"@context\":\"https:\\\/\\\/schema.org\",\"@graph\":[{\"@type\":\"WebPage\",\"@id\":\"https:\\\/\\\/orizon-solutions.com\\\/es\\\/terminos-de-uso\\\/\",\"url\":\"https:\\\/\\\/orizon-solutions.com\\\/es\\\/terminos-de-uso\\\/\",\"name\":\"Discover our smart solution T\u00e9rminos de Uso &#183; Orizon\",\"isPartOf\":{\"@id\":\"https:\\\/\\\/orizon-solutions.com\\\/es\\\/#website\"},\"primaryImageOfPage\":{\"@id\":\"https:\\\/\\\/orizon-solutions.com\\\/es\\\/terminos-de-uso\\\/#primaryimage\"},\"image\":{\"@id\":\"https:\\\/\\\/orizon-solutions.com\\\/es\\\/terminos-de-uso\\\/#primaryimage\"},\"thumbnailUrl\":\"https:\\\/\\\/orizon-solutions.com\\\/wp-content\\\/uploads\\\/2021\\\/10\\\/ontex_aalst_belgium.webp\",\"datePublished\":\"2021-10-19T19:21:14+00:00\",\"dateModified\":\"2021-10-21T17:17:54+00:00\",\"breadcrumb\":{\"@id\":\"https:\\\/\\\/orizon-solutions.com\\\/es\\\/terminos-de-uso\\\/#breadcrumb\"},\"inLanguage\":\"es\",\"potentialAction\":[{\"@type\":\"ReadAction\",\"target\":[\"https:\\\/\\\/orizon-solutions.com\\\/es\\\/terminos-de-uso\\\/\"]}]},{\"@type\":\"ImageObject\",\"inLanguage\":\"es\",\"@id\":\"https:\\\/\\\/orizon-solutions.com\\\/es\\\/terminos-de-uso\\\/#primaryimage\",\"url\":\"https:\\\/\\\/orizon-solutions.com\\\/wp-content\\\/uploads\\\/2021\\\/10\\\/ontex_aalst_belgium.webp\",\"contentUrl\":\"https:\\\/\\\/orizon-solutions.com\\\/wp-content\\\/uploads\\\/2021\\\/10\\\/ontex_aalst_belgium.webp\",\"width\":900,\"height\":350,\"caption\":\"\\\/nl\\\/onze-slimme-oplossing\\\/\"},{\"@type\":\"BreadcrumbList\",\"@id\":\"https:\\\/\\\/orizon-solutions.com\\\/es\\\/terminos-de-uso\\\/#breadcrumb\",\"itemListElement\":[{\"@type\":\"ListItem\",\"position\":1,\"name\":\"P\u00e1gina principal\",\"item\":\"https:\\\/\\\/orizon-solutions.com\\\/es\\\/\"},{\"@type\":\"ListItem\",\"position\":2,\"name\":\"T\u00e9rminos de Uso\"}]},{\"@type\":\"WebSite\",\"@id\":\"https:\\\/\\\/orizon-solutions.com\\\/es\\\/#website\",\"url\":\"https:\\\/\\\/orizon-solutions.com\\\/es\\\/\",\"name\":\"Orizon\",\"description\":\"Smart Solutions\",\"publisher\":{\"@id\":\"https:\\\/\\\/orizon-solutions.com\\\/es\\\/#organization\"},\"potentialAction\":[{\"@type\":\"SearchAction\",\"target\":{\"@type\":\"EntryPoint\",\"urlTemplate\":\"https:\\\/\\\/orizon-solutions.com\\\/es\\\/?s={search_term_string}\"},\"query-input\":{\"@type\":\"PropertyValueSpecification\",\"valueRequired\":true,\"valueName\":\"search_term_string\"}}],\"inLanguage\":\"es\"},{\"@type\":\"Organization\",\"@id\":\"https:\\\/\\\/orizon-solutions.com\\\/es\\\/#organization\",\"name\":\"Orizon\",\"url\":\"https:\\\/\\\/orizon-solutions.com\\\/es\\\/\",\"logo\":{\"@type\":\"ImageObject\",\"inLanguage\":\"es\",\"@id\":\"https:\\\/\\\/orizon-solutions.com\\\/es\\\/#\\\/schema\\\/logo\\\/image\\\/\",\"url\":\"https:\\\/\\\/orizon-solutions.com\\\/wp-content\\\/uploads\\\/2021\\\/09\\\/orizon-logo400.png\",\"contentUrl\":\"https:\\\/\\\/orizon-solutions.com\\\/wp-content\\\/uploads\\\/2021\\\/09\\\/orizon-logo400.png\",\"width\":400,\"height\":79,\"caption\":\"Orizon\"},\"image\":{\"@id\":\"https:\\\/\\\/orizon-solutions.com\\\/es\\\/#\\\/schema\\\/logo\\\/image\\\/\"},\"sameAs\":[\"https:\\\/\\\/www.youtube.com\\\/channel\\\/UCKGKYYx3aomkfcL8bMyFDOg\"]}]}<\/script>\n<!-- \/ Yoast SEO Premium plugin. -->","yoast_head_json":{"title":"Discover our smart solution T\u00e9rminos de Uso &#183; Orizon","robots":{"index":"index","follow":"follow","max-snippet":"max-snippet:-1","max-image-preview":"max-image-preview:large","max-video-preview":"max-video-preview:-1"},"canonical":"https:\/\/orizon-solutions.com\/es\/terminos-de-uso\/","og_locale":"es_ES","og_type":"article","og_title":"Discover our smart solution T\u00e9rminos de Uso &#183; Orizon","og_description":"[vc_row][vc_column][vc_column_text] CONDICIONES GENERALES DE USO &nbsp; \u00cdndice &#8211;\u00a0Aceptaci\u00f3n y modificaci\u00f3n de las Condiciones de Uso &#8211;\u00a0Acceso al sitio web &#8211; Contenido del sitio web &#8211;\u00a0Uso del sitio web &#8211;\u00a0Derechos de propiedad intelectual &#8211;\u00a0Enlace a sitios web y servicios de terceros &#8211;\u00a0Duraci\u00f3n y finalizaci\u00f3n &#8211;\u00a0Responsabilidad &#8211;\u00a0Generalidades &#8211;\u00a0Derecho aplicable \u2013 Resoluci\u00f3n de litigios Aceptaci\u00f3n y modificaci\u00f3n de [&hellip;]","og_url":"https:\/\/orizon-solutions.com\/es\/terminos-de-uso\/","og_site_name":"Orizon","article_modified_time":"2021-10-21T17:17:54+00:00","og_image":[{"width":900,"height":350,"url":"https:\/\/orizon-solutions.com\/wp-content\/uploads\/2021\/10\/ontex_aalst_belgium.webp","type":"image\/webp"}],"twitter_card":"summary_large_image","twitter_misc":{"Tiempo de lectura":"8 minutos"},"schema":{"@context":"https:\/\/schema.org","@graph":[{"@type":"WebPage","@id":"https:\/\/orizon-solutions.com\/es\/terminos-de-uso\/","url":"https:\/\/orizon-solutions.com\/es\/terminos-de-uso\/","name":"Discover our smart solution T\u00e9rminos de Uso &#183; Orizon","isPartOf":{"@id":"https:\/\/orizon-solutions.com\/es\/#website"},"primaryImageOfPage":{"@id":"https:\/\/orizon-solutions.com\/es\/terminos-de-uso\/#primaryimage"},"image":{"@id":"https:\/\/orizon-solutions.com\/es\/terminos-de-uso\/#primaryimage"},"thumbnailUrl":"https:\/\/orizon-solutions.com\/wp-content\/uploads\/2021\/10\/ontex_aalst_belgium.webp","datePublished":"2021-10-19T19:21:14+00:00","dateModified":"2021-10-21T17:17:54+00:00","breadcrumb":{"@id":"https:\/\/orizon-solutions.com\/es\/terminos-de-uso\/#breadcrumb"},"inLanguage":"es","potentialAction":[{"@type":"ReadAction","target":["https:\/\/orizon-solutions.com\/es\/terminos-de-uso\/"]}]},{"@type":"ImageObject","inLanguage":"es","@id":"https:\/\/orizon-solutions.com\/es\/terminos-de-uso\/#primaryimage","url":"https:\/\/orizon-solutions.com\/wp-content\/uploads\/2021\/10\/ontex_aalst_belgium.webp","contentUrl":"https:\/\/orizon-solutions.com\/wp-content\/uploads\/2021\/10\/ontex_aalst_belgium.webp","width":900,"height":350,"caption":"\/nl\/onze-slimme-oplossing\/"},{"@type":"BreadcrumbList","@id":"https:\/\/orizon-solutions.com\/es\/terminos-de-uso\/#breadcrumb","itemListElement":[{"@type":"ListItem","position":1,"name":"P\u00e1gina principal","item":"https:\/\/orizon-solutions.com\/es\/"},{"@type":"ListItem","position":2,"name":"T\u00e9rminos de Uso"}]},{"@type":"WebSite","@id":"https:\/\/orizon-solutions.com\/es\/#website","url":"https:\/\/orizon-solutions.com\/es\/","name":"Orizon","description":"Smart Solutions","publisher":{"@id":"https:\/\/orizon-solutions.com\/es\/#organization"},"potentialAction":[{"@type":"SearchAction","target":{"@type":"EntryPoint","urlTemplate":"https:\/\/orizon-solutions.com\/es\/?s={search_term_string}"},"query-input":{"@type":"PropertyValueSpecification","valueRequired":true,"valueName":"search_term_string"}}],"inLanguage":"es"},{"@type":"Organization","@id":"https:\/\/orizon-solutions.com\/es\/#organization","name":"Orizon","url":"https:\/\/orizon-solutions.com\/es\/","logo":{"@type":"ImageObject","inLanguage":"es","@id":"https:\/\/orizon-solutions.com\/es\/#\/schema\/logo\/image\/","url":"https:\/\/orizon-solutions.com\/wp-content\/uploads\/2021\/09\/orizon-logo400.png","contentUrl":"https:\/\/orizon-solutions.com\/wp-content\/uploads\/2021\/09\/orizon-logo400.png","width":400,"height":79,"caption":"Orizon"},"image":{"@id":"https:\/\/orizon-solutions.com\/es\/#\/schema\/logo\/image\/"},"sameAs":["https:\/\/www.youtube.com\/channel\/UCKGKYYx3aomkfcL8bMyFDOg"]}]}},"_links":{"self":[{"href":"https:\/\/orizon-solutions.com\/es\/wp-json\/wp\/v2\/pages\/1162","targetHints":{"allow":["GET"]}}],"collection":[{"href":"https:\/\/orizon-solutions.com\/es\/wp-json\/wp\/v2\/pages"}],"about":[{"href":"https:\/\/orizon-solutions.com\/es\/wp-json\/wp\/v2\/types\/page"}],"author":[{"embeddable":true,"href":"https:\/\/orizon-solutions.com\/es\/wp-json\/wp\/v2\/users\/3"}],"replies":[{"embeddable":true,"href":"https:\/\/orizon-solutions.com\/es\/wp-json\/wp\/v2\/comments?post=1162"}],"version-history":[{"count":0,"href":"https:\/\/orizon-solutions.com\/es\/wp-json\/wp\/v2\/pages\/1162\/revisions"}],"wp:featuredmedia":[{"embeddable":true,"href":"https:\/\/orizon-solutions.com\/es\/wp-json\/wp\/v2\/media\/1322"}],"wp:attachment":[{"href":"https:\/\/orizon-solutions.com\/es\/wp-json\/wp\/v2\/media?parent=1162"}],"curies":[{"name":"wp","href":"https:\/\/api.w.org\/{rel}","templated":true}]}}