{"id":1125,"date":"2021-10-18T17:12:02","date_gmt":"2021-10-18T15:12:02","guid":{"rendered":"https:\/\/orizonprod.wpengine.com\/?page_id=1125"},"modified":"2021-10-18T17:12:02","modified_gmt":"2021-10-18T15:12:02","slug":"aviso-legal","status":"publish","type":"page","link":"https:\/\/orizon-solutions.com\/es\/aviso-legal\/","title":{"rendered":"Aviso legal"},"content":{"rendered":"<section class=\"wpb-content-wrapper\"><p>[vc_row][vc_column][vc_column_text]<\/p>\n<h2>Aviso legal<\/h2>\n<p><strong>Nombre de la entidad y f<\/strong><strong>orma jur\u00eddica de la entidad Ontex: <\/strong>Ontex BV<\/p>\n<p><strong>N\u00famero de registro: <\/strong>0419.457.296<\/p>\n<p><strong>Domicilio social:<br \/>\n<\/strong>Genthof 5<br \/>\n9255 Buggenhout, Belgium<\/p>\n<p><strong>C\u00f3digo o N\u00famero de Identificaci\u00f3n Fiscal:<\/strong> BE0419457296<\/p>\n<p><strong>Director de publicaciones:\u00a0<\/strong>Laurence Canfin, Category Head Adult Care<\/p>\n<p><strong>Alojamiento web:<br \/>\n<\/strong>WP Engine<br \/>\nIrongate House, 22-30 Duke\u2019s Place<br \/>\nLondon, EC3A 7LP United Kingdom[\/vc_column_text][\/vc_column][\/vc_row]<\/p>\n<\/section>","protected":false},"excerpt":{"rendered":"<p>[vc_row][vc_column][vc_column_text] Aviso legal Nombre de la entidad y forma jur\u00eddica de la entidad Ontex: Ontex BV N\u00famero de registro: 0419.457.296 Domicilio social: Genthof 5 9255 Buggenhout, Belgium C\u00f3digo o N\u00famero de Identificaci\u00f3n Fiscal: BE0419457296 Director de publicaciones:\u00a0Laurence Canfin, Category Head Adult Care Alojamiento web: WP Engine Irongate House, 22-30 Duke\u2019s Place London, EC3A 7LP United [&hellip;]<\/p>\n","protected":false},"author":3,"featured_media":1322,"parent":0,"menu_order":0,"comment_status":"closed","ping_status":"closed","template":"","meta":{"_acf_changed":false,"inline_featured_image":false,"footnotes":""},"class_list":["post-1125","page","type-page","status-publish","has-post-thumbnail","hentry"],"acf":[],"yoast_head":"<!-- This site is optimized with the Yoast SEO Premium plugin v27.4 (Yoast SEO v27.4) - https:\/\/yoast.com\/product\/yoast-seo-premium-wordpress\/ -->\n<title>Discover our smart solution Aviso legal &#183; Orizon<\/title>\n<meta name=\"robots\" content=\"index, follow, max-snippet:-1, max-image-preview:large, max-video-preview:-1\" \/>\n<link rel=\"canonical\" href=\"https:\/\/orizon-solutions.com\/es\/aviso-legal\/\" \/>\n<meta property=\"og:locale\" content=\"es_ES\" \/>\n<meta property=\"og:type\" content=\"article\" \/>\n<meta property=\"og:title\" content=\"Discover our smart solution Aviso legal &#183; Orizon\" \/>\n<meta property=\"og:description\" content=\"[vc_row][vc_column][vc_column_text] Aviso legal Nombre de la entidad y forma jur\u00eddica de la entidad Ontex: Ontex BV N\u00famero de registro: 0419.457.296 Domicilio social: Genthof 5 9255 Buggenhout, Belgium C\u00f3digo o N\u00famero de Identificaci\u00f3n Fiscal: BE0419457296 Director de publicaciones:\u00a0Laurence Canfin, Category Head Adult Care Alojamiento web: WP Engine Irongate House, 22-30 Duke\u2019s Place London, EC3A 7LP United [&hellip;]\" \/>\n<meta property=\"og:url\" content=\"https:\/\/orizon-solutions.com\/es\/aviso-legal\/\" \/>\n<meta property=\"og:site_name\" content=\"Orizon\" \/>\n<meta property=\"og:image\" content=\"https:\/\/orizon-solutions.com\/wp-content\/uploads\/2021\/10\/ontex_aalst_belgium.webp\" \/>\n\t<meta property=\"og:image:width\" content=\"900\" \/>\n\t<meta property=\"og:image:height\" content=\"350\" \/>\n\t<meta property=\"og:image:type\" content=\"image\/webp\" \/>\n<meta name=\"twitter:card\" content=\"summary_large_image\" \/>\n<script type=\"application\/ld+json\" class=\"yoast-schema-graph\">{\"@context\":\"https:\\\/\\\/schema.org\",\"@graph\":[{\"@type\":\"WebPage\",\"@id\":\"https:\\\/\\\/orizon-solutions.com\\\/es\\\/aviso-legal\\\/\",\"url\":\"https:\\\/\\\/orizon-solutions.com\\\/es\\\/aviso-legal\\\/\",\"name\":\"Discover our smart solution Aviso legal &#183; Orizon\",\"isPartOf\":{\"@id\":\"https:\\\/\\\/orizon-solutions.com\\\/es\\\/#website\"},\"primaryImageOfPage\":{\"@id\":\"https:\\\/\\\/orizon-solutions.com\\\/es\\\/aviso-legal\\\/#primaryimage\"},\"image\":{\"@id\":\"https:\\\/\\\/orizon-solutions.com\\\/es\\\/aviso-legal\\\/#primaryimage\"},\"thumbnailUrl\":\"https:\\\/\\\/orizon-solutions.com\\\/wp-content\\\/uploads\\\/2021\\\/10\\\/ontex_aalst_belgium.webp\",\"datePublished\":\"2021-10-18T15:12:02+00:00\",\"breadcrumb\":{\"@id\":\"https:\\\/\\\/orizon-solutions.com\\\/es\\\/aviso-legal\\\/#breadcrumb\"},\"inLanguage\":\"es\",\"potentialAction\":[{\"@type\":\"ReadAction\",\"target\":[\"https:\\\/\\\/orizon-solutions.com\\\/es\\\/aviso-legal\\\/\"]}]},{\"@type\":\"ImageObject\",\"inLanguage\":\"es\",\"@id\":\"https:\\\/\\\/orizon-solutions.com\\\/es\\\/aviso-legal\\\/#primaryimage\",\"url\":\"https:\\\/\\\/orizon-solutions.com\\\/wp-content\\\/uploads\\\/2021\\\/10\\\/ontex_aalst_belgium.webp\",\"contentUrl\":\"https:\\\/\\\/orizon-solutions.com\\\/wp-content\\\/uploads\\\/2021\\\/10\\\/ontex_aalst_belgium.webp\",\"width\":900,\"height\":350,\"caption\":\"\\\/nl\\\/onze-slimme-oplossing\\\/\"},{\"@type\":\"BreadcrumbList\",\"@id\":\"https:\\\/\\\/orizon-solutions.com\\\/es\\\/aviso-legal\\\/#breadcrumb\",\"itemListElement\":[{\"@type\":\"ListItem\",\"position\":1,\"name\":\"P\u00e1gina principal\",\"item\":\"https:\\\/\\\/orizon-solutions.com\\\/es\\\/\"},{\"@type\":\"ListItem\",\"position\":2,\"name\":\"Aviso legal\"}]},{\"@type\":\"WebSite\",\"@id\":\"https:\\\/\\\/orizon-solutions.com\\\/es\\\/#website\",\"url\":\"https:\\\/\\\/orizon-solutions.com\\\/es\\\/\",\"name\":\"Orizon\",\"description\":\"Smart Solutions\",\"publisher\":{\"@id\":\"https:\\\/\\\/orizon-solutions.com\\\/es\\\/#organization\"},\"potentialAction\":[{\"@type\":\"SearchAction\",\"target\":{\"@type\":\"EntryPoint\",\"urlTemplate\":\"https:\\\/\\\/orizon-solutions.com\\\/es\\\/?s={search_term_string}\"},\"query-input\":{\"@type\":\"PropertyValueSpecification\",\"valueRequired\":true,\"valueName\":\"search_term_string\"}}],\"inLanguage\":\"es\"},{\"@type\":\"Organization\",\"@id\":\"https:\\\/\\\/orizon-solutions.com\\\/es\\\/#organization\",\"name\":\"Orizon\",\"url\":\"https:\\\/\\\/orizon-solutions.com\\\/es\\\/\",\"logo\":{\"@type\":\"ImageObject\",\"inLanguage\":\"es\",\"@id\":\"https:\\\/\\\/orizon-solutions.com\\\/es\\\/#\\\/schema\\\/logo\\\/image\\\/\",\"url\":\"https:\\\/\\\/orizon-solutions.com\\\/wp-content\\\/uploads\\\/2021\\\/09\\\/orizon-logo400.png\",\"contentUrl\":\"https:\\\/\\\/orizon-solutions.com\\\/wp-content\\\/uploads\\\/2021\\\/09\\\/orizon-logo400.png\",\"width\":400,\"height\":79,\"caption\":\"Orizon\"},\"image\":{\"@id\":\"https:\\\/\\\/orizon-solutions.com\\\/es\\\/#\\\/schema\\\/logo\\\/image\\\/\"},\"sameAs\":[\"https:\\\/\\\/www.youtube.com\\\/channel\\\/UCKGKYYx3aomkfcL8bMyFDOg\"]}]}<\/script>\n<!-- \/ Yoast SEO Premium plugin. -->","yoast_head_json":{"title":"Discover our smart solution Aviso legal &#183; Orizon","robots":{"index":"index","follow":"follow","max-snippet":"max-snippet:-1","max-image-preview":"max-image-preview:large","max-video-preview":"max-video-preview:-1"},"canonical":"https:\/\/orizon-solutions.com\/es\/aviso-legal\/","og_locale":"es_ES","og_type":"article","og_title":"Discover our smart solution Aviso legal &#183; Orizon","og_description":"[vc_row][vc_column][vc_column_text] Aviso legal Nombre de la entidad y forma jur\u00eddica de la entidad Ontex: Ontex BV N\u00famero de registro: 0419.457.296 Domicilio social: Genthof 5 9255 Buggenhout, Belgium C\u00f3digo o N\u00famero de Identificaci\u00f3n Fiscal: BE0419457296 Director de publicaciones:\u00a0Laurence Canfin, Category Head Adult Care Alojamiento web: WP Engine Irongate House, 22-30 Duke\u2019s Place London, EC3A 7LP United [&hellip;]","og_url":"https:\/\/orizon-solutions.com\/es\/aviso-legal\/","og_site_name":"Orizon","og_image":[{"width":900,"height":350,"url":"https:\/\/orizon-solutions.com\/wp-content\/uploads\/2021\/10\/ontex_aalst_belgium.webp","type":"image\/webp"}],"twitter_card":"summary_large_image","schema":{"@context":"https:\/\/schema.org","@graph":[{"@type":"WebPage","@id":"https:\/\/orizon-solutions.com\/es\/aviso-legal\/","url":"https:\/\/orizon-solutions.com\/es\/aviso-legal\/","name":"Discover our smart solution Aviso legal &#183; Orizon","isPartOf":{"@id":"https:\/\/orizon-solutions.com\/es\/#website"},"primaryImageOfPage":{"@id":"https:\/\/orizon-solutions.com\/es\/aviso-legal\/#primaryimage"},"image":{"@id":"https:\/\/orizon-solutions.com\/es\/aviso-legal\/#primaryimage"},"thumbnailUrl":"https:\/\/orizon-solutions.com\/wp-content\/uploads\/2021\/10\/ontex_aalst_belgium.webp","datePublished":"2021-10-18T15:12:02+00:00","breadcrumb":{"@id":"https:\/\/orizon-solutions.com\/es\/aviso-legal\/#breadcrumb"},"inLanguage":"es","potentialAction":[{"@type":"ReadAction","target":["https:\/\/orizon-solutions.com\/es\/aviso-legal\/"]}]},{"@type":"ImageObject","inLanguage":"es","@id":"https:\/\/orizon-solutions.com\/es\/aviso-legal\/#primaryimage","url":"https:\/\/orizon-solutions.com\/wp-content\/uploads\/2021\/10\/ontex_aalst_belgium.webp","contentUrl":"https:\/\/orizon-solutions.com\/wp-content\/uploads\/2021\/10\/ontex_aalst_belgium.webp","width":900,"height":350,"caption":"\/nl\/onze-slimme-oplossing\/"},{"@type":"BreadcrumbList","@id":"https:\/\/orizon-solutions.com\/es\/aviso-legal\/#breadcrumb","itemListElement":[{"@type":"ListItem","position":1,"name":"P\u00e1gina principal","item":"https:\/\/orizon-solutions.com\/es\/"},{"@type":"ListItem","position":2,"name":"Aviso legal"}]},{"@type":"WebSite","@id":"https:\/\/orizon-solutions.com\/es\/#website","url":"https:\/\/orizon-solutions.com\/es\/","name":"Orizon","description":"Smart Solutions","publisher":{"@id":"https:\/\/orizon-solutions.com\/es\/#organization"},"potentialAction":[{"@type":"SearchAction","target":{"@type":"EntryPoint","urlTemplate":"https:\/\/orizon-solutions.com\/es\/?s={search_term_string}"},"query-input":{"@type":"PropertyValueSpecification","valueRequired":true,"valueName":"search_term_string"}}],"inLanguage":"es"},{"@type":"Organization","@id":"https:\/\/orizon-solutions.com\/es\/#organization","name":"Orizon","url":"https:\/\/orizon-solutions.com\/es\/","logo":{"@type":"ImageObject","inLanguage":"es","@id":"https:\/\/orizon-solutions.com\/es\/#\/schema\/logo\/image\/","url":"https:\/\/orizon-solutions.com\/wp-content\/uploads\/2021\/09\/orizon-logo400.png","contentUrl":"https:\/\/orizon-solutions.com\/wp-content\/uploads\/2021\/09\/orizon-logo400.png","width":400,"height":79,"caption":"Orizon"},"image":{"@id":"https:\/\/orizon-solutions.com\/es\/#\/schema\/logo\/image\/"},"sameAs":["https:\/\/www.youtube.com\/channel\/UCKGKYYx3aomkfcL8bMyFDOg"]}]}},"_links":{"self":[{"href":"https:\/\/orizon-solutions.com\/es\/wp-json\/wp\/v2\/pages\/1125","targetHints":{"allow":["GET"]}}],"collection":[{"href":"https:\/\/orizon-solutions.com\/es\/wp-json\/wp\/v2\/pages"}],"about":[{"href":"https:\/\/orizon-solutions.com\/es\/wp-json\/wp\/v2\/types\/page"}],"author":[{"embeddable":true,"href":"https:\/\/orizon-solutions.com\/es\/wp-json\/wp\/v2\/users\/3"}],"replies":[{"embeddable":true,"href":"https:\/\/orizon-solutions.com\/es\/wp-json\/wp\/v2\/comments?post=1125"}],"version-history":[{"count":0,"href":"https:\/\/orizon-solutions.com\/es\/wp-json\/wp\/v2\/pages\/1125\/revisions"}],"wp:featuredmedia":[{"embeddable":true,"href":"https:\/\/orizon-solutions.com\/es\/wp-json\/wp\/v2\/media\/1322"}],"wp:attachment":[{"href":"https:\/\/orizon-solutions.com\/es\/wp-json\/wp\/v2\/media?parent=1125"}],"curies":[{"name":"wp","href":"https:\/\/api.w.org\/{rel}","templated":true}]}}