{"id":1068,"date":"2021-10-18T14:38:28","date_gmt":"2021-10-18T12:38:28","guid":{"rendered":"https:\/\/orizonprod.wpengine.com\/?page_id=1068"},"modified":"2021-10-25T13:44:50","modified_gmt":"2021-10-25T11:44:50","slug":"contacto","status":"publish","type":"page","link":"https:\/\/orizon-solutions.com\/es\/contacto\/","title":{"rendered":"Contacto"},"content":{"rendered":"<section class=\"wpb-content-wrapper\"><p>[vc_row padding_top_multiplier=\u00bb6x\u00bb padding_bottom_multiplier=\u00bb6x\u00bb el_class=\u00bbcontact-orizon oz-circles-bg3&#8243;][vc_column]<h1 class=\"grve-element grve-title grve-align-center grve-h1 mb-10 dark-heading\" style=\"\"><span>Contact<\/span><\/h1>[vc_column_text text_style=\u00bbleader-text\u00bb]<\/p>\n<p style=\"text-align: center;\">\u00bfQuieres ponerte en contacto con nosotros para obtener m\u00e1s informaci\u00f3n sobre Orizon?<\/p>\n<p>[\/vc_column_text]<div class=\"grve-empty-space grve-height-2x\" style=\"\"><\/div>[vc_row_inner el_class=\u00bbflex-row\u00bb][vc_column_inner width=\u00bb1\/6&#8243;][\/vc_column_inner][vc_column_inner width=\u00bb2\/3&#8243;][vc_column_text text_style=\u00bbleader-text\u00bb]Puedes ponerte en contacto con nosotros enviando un correo electr\u00f3nico a\u00a0<a href=\"mailto:contact@orizon.app\">contact@orizon.app<\/a> o a trav\u00e9s de su contacto local de Ontex.<\/p>\n<p>Gracias por su inter\u00e9s en obtener m\u00e1s informaci\u00f3n sobre nuestra soluci\u00f3n inteligente. Le damos mucha importancia a sus preguntas e inquietudes.\u200b[\/vc_column_text][\/vc_column_inner][vc_column_inner width=\u00bb1\/6&#8243;][\/vc_column_inner][\/vc_row_inner][\/vc_column][\/vc_row][vc_row section_type=\u00bbfullwidth\u00bb padding_top_multiplier=\u00bb\u00bb padding_bottom_multiplier=\u00bb\u00bb columns_gap=\u00bbnone\u00bb][vc_column]<section class=\"wpb-content-wrapper\"><p>[vc_row heading_color=\u00bblight\u00bb padding_top_multiplier=\u00bb3x\u00bb padding_bottom_multiplier=\u00bb3x\u00bb el_class=\u00bboz-gradient-style2&#8243; section_id=\u00bbcta-block\u00bb font_color=\u00bb#ffffff\u00bb][vc_column width=\u00bb1\/2&#8243; el_class=\u00bbsmaller-half\u00bb]<h2 class=\"grve-element grve-title grve-align-left grve-animated-item grve-duration-normal grve-fade-in grve-h2\" style=\"\" data-delay=\"200\"><span>Una nueva forma de cuidar a nuestros ancianos <\/span><\/h2>[vc_column_text text_style=\u00bbleader-text\u00bb]Gracias a nuestra soluci\u00f3n, los cuidadores pueden trabajar de una forma m\u00e1s eficiente y adaptar los cuidados a las necesidades reales de los residentes.[\/vc_column_text]<div class=\"grve-element grve-align-left oz-btn-wrapper-xs oz-btn-spaced mobile-centered\"><a href=\"https:\/\/orizon-solutions.com\/es\/orizon-smart\/\" title=\"Our smart solution\" class=\"grve-btn grve-btn-medium grve-extra-round grve-bg-primary-1 grve-bg-hover-white grve-btn-line oz-btn-white oz-btn-secondary oz-cta-btn oz-cta-btn-es\"><span>Nuestra soluci\u00f3n inteligente<\/span><\/a><\/div>[\/vc_column][vc_column width=\u00bb1\/2&#8243; mobile_width=\u00bbhide\u00bb el_class=\u00bbabout-last-right xtra-spaced-left\u00bb][\/vc_column][\/vc_row]<\/p>\n<\/section>[\/vc_column][\/vc_row]<\/p>\n<\/section>","protected":false},"excerpt":{"rendered":"<p>[vc_row padding_top_multiplier=\u00bb6x\u00bb padding_bottom_multiplier=\u00bb6x\u00bb el_class=\u00bbcontact-orizon oz-circles-bg3&#8243;][vc_column][vc_column_text text_style=\u00bbleader-text\u00bb] \u00bfQuieres ponerte en contacto con nosotros para obtener m\u00e1s informaci\u00f3n sobre Orizon? [\/vc_column_text][vc_row_inner el_class=\u00bbflex-row\u00bb][vc_column_inner width=\u00bb1\/6&#8243;][\/vc_column_inner][vc_column_inner width=\u00bb2\/3&#8243;][vc_column_text text_style=\u00bbleader-text\u00bb]Puedes ponerte en contacto con nosotros enviando un correo electr\u00f3nico a\u00a0contact@orizon.app o a trav\u00e9s de su contacto local de Ontex. Gracias por su inter\u00e9s en obtener m\u00e1s informaci\u00f3n sobre nuestra soluci\u00f3n inteligente. Le [&hellip;]<\/p>\n","protected":false},"author":3,"featured_media":824,"parent":0,"menu_order":0,"comment_status":"closed","ping_status":"closed","template":"","meta":{"_acf_changed":false,"inline_featured_image":false,"footnotes":""},"class_list":["post-1068","page","type-page","status-publish","has-post-thumbnail","hentry"],"acf":[],"yoast_head":"<!-- This site is optimized with the Yoast SEO Premium plugin v27.4 (Yoast SEO v27.4) - https:\/\/yoast.com\/product\/yoast-seo-premium-wordpress\/ -->\n<title>\u00bfQuieres ponerte en contacto con nosotros para obtener m\u00e1s informaci\u00f3n sobre Orizon? &#183; Orizon<\/title>\n<meta name=\"description\" content=\"Gracias por su inter\u00e9s en obtener m\u00e1s informaci\u00f3n sobre nuestra soluci\u00f3n inteligente. Le damos mucha importancia a sus preguntas e inquietudes.\u200b\" \/>\n<meta name=\"robots\" content=\"index, follow, max-snippet:-1, max-image-preview:large, max-video-preview:-1\" \/>\n<link rel=\"canonical\" href=\"https:\/\/orizon-solutions.com\/es\/contacto\/\" \/>\n<meta property=\"og:locale\" content=\"es_ES\" \/>\n<meta property=\"og:type\" content=\"article\" \/>\n<meta property=\"og:title\" content=\"Discover our smart solution Contacto &#183; Orizon\" \/>\n<meta property=\"og:description\" content=\"Gracias por su inter\u00e9s en obtener m\u00e1s informaci\u00f3n sobre nuestra soluci\u00f3n inteligente. Le damos mucha importancia a sus preguntas e inquietudes.\u200b\" \/>\n<meta property=\"og:url\" content=\"https:\/\/orizon-solutions.com\/es\/contacto\/\" \/>\n<meta property=\"og:site_name\" content=\"Orizon\" \/>\n<meta property=\"article:modified_time\" content=\"2021-10-25T11:44:50+00:00\" \/>\n<meta property=\"og:image\" content=\"https:\/\/orizon-solutions.com\/wp-content\/uploads\/2021\/10\/handshake.jpg\" \/>\n\t<meta property=\"og:image:width\" content=\"1000\" \/>\n\t<meta property=\"og:image:height\" content=\"562\" \/>\n\t<meta property=\"og:image:type\" content=\"image\/jpeg\" \/>\n<meta name=\"twitter:card\" content=\"summary_large_image\" \/>\n<meta name=\"twitter:label1\" content=\"Tiempo de lectura\" \/>\n\t<meta name=\"twitter:data1\" content=\"1 minuto\" \/>\n<script type=\"application\/ld+json\" class=\"yoast-schema-graph\">{\"@context\":\"https:\\\/\\\/schema.org\",\"@graph\":[{\"@type\":\"WebPage\",\"@id\":\"https:\\\/\\\/orizon-solutions.com\\\/es\\\/contacto\\\/\",\"url\":\"https:\\\/\\\/orizon-solutions.com\\\/es\\\/contacto\\\/\",\"name\":\"\u00bfQuieres ponerte en contacto con nosotros para obtener m\u00e1s informaci\u00f3n sobre Orizon? &#183; Orizon\",\"isPartOf\":{\"@id\":\"https:\\\/\\\/orizon-solutions.com\\\/es\\\/#website\"},\"primaryImageOfPage\":{\"@id\":\"https:\\\/\\\/orizon-solutions.com\\\/es\\\/contacto\\\/#primaryimage\"},\"image\":{\"@id\":\"https:\\\/\\\/orizon-solutions.com\\\/es\\\/contacto\\\/#primaryimage\"},\"thumbnailUrl\":\"https:\\\/\\\/orizon-solutions.com\\\/wp-content\\\/uploads\\\/2021\\\/10\\\/handshake.jpg\",\"datePublished\":\"2021-10-18T12:38:28+00:00\",\"dateModified\":\"2021-10-25T11:44:50+00:00\",\"description\":\"Gracias por su inter\u00e9s en obtener m\u00e1s informaci\u00f3n sobre nuestra soluci\u00f3n inteligente. Le damos mucha importancia a sus preguntas e inquietudes.\u200b\",\"breadcrumb\":{\"@id\":\"https:\\\/\\\/orizon-solutions.com\\\/es\\\/contacto\\\/#breadcrumb\"},\"inLanguage\":\"es\",\"potentialAction\":[{\"@type\":\"ReadAction\",\"target\":[\"https:\\\/\\\/orizon-solutions.com\\\/es\\\/contacto\\\/\"]}]},{\"@type\":\"ImageObject\",\"inLanguage\":\"es\",\"@id\":\"https:\\\/\\\/orizon-solutions.com\\\/es\\\/contacto\\\/#primaryimage\",\"url\":\"https:\\\/\\\/orizon-solutions.com\\\/wp-content\\\/uploads\\\/2021\\\/10\\\/handshake.jpg\",\"contentUrl\":\"https:\\\/\\\/orizon-solutions.com\\\/wp-content\\\/uploads\\\/2021\\\/10\\\/handshake.jpg\",\"width\":1000,\"height\":562,\"caption\":\"handshake\"},{\"@type\":\"BreadcrumbList\",\"@id\":\"https:\\\/\\\/orizon-solutions.com\\\/es\\\/contacto\\\/#breadcrumb\",\"itemListElement\":[{\"@type\":\"ListItem\",\"position\":1,\"name\":\"P\u00e1gina principal\",\"item\":\"https:\\\/\\\/orizon-solutions.com\\\/es\\\/\"},{\"@type\":\"ListItem\",\"position\":2,\"name\":\"Contacto\"}]},{\"@type\":\"WebSite\",\"@id\":\"https:\\\/\\\/orizon-solutions.com\\\/es\\\/#website\",\"url\":\"https:\\\/\\\/orizon-solutions.com\\\/es\\\/\",\"name\":\"Orizon\",\"description\":\"Smart Solutions\",\"publisher\":{\"@id\":\"https:\\\/\\\/orizon-solutions.com\\\/es\\\/#organization\"},\"potentialAction\":[{\"@type\":\"SearchAction\",\"target\":{\"@type\":\"EntryPoint\",\"urlTemplate\":\"https:\\\/\\\/orizon-solutions.com\\\/es\\\/?s={search_term_string}\"},\"query-input\":{\"@type\":\"PropertyValueSpecification\",\"valueRequired\":true,\"valueName\":\"search_term_string\"}}],\"inLanguage\":\"es\"},{\"@type\":\"Organization\",\"@id\":\"https:\\\/\\\/orizon-solutions.com\\\/es\\\/#organization\",\"name\":\"Orizon\",\"url\":\"https:\\\/\\\/orizon-solutions.com\\\/es\\\/\",\"logo\":{\"@type\":\"ImageObject\",\"inLanguage\":\"es\",\"@id\":\"https:\\\/\\\/orizon-solutions.com\\\/es\\\/#\\\/schema\\\/logo\\\/image\\\/\",\"url\":\"https:\\\/\\\/orizon-solutions.com\\\/wp-content\\\/uploads\\\/2021\\\/09\\\/orizon-logo400.png\",\"contentUrl\":\"https:\\\/\\\/orizon-solutions.com\\\/wp-content\\\/uploads\\\/2021\\\/09\\\/orizon-logo400.png\",\"width\":400,\"height\":79,\"caption\":\"Orizon\"},\"image\":{\"@id\":\"https:\\\/\\\/orizon-solutions.com\\\/es\\\/#\\\/schema\\\/logo\\\/image\\\/\"},\"sameAs\":[\"https:\\\/\\\/www.youtube.com\\\/channel\\\/UCKGKYYx3aomkfcL8bMyFDOg\"]}]}<\/script>\n<!-- \/ Yoast SEO Premium plugin. -->","yoast_head_json":{"title":"\u00bfQuieres ponerte en contacto con nosotros para obtener m\u00e1s informaci\u00f3n sobre Orizon? &#183; Orizon","description":"Gracias por su inter\u00e9s en obtener m\u00e1s informaci\u00f3n sobre nuestra soluci\u00f3n inteligente. Le damos mucha importancia a sus preguntas e inquietudes.\u200b","robots":{"index":"index","follow":"follow","max-snippet":"max-snippet:-1","max-image-preview":"max-image-preview:large","max-video-preview":"max-video-preview:-1"},"canonical":"https:\/\/orizon-solutions.com\/es\/contacto\/","og_locale":"es_ES","og_type":"article","og_title":"Discover our smart solution Contacto &#183; Orizon","og_description":"Gracias por su inter\u00e9s en obtener m\u00e1s informaci\u00f3n sobre nuestra soluci\u00f3n inteligente. Le damos mucha importancia a sus preguntas e inquietudes.\u200b","og_url":"https:\/\/orizon-solutions.com\/es\/contacto\/","og_site_name":"Orizon","article_modified_time":"2021-10-25T11:44:50+00:00","og_image":[{"width":1000,"height":562,"url":"https:\/\/orizon-solutions.com\/wp-content\/uploads\/2021\/10\/handshake.jpg","type":"image\/jpeg"}],"twitter_card":"summary_large_image","twitter_misc":{"Tiempo de lectura":"1 minuto"},"schema":{"@context":"https:\/\/schema.org","@graph":[{"@type":"WebPage","@id":"https:\/\/orizon-solutions.com\/es\/contacto\/","url":"https:\/\/orizon-solutions.com\/es\/contacto\/","name":"\u00bfQuieres ponerte en contacto con nosotros para obtener m\u00e1s informaci\u00f3n sobre Orizon? &#183; Orizon","isPartOf":{"@id":"https:\/\/orizon-solutions.com\/es\/#website"},"primaryImageOfPage":{"@id":"https:\/\/orizon-solutions.com\/es\/contacto\/#primaryimage"},"image":{"@id":"https:\/\/orizon-solutions.com\/es\/contacto\/#primaryimage"},"thumbnailUrl":"https:\/\/orizon-solutions.com\/wp-content\/uploads\/2021\/10\/handshake.jpg","datePublished":"2021-10-18T12:38:28+00:00","dateModified":"2021-10-25T11:44:50+00:00","description":"Gracias por su inter\u00e9s en obtener m\u00e1s informaci\u00f3n sobre nuestra soluci\u00f3n inteligente. Le damos mucha importancia a sus preguntas e inquietudes.\u200b","breadcrumb":{"@id":"https:\/\/orizon-solutions.com\/es\/contacto\/#breadcrumb"},"inLanguage":"es","potentialAction":[{"@type":"ReadAction","target":["https:\/\/orizon-solutions.com\/es\/contacto\/"]}]},{"@type":"ImageObject","inLanguage":"es","@id":"https:\/\/orizon-solutions.com\/es\/contacto\/#primaryimage","url":"https:\/\/orizon-solutions.com\/wp-content\/uploads\/2021\/10\/handshake.jpg","contentUrl":"https:\/\/orizon-solutions.com\/wp-content\/uploads\/2021\/10\/handshake.jpg","width":1000,"height":562,"caption":"handshake"},{"@type":"BreadcrumbList","@id":"https:\/\/orizon-solutions.com\/es\/contacto\/#breadcrumb","itemListElement":[{"@type":"ListItem","position":1,"name":"P\u00e1gina principal","item":"https:\/\/orizon-solutions.com\/es\/"},{"@type":"ListItem","position":2,"name":"Contacto"}]},{"@type":"WebSite","@id":"https:\/\/orizon-solutions.com\/es\/#website","url":"https:\/\/orizon-solutions.com\/es\/","name":"Orizon","description":"Smart Solutions","publisher":{"@id":"https:\/\/orizon-solutions.com\/es\/#organization"},"potentialAction":[{"@type":"SearchAction","target":{"@type":"EntryPoint","urlTemplate":"https:\/\/orizon-solutions.com\/es\/?s={search_term_string}"},"query-input":{"@type":"PropertyValueSpecification","valueRequired":true,"valueName":"search_term_string"}}],"inLanguage":"es"},{"@type":"Organization","@id":"https:\/\/orizon-solutions.com\/es\/#organization","name":"Orizon","url":"https:\/\/orizon-solutions.com\/es\/","logo":{"@type":"ImageObject","inLanguage":"es","@id":"https:\/\/orizon-solutions.com\/es\/#\/schema\/logo\/image\/","url":"https:\/\/orizon-solutions.com\/wp-content\/uploads\/2021\/09\/orizon-logo400.png","contentUrl":"https:\/\/orizon-solutions.com\/wp-content\/uploads\/2021\/09\/orizon-logo400.png","width":400,"height":79,"caption":"Orizon"},"image":{"@id":"https:\/\/orizon-solutions.com\/es\/#\/schema\/logo\/image\/"},"sameAs":["https:\/\/www.youtube.com\/channel\/UCKGKYYx3aomkfcL8bMyFDOg"]}]}},"_links":{"self":[{"href":"https:\/\/orizon-solutions.com\/es\/wp-json\/wp\/v2\/pages\/1068","targetHints":{"allow":["GET"]}}],"collection":[{"href":"https:\/\/orizon-solutions.com\/es\/wp-json\/wp\/v2\/pages"}],"about":[{"href":"https:\/\/orizon-solutions.com\/es\/wp-json\/wp\/v2\/types\/page"}],"author":[{"embeddable":true,"href":"https:\/\/orizon-solutions.com\/es\/wp-json\/wp\/v2\/users\/3"}],"replies":[{"embeddable":true,"href":"https:\/\/orizon-solutions.com\/es\/wp-json\/wp\/v2\/comments?post=1068"}],"version-history":[{"count":0,"href":"https:\/\/orizon-solutions.com\/es\/wp-json\/wp\/v2\/pages\/1068\/revisions"}],"wp:featuredmedia":[{"embeddable":true,"href":"https:\/\/orizon-solutions.com\/es\/wp-json\/wp\/v2\/media\/824"}],"wp:attachment":[{"href":"https:\/\/orizon-solutions.com\/es\/wp-json\/wp\/v2\/media?parent=1068"}],"curies":[{"name":"wp","href":"https:\/\/api.w.org\/{rel}","templated":true}]}}