{"id":1060,"date":"2021-10-18T12:44:48","date_gmt":"2021-10-18T10:44:48","guid":{"rendered":"https:\/\/orizonprod.wpengine.com\/?page_id=1060"},"modified":"2022-05-19T16:32:52","modified_gmt":"2022-05-19T14:32:52","slug":"acerca-de-nosotros","status":"publish","type":"page","link":"https:\/\/orizon-solutions.com\/es\/acerca-de-nosotros\/","title":{"rendered":"Acerca de nosotros"},"content":{"rendered":"<section class=\"wpb-content-wrapper\"><p>[vc_row padding_top_multiplier=\u00bb6x\u00bb padding_bottom_multiplier=\u00bb2x\u00bb columns_gap=\u00bb60&#8243; el_class=\u00bbabout-orizon-top\u00bb font_color=\u00bb#000000&#8243;][vc_column]<h1 class=\"grve-element grve-title grve-align-center grve-h1 mb-10 dark-heading\" style=\"\"><span>Saber m\u00e1s sobre Ontex y Orizon<\/span><\/h1><div class=\"grve-empty-space grve-height-5x\" style=\"\"><\/div>[vc_row_inner el_class=\u00bbflex-row about-1 about-row\u00bb][vc_column_inner width=\u00bb1\/3&#8243; el_class=\u00bbmobile-40&#8243; el_wrapper_class=\u00bbimage-desktop-bg\u00bb]<div class=\"grve-element grve-image grve-align-left\" style=\"\">  <div class=\"grve-image-wrapper\"><picture><source srcset=\"https:\/\/orizon-solutions.com\/wp-content\/uploads\/2021\/09\/about-1.jpg.webp 800w, https:\/\/orizon-solutions.com\/wp-content\/uploads\/2021\/09\/about-1-300x169.jpg.webp 300w, https:\/\/orizon-solutions.com\/wp-content\/uploads\/2021\/09\/about-1-768x432.jpg.webp 768w\" sizes=\"auto, (max-width: 800px) 100vw, 800px\" type=\"image\/webp\"><img loading=\"lazy\" decoding=\"async\" width=\"800\" height=\"450\" src=\"https:\/\/orizon-solutions.com\/wp-content\/uploads\/2021\/09\/about-1.jpg\" class=\"grve-extra-round attachment-full size-full webpexpress-processed\" alt=\"Factory worker\" srcset=\"https:\/\/orizon-solutions.com\/wp-content\/uploads\/2021\/09\/about-1.jpg 800w, https:\/\/orizon-solutions.com\/wp-content\/uploads\/2021\/09\/about-1-300x169.jpg 300w, https:\/\/orizon-solutions.com\/wp-content\/uploads\/2021\/09\/about-1-768x432.jpg 768w\" sizes=\"auto, (max-width: 800px) 100vw, 800px\"><\/picture>   <\/div><\/div>[\/vc_column_inner][vc_column_inner width=\u00bb2\/3&#8243;]<div class=\"grve-element grve-image mobile-centered mobile-40 about-logo grve-align-left\" style=\"margin-bottom: 20px;\">  <div class=\"grve-image-wrapper\"><a href=\"https:\/\/ontex.com\/\" title=\"Ontex website\" target=\"_blank\" rel=\"noopener noreferrer nofollow\"><picture><source srcset=\"https:\/\/orizon-solutions.com\/wp-content\/uploads\/2021\/10\/ontex-blue-resized.png.webp 1x,https:\/\/orizon-solutions.com\/wp-content\/uploads\/2021\/10\/ontex-blue-resized.png\" type=\"image\/webp\"><img loading=\"lazy\" decoding=\"async\" width=\"300\" height=\"115\" src=\"https:\/\/orizon-solutions.com\/wp-content\/uploads\/2021\/10\/ontex-blue-resized.png\" class=\"attachment-full size-full webpexpress-processed\" alt=\"Ontex logo\" srcset=\"https:\/\/orizon-solutions.com\/wp-content\/uploads\/2021\/10\/ontex-blue-resized.png 1x,https:\/\/orizon-solutions.com\/wp-content\/uploads\/2021\/10\/ontex-blue-resized.png 2x\"><\/picture><\/a>   <\/div><\/div>[vc_column_text el_class=\u00bboz-link-decoration\u00bb]Ontex es un grupo internacional l\u00edder en higiene personal con m\u00e1s de 40 a\u00f1os de experiencia en la ingenier\u00eda y producci\u00f3n de productos de alta calidad para clientes de todas las edades.\u200b<\/p>\n<p>Nuestros productos de higiene personal de alta calidad y rendimiento ofrecen la mejor relaci\u00f3n calidad-precio. Se distribuyen en m\u00e1s de 110 pa\u00edses y se fabrican en 19 centros de producci\u00f3n diferentes que han implementado pr\u00e1cticas sostenibles para minimizar nuestra huella de carbono.<\/p>\n<p><a href=\"https:\/\/ontex.com\/\" target=\"_blank\" rel=\"noopener\">Visite el sitio web de Ontex<\/a>[\/vc_column_text][\/vc_column_inner][\/vc_row_inner][vc_row_inner el_class=\u00bbflex-row about-2 about-row\u00bb][vc_column_inner width=\u00bb1\/3&#8243; el_class=\u00bbmobile-40&#8243; el_wrapper_class=\u00bbimage-desktop-bg\u00bb]<div class=\"grve-element grve-image mobile-centered grve-align-left\" style=\"\">  <div class=\"grve-image-wrapper\"><picture><source srcset=\"https:\/\/orizon-solutions.com\/wp-content\/uploads\/2021\/09\/about-2.jpg.webp 800w, https:\/\/orizon-solutions.com\/wp-content\/uploads\/2021\/09\/about-2-300x161.jpg.webp 300w, https:\/\/orizon-solutions.com\/wp-content\/uploads\/2021\/09\/about-2-768x413.jpg.webp 768w\" sizes=\"auto, (max-width: 800px) 100vw, 800px\" type=\"image\/webp\"><img loading=\"lazy\" decoding=\"async\" width=\"800\" height=\"430\" src=\"https:\/\/orizon-solutions.com\/wp-content\/uploads\/2021\/09\/about-2.jpg\" class=\"grve-extra-round attachment-full size-full webpexpress-processed\" alt=\"Smart tag\" srcset=\"https:\/\/orizon-solutions.com\/wp-content\/uploads\/2021\/09\/about-2.jpg 800w, https:\/\/orizon-solutions.com\/wp-content\/uploads\/2021\/09\/about-2-300x161.jpg 300w, https:\/\/orizon-solutions.com\/wp-content\/uploads\/2021\/09\/about-2-768x413.jpg 768w\" sizes=\"auto, (max-width: 800px) 100vw, 800px\"><\/picture>   <\/div><\/div>[\/vc_column_inner][vc_column_inner width=\u00bb2\/3&#8243;]<div class=\"grve-element grve-image grve-animated-item grve-duration-normal grve-fade-in orizon-logo mobile-centered grve-align-left\" style=\"margin-bottom: 30px;\" data-delay=\"200\">  <div class=\"grve-image-wrapper\"><picture><source srcset=\"https:\/\/orizon-solutions.com\/wp-content\/uploads\/2021\/09\/orizon-logo400.png.webp 400w, https:\/\/orizon-solutions.com\/wp-content\/uploads\/2021\/09\/orizon-logo400-300x59.png.webp 300w\" sizes=\"auto, (max-width: 400px) 100vw, 400px\" type=\"image\/webp\"><img loading=\"lazy\" decoding=\"async\" width=\"400\" height=\"79\" src=\"https:\/\/orizon-solutions.com\/wp-content\/uploads\/2021\/09\/orizon-logo400.png\" class=\"attachment-full size-full webpexpress-processed\" alt=\"Orizon logo\" srcset=\"https:\/\/orizon-solutions.com\/wp-content\/uploads\/2021\/09\/orizon-logo400.png 400w, https:\/\/orizon-solutions.com\/wp-content\/uploads\/2021\/09\/orizon-logo400-300x59.png 300w\" sizes=\"auto, (max-width: 400px) 100vw, 400px\"><\/picture>   <\/div><\/div>[vc_column_text el_class=\u00bboz-link-decoration\u00bb]En la actualidad, ofrecemos una amplia gama de productos para el cuidado de adultos con nuestras conocidas marcas iD, Serenity y Lille. Sin embargo, en Ontex nos centramos en el futuro. Seguimos desarrollando soluciones para facilitar la vida y ayudar a todas aquellas personas que tienen problemas de incontinencia. Con Orizon, buscamos ofrecer un producto integral. Un conjunto completo de soluciones, herramientas y servicios inteligentes para mejorar el confort y el bienestar.\u200b<\/p>\n<p><strong>Nuestro objetivo no solo es tratar las consecuencias de la incontinencia, sino tambi\u00e9n desarrollar herramientas y soluciones para mejorar la prevenci\u00f3n y la comprensi\u00f3n.\u200b<br \/>\n<\/strong>[\/vc_column_text][\/vc_column_inner][\/vc_row_inner][vc_row_inner el_class=\u00bbabout-orizon about-logo-block\u00bb][vc_column_inner width=\u00bb1\/2&#8243; el_class=\u00bbmobile-40&#8243;][vc_column_text]Esa es la raz\u00f3n por la que estamos desarrollando, junto a nuestra cartera cl\u00e1sica de cuidados para adultos (iD y Serenity), una soluci\u00f3n inteligente con Orizon. Orizon contar\u00e1 con el apoyo de estas dos marcas de productos l\u00edderes, iD y Serenity. Con este enfoque, estamos dando un salto en la evoluci\u00f3n de una gama cl\u00e1sica a una gama inteligente, pero manteniendo la calidad y el confort ya existentes. \u200b[\/vc_column_text][\/vc_column_inner][vc_column_inner width=\u00bb1\/2&#8243; el_wrapper_class=\u00bbimage-flex\u00bb]<div class=\"grve-element grve-image grve-animated-item grve-duration-normal grve-fade-in grve-align-center\" style=\"\" data-delay=\"200\">  <div class=\"grve-image-wrapper\"><picture><source srcset=\"https:\/\/orizon-solutions.com\/wp-content\/uploads\/2021\/09\/ontex-id2.png.webp\" type=\"image\/webp\"><img loading=\"lazy\" decoding=\"async\" width=\"251\" height=\"75\" src=\"https:\/\/orizon-solutions.com\/wp-content\/uploads\/2021\/09\/ontex-id2.png\" class=\"attachment-full size-full webpexpress-processed\" alt=\"orizon id\"><\/picture>   <\/div><\/div><div class=\"grve-element grve-image grve-animated-item grve-duration-normal grve-fade-in grve-align-center\" style=\"\" data-delay=\"200\">  <div class=\"grve-image-wrapper\"><picture><source srcset=\"https:\/\/orizon-solutions.com\/wp-content\/uploads\/2021\/09\/ontex-serenity2.png.webp\" type=\"image\/webp\"><img loading=\"lazy\" decoding=\"async\" width=\"251\" height=\"75\" src=\"https:\/\/orizon-solutions.com\/wp-content\/uploads\/2021\/09\/ontex-serenity2.png\" class=\"attachment-full size-full webpexpress-processed\" alt=\"orizon serenity\"><\/picture>   <\/div><\/div>[\/vc_column_inner][\/vc_row_inner][\/vc_column][\/vc_row][vc_row section_type=\u00bbfullwidth\u00bb padding_top_multiplier=\u00bb\u00bb padding_bottom_multiplier=\u00bb\u00bb columns_gap=\u00bbnone\u00bb][vc_column]<section class=\"wpb-content-wrapper\"><p>[vc_row heading_color=\u00bblight\u00bb padding_top_multiplier=\u00bb3x\u00bb padding_bottom_multiplier=\u00bb3x\u00bb el_class=\u00bboz-gradient-style2&#8243; section_id=\u00bbcta-block\u00bb font_color=\u00bb#ffffff\u00bb][vc_column width=\u00bb1\/2&#8243; el_class=\u00bbsmaller-half\u00bb]<h2 class=\"grve-element grve-title grve-align-left grve-animated-item grve-duration-normal grve-fade-in grve-h2\" style=\"\" data-delay=\"200\"><span>Una nueva forma de cuidar a nuestros ancianos <\/span><\/h2>[vc_column_text text_style=\u00bbleader-text\u00bb]Gracias a nuestra soluci\u00f3n, los cuidadores pueden trabajar de una forma m\u00e1s eficiente y adaptar los cuidados a las necesidades reales de los residentes.[\/vc_column_text]<div class=\"grve-element grve-align-left oz-btn-wrapper-xs oz-btn-spaced mobile-centered\"><a href=\"https:\/\/orizon-solutions.com\/es\/orizon-smart\/\" title=\"Our smart solution\" class=\"grve-btn grve-btn-medium grve-extra-round grve-bg-primary-1 grve-bg-hover-white grve-btn-line oz-btn-white oz-btn-secondary oz-cta-btn oz-cta-btn-es\"><span>Nuestra soluci\u00f3n inteligente<\/span><\/a><\/div>[\/vc_column][vc_column width=\u00bb1\/2&#8243; mobile_width=\u00bbhide\u00bb el_class=\u00bbabout-last-right xtra-spaced-left\u00bb][\/vc_column][\/vc_row]<\/p>\n<\/section>[\/vc_column][\/vc_row]<\/p>\n<\/section>","protected":false},"excerpt":{"rendered":"<p>[vc_row padding_top_multiplier=\u00bb6x\u00bb padding_bottom_multiplier=\u00bb2x\u00bb columns_gap=\u00bb60&#8243; el_class=\u00bbabout-orizon-top\u00bb font_color=\u00bb#000000&#8243;][vc_column][vc_row_inner el_class=\u00bbflex-row about-1 about-row\u00bb][vc_column_inner width=\u00bb1\/3&#8243; el_class=\u00bbmobile-40&#8243; el_wrapper_class=\u00bbimage-desktop-bg\u00bb][\/vc_column_inner][vc_column_inner width=\u00bb2\/3&#8243;][vc_column_text el_class=\u00bboz-link-decoration\u00bb]Ontex es un grupo internacional l\u00edder en higiene personal con m\u00e1s de 40 a\u00f1os de experiencia en la ingenier\u00eda y producci\u00f3n de productos de alta calidad para clientes de todas las edades.\u200b Nuestros productos de higiene personal de alta calidad y rendimiento [&hellip;]<\/p>\n","protected":false},"author":3,"featured_media":455,"parent":0,"menu_order":0,"comment_status":"closed","ping_status":"closed","template":"","meta":{"_acf_changed":false,"inline_featured_image":false,"footnotes":""},"class_list":["post-1060","page","type-page","status-publish","has-post-thumbnail","hentry"],"acf":[],"yoast_head":"<!-- This site is optimized with the Yoast SEO Premium plugin v27.4 (Yoast SEO v27.4) - https:\/\/yoast.com\/product\/yoast-seo-premium-wordpress\/ -->\n<title>Saber m\u00e1s sobre Ontex y Orizon &#183; Orizon<\/title>\n<meta name=\"description\" content=\"Nuestro objetivo no solo es tratar las consecuencias de la incontinencia, sino tambi\u00e9n desarrollar herramientas y soluciones para mejorar la prevenci\u00f3n y la comprensi\u00f3n.\u200b\" \/>\n<meta name=\"robots\" content=\"index, follow, max-snippet:-1, max-image-preview:large, max-video-preview:-1\" \/>\n<link rel=\"canonical\" href=\"https:\/\/orizon-solutions.com\/es\/acerca-de-nosotros\/\" \/>\n<meta property=\"og:locale\" content=\"es_ES\" \/>\n<meta property=\"og:type\" content=\"article\" \/>\n<meta property=\"og:title\" content=\"Discover our smart solution Acerca de nosotros &#183; Orizon\" \/>\n<meta property=\"og:description\" content=\"Nuestro objetivo no solo es tratar las consecuencias de la incontinencia, sino tambi\u00e9n desarrollar herramientas y soluciones para mejorar la prevenci\u00f3n y la comprensi\u00f3n.\u200b\" \/>\n<meta property=\"og:url\" content=\"https:\/\/orizon-solutions.com\/es\/acerca-de-nosotros\/\" \/>\n<meta property=\"og:site_name\" content=\"Orizon\" \/>\n<meta property=\"article:modified_time\" content=\"2022-05-19T14:32:52+00:00\" \/>\n<meta property=\"og:image\" content=\"https:\/\/orizon-solutions.com\/wp-content\/uploads\/2021\/09\/about-1.jpg\" \/>\n\t<meta property=\"og:image:width\" content=\"800\" \/>\n\t<meta property=\"og:image:height\" content=\"450\" \/>\n\t<meta property=\"og:image:type\" content=\"image\/jpeg\" \/>\n<meta name=\"twitter:card\" content=\"summary_large_image\" \/>\n<meta name=\"twitter:label1\" content=\"Tiempo de lectura\" \/>\n\t<meta name=\"twitter:data1\" content=\"2 minutos\" \/>\n<script type=\"application\/ld+json\" class=\"yoast-schema-graph\">{\"@context\":\"https:\\\/\\\/schema.org\",\"@graph\":[{\"@type\":\"WebPage\",\"@id\":\"https:\\\/\\\/orizon-solutions.com\\\/es\\\/acerca-de-nosotros\\\/\",\"url\":\"https:\\\/\\\/orizon-solutions.com\\\/es\\\/acerca-de-nosotros\\\/\",\"name\":\"Saber m\u00e1s sobre Ontex y Orizon &#183; Orizon\",\"isPartOf\":{\"@id\":\"https:\\\/\\\/orizon-solutions.com\\\/es\\\/#website\"},\"primaryImageOfPage\":{\"@id\":\"https:\\\/\\\/orizon-solutions.com\\\/es\\\/acerca-de-nosotros\\\/#primaryimage\"},\"image\":{\"@id\":\"https:\\\/\\\/orizon-solutions.com\\\/es\\\/acerca-de-nosotros\\\/#primaryimage\"},\"thumbnailUrl\":\"https:\\\/\\\/orizon-solutions.com\\\/wp-content\\\/uploads\\\/2021\\\/09\\\/about-1.jpg\",\"datePublished\":\"2021-10-18T10:44:48+00:00\",\"dateModified\":\"2022-05-19T14:32:52+00:00\",\"description\":\"Nuestro objetivo no solo es tratar las consecuencias de la incontinencia, sino tambi\u00e9n desarrollar herramientas y soluciones para mejorar la prevenci\u00f3n y la comprensi\u00f3n.\u200b\",\"breadcrumb\":{\"@id\":\"https:\\\/\\\/orizon-solutions.com\\\/es\\\/acerca-de-nosotros\\\/#breadcrumb\"},\"inLanguage\":\"es\",\"potentialAction\":[{\"@type\":\"ReadAction\",\"target\":[\"https:\\\/\\\/orizon-solutions.com\\\/es\\\/acerca-de-nosotros\\\/\"]}]},{\"@type\":\"ImageObject\",\"inLanguage\":\"es\",\"@id\":\"https:\\\/\\\/orizon-solutions.com\\\/es\\\/acerca-de-nosotros\\\/#primaryimage\",\"url\":\"https:\\\/\\\/orizon-solutions.com\\\/wp-content\\\/uploads\\\/2021\\\/09\\\/about-1.jpg\",\"contentUrl\":\"https:\\\/\\\/orizon-solutions.com\\\/wp-content\\\/uploads\\\/2021\\\/09\\\/about-1.jpg\",\"width\":800,\"height\":450,\"caption\":\"Factory worker\"},{\"@type\":\"BreadcrumbList\",\"@id\":\"https:\\\/\\\/orizon-solutions.com\\\/es\\\/acerca-de-nosotros\\\/#breadcrumb\",\"itemListElement\":[{\"@type\":\"ListItem\",\"position\":1,\"name\":\"P\u00e1gina principal\",\"item\":\"https:\\\/\\\/orizon-solutions.com\\\/es\\\/\"},{\"@type\":\"ListItem\",\"position\":2,\"name\":\"Acerca de nosotros\"}]},{\"@type\":\"WebSite\",\"@id\":\"https:\\\/\\\/orizon-solutions.com\\\/es\\\/#website\",\"url\":\"https:\\\/\\\/orizon-solutions.com\\\/es\\\/\",\"name\":\"Orizon\",\"description\":\"Smart Solutions\",\"publisher\":{\"@id\":\"https:\\\/\\\/orizon-solutions.com\\\/es\\\/#organization\"},\"potentialAction\":[{\"@type\":\"SearchAction\",\"target\":{\"@type\":\"EntryPoint\",\"urlTemplate\":\"https:\\\/\\\/orizon-solutions.com\\\/es\\\/?s={search_term_string}\"},\"query-input\":{\"@type\":\"PropertyValueSpecification\",\"valueRequired\":true,\"valueName\":\"search_term_string\"}}],\"inLanguage\":\"es\"},{\"@type\":\"Organization\",\"@id\":\"https:\\\/\\\/orizon-solutions.com\\\/es\\\/#organization\",\"name\":\"Orizon\",\"url\":\"https:\\\/\\\/orizon-solutions.com\\\/es\\\/\",\"logo\":{\"@type\":\"ImageObject\",\"inLanguage\":\"es\",\"@id\":\"https:\\\/\\\/orizon-solutions.com\\\/es\\\/#\\\/schema\\\/logo\\\/image\\\/\",\"url\":\"https:\\\/\\\/orizon-solutions.com\\\/wp-content\\\/uploads\\\/2021\\\/09\\\/orizon-logo400.png\",\"contentUrl\":\"https:\\\/\\\/orizon-solutions.com\\\/wp-content\\\/uploads\\\/2021\\\/09\\\/orizon-logo400.png\",\"width\":400,\"height\":79,\"caption\":\"Orizon\"},\"image\":{\"@id\":\"https:\\\/\\\/orizon-solutions.com\\\/es\\\/#\\\/schema\\\/logo\\\/image\\\/\"},\"sameAs\":[\"https:\\\/\\\/www.youtube.com\\\/channel\\\/UCKGKYYx3aomkfcL8bMyFDOg\"]}]}<\/script>\n<!-- \/ Yoast SEO Premium plugin. -->","yoast_head_json":{"title":"Saber m\u00e1s sobre Ontex y Orizon &#183; Orizon","description":"Nuestro objetivo no solo es tratar las consecuencias de la incontinencia, sino tambi\u00e9n desarrollar herramientas y soluciones para mejorar la prevenci\u00f3n y la comprensi\u00f3n.\u200b","robots":{"index":"index","follow":"follow","max-snippet":"max-snippet:-1","max-image-preview":"max-image-preview:large","max-video-preview":"max-video-preview:-1"},"canonical":"https:\/\/orizon-solutions.com\/es\/acerca-de-nosotros\/","og_locale":"es_ES","og_type":"article","og_title":"Discover our smart solution Acerca de nosotros &#183; Orizon","og_description":"Nuestro objetivo no solo es tratar las consecuencias de la incontinencia, sino tambi\u00e9n desarrollar herramientas y soluciones para mejorar la prevenci\u00f3n y la comprensi\u00f3n.\u200b","og_url":"https:\/\/orizon-solutions.com\/es\/acerca-de-nosotros\/","og_site_name":"Orizon","article_modified_time":"2022-05-19T14:32:52+00:00","og_image":[{"width":800,"height":450,"url":"https:\/\/orizon-solutions.com\/wp-content\/uploads\/2021\/09\/about-1.jpg","type":"image\/jpeg"}],"twitter_card":"summary_large_image","twitter_misc":{"Tiempo de lectura":"2 minutos"},"schema":{"@context":"https:\/\/schema.org","@graph":[{"@type":"WebPage","@id":"https:\/\/orizon-solutions.com\/es\/acerca-de-nosotros\/","url":"https:\/\/orizon-solutions.com\/es\/acerca-de-nosotros\/","name":"Saber m\u00e1s sobre Ontex y Orizon &#183; Orizon","isPartOf":{"@id":"https:\/\/orizon-solutions.com\/es\/#website"},"primaryImageOfPage":{"@id":"https:\/\/orizon-solutions.com\/es\/acerca-de-nosotros\/#primaryimage"},"image":{"@id":"https:\/\/orizon-solutions.com\/es\/acerca-de-nosotros\/#primaryimage"},"thumbnailUrl":"https:\/\/orizon-solutions.com\/wp-content\/uploads\/2021\/09\/about-1.jpg","datePublished":"2021-10-18T10:44:48+00:00","dateModified":"2022-05-19T14:32:52+00:00","description":"Nuestro objetivo no solo es tratar las consecuencias de la incontinencia, sino tambi\u00e9n desarrollar herramientas y soluciones para mejorar la prevenci\u00f3n y la comprensi\u00f3n.\u200b","breadcrumb":{"@id":"https:\/\/orizon-solutions.com\/es\/acerca-de-nosotros\/#breadcrumb"},"inLanguage":"es","potentialAction":[{"@type":"ReadAction","target":["https:\/\/orizon-solutions.com\/es\/acerca-de-nosotros\/"]}]},{"@type":"ImageObject","inLanguage":"es","@id":"https:\/\/orizon-solutions.com\/es\/acerca-de-nosotros\/#primaryimage","url":"https:\/\/orizon-solutions.com\/wp-content\/uploads\/2021\/09\/about-1.jpg","contentUrl":"https:\/\/orizon-solutions.com\/wp-content\/uploads\/2021\/09\/about-1.jpg","width":800,"height":450,"caption":"Factory worker"},{"@type":"BreadcrumbList","@id":"https:\/\/orizon-solutions.com\/es\/acerca-de-nosotros\/#breadcrumb","itemListElement":[{"@type":"ListItem","position":1,"name":"P\u00e1gina principal","item":"https:\/\/orizon-solutions.com\/es\/"},{"@type":"ListItem","position":2,"name":"Acerca de nosotros"}]},{"@type":"WebSite","@id":"https:\/\/orizon-solutions.com\/es\/#website","url":"https:\/\/orizon-solutions.com\/es\/","name":"Orizon","description":"Smart Solutions","publisher":{"@id":"https:\/\/orizon-solutions.com\/es\/#organization"},"potentialAction":[{"@type":"SearchAction","target":{"@type":"EntryPoint","urlTemplate":"https:\/\/orizon-solutions.com\/es\/?s={search_term_string}"},"query-input":{"@type":"PropertyValueSpecification","valueRequired":true,"valueName":"search_term_string"}}],"inLanguage":"es"},{"@type":"Organization","@id":"https:\/\/orizon-solutions.com\/es\/#organization","name":"Orizon","url":"https:\/\/orizon-solutions.com\/es\/","logo":{"@type":"ImageObject","inLanguage":"es","@id":"https:\/\/orizon-solutions.com\/es\/#\/schema\/logo\/image\/","url":"https:\/\/orizon-solutions.com\/wp-content\/uploads\/2021\/09\/orizon-logo400.png","contentUrl":"https:\/\/orizon-solutions.com\/wp-content\/uploads\/2021\/09\/orizon-logo400.png","width":400,"height":79,"caption":"Orizon"},"image":{"@id":"https:\/\/orizon-solutions.com\/es\/#\/schema\/logo\/image\/"},"sameAs":["https:\/\/www.youtube.com\/channel\/UCKGKYYx3aomkfcL8bMyFDOg"]}]}},"_links":{"self":[{"href":"https:\/\/orizon-solutions.com\/es\/wp-json\/wp\/v2\/pages\/1060","targetHints":{"allow":["GET"]}}],"collection":[{"href":"https:\/\/orizon-solutions.com\/es\/wp-json\/wp\/v2\/pages"}],"about":[{"href":"https:\/\/orizon-solutions.com\/es\/wp-json\/wp\/v2\/types\/page"}],"author":[{"embeddable":true,"href":"https:\/\/orizon-solutions.com\/es\/wp-json\/wp\/v2\/users\/3"}],"replies":[{"embeddable":true,"href":"https:\/\/orizon-solutions.com\/es\/wp-json\/wp\/v2\/comments?post=1060"}],"version-history":[{"count":0,"href":"https:\/\/orizon-solutions.com\/es\/wp-json\/wp\/v2\/pages\/1060\/revisions"}],"wp:featuredmedia":[{"embeddable":true,"href":"https:\/\/orizon-solutions.com\/es\/wp-json\/wp\/v2\/media\/455"}],"wp:attachment":[{"href":"https:\/\/orizon-solutions.com\/es\/wp-json\/wp\/v2\/media?parent=1060"}],"curies":[{"name":"wp","href":"https:\/\/api.w.org\/{rel}","templated":true}]}}