{"id":2042,"date":"2023-07-26T12:29:35","date_gmt":"2023-07-26T10:29:35","guid":{"rendered":"https:\/\/orizon-solutions.com\/?page_id=2042"},"modified":"2026-02-04T15:43:12","modified_gmt":"2026-02-04T14:43:12","slug":"ontex-hub","status":"publish","type":"page","link":"https:\/\/orizon-solutions.com\/de\/ontex-hub\/","title":{"rendered":"Ontex HUB"},"content":{"rendered":"<section class=\"wpb-content-wrapper\"><p>[vc_row padding_top_multiplier=&#8220;6x&#8220; el_class=&#8220;orizon-hub&#8220;][vc_column el_class=&#8220;oz-padding-12&#8243;]<h1 class=\"grve-element grve-title grve-align-left grve-h1 mb-10 dark-heading\" style=\"\"><span>Willkommen auf dem Ontex HUB!<\/span><\/h1><div class=\"grve-empty-space grve-height-1x\" style=\"\"><\/div>[vc_column_text text_style=&#8220;leader-text&#8220;]Hier haben Sie Zugriff auf verschiedene Plattformen mit wichtigen Informationen und hochwertigen Inhalten rund um die Uhr.<\/p>\n<p>Innerhalb dieses HUBs k\u00f6nnen Sie auf <strong>ORIZON ON DEMAND<\/strong> zugreifen.<br \/>\nDies ist unsere beliebte Plattform, die eine breite Palette von Support-Tools und Produktinformationen auf Knopfdruck bereitstellt.<br \/>\nDank der benutzerfreundlichen Gestaltung ist es einfach, zu navigieren und Produktkataloge, technische Details, Anlegehinweise, Bilder und gegebenenfalls sogar Finanzinformationen zu finden.[\/vc_column_text][\/vc_column][\/vc_row][vc_row padding_top_multiplier=&#8220;&#8220; padding_bottom_multiplier=&#8220;&#8220;][vc_column width=&#8220;1\/6&#8243;][\/vc_column][vc_column width=&#8220;2\/3&#8243;]<div class=\"grve-empty-space grve-height-1x\" style=\"\"><\/div>[vc_raw_html]JTNDaWZyYW1lJTIwc3JjJTNEJTIyaHR0cHMlM0ElMkYlMkZwbGF5ZXIudmltZW8uY29tJTJGdmlkZW8lMkY4NDg2NjM0NzglM0ZoJTNEZmVhNzllZDQyOSUyMiUyMHdpZHRoJTNEJTIyNjQwJTIyJTIwaGVpZ2h0JTNEJTIyMzYwJTIyJTIwZnJhbWVib3JkZXIlM0QlMjIwJTIyJTIwYWxsb3clM0QlMjJhdXRvcGxheSUzQiUyMGZ1bGxzY3JlZW4lM0IlMjBwaWN0dXJlLWluLXBpY3R1cmUlMjIlMjBhbGxvd2Z1bGxzY3JlZW4lM0UlM0MlMkZpZnJhbWUlM0U=[\/vc_raw_html]<div class=\"grve-empty-space grve-height-1x\" style=\"\"><\/div>[\/vc_column][vc_column width=&#8220;1\/6&#8243;][\/vc_column][\/vc_row][vc_row bg_type=&#8220;color&#8220; padding_top_multiplier=&#8220;2x&#8220; padding_bottom_multiplier=&#8220;2x&#8220; bg_color=&#8220;#f1f2f7&#8243;][vc_column el_class=&#8220;oz-padding-12&#8243;][vc_column_text text_style=&#8220;leader-text&#8220;]<\/p>\n<p style=\"text-align: center;\">Sie steht unseren Gesch\u00e4ftskunden zur Verf\u00fcgung und ist auch unser zentraler Anlaufpunkt f\u00fcr Updates zu unseren aktuellen oder neuen Produkten, \u00c4nderungen und anderen relevanten Neuigkeiten.<\/p>\n<p style=\"text-align: center;\"><strong>Um sich zu registrieren oder anzumelden, klicken Sie bitte auf die Schaltfl\u00e4che unten!<\/strong><\/p>\n<p>[\/vc_column_text]<div class=\"grve-empty-space grve-height-1x\" style=\"\"><\/div><div class=\"grve-element grve-align-center\"><a href=\"https:\/\/de.orizonondemand.com\/\" title=\"Orizon on demand\" target=\"_blank\" rel=\"noopener noreferrer\" class=\"grve-btn grve-btn-medium grve-extra-round grve-bg-primary-1 grve-bg-hover-black\"><span>Orizon On Demand besuchen<\/span><\/a><\/div>[\/vc_column][\/vc_row]<\/p>\n<\/section>","protected":false},"excerpt":{"rendered":"<p>[vc_row padding_top_multiplier=&#8220;6x&#8220; el_class=&#8220;orizon-hub&#8220;][vc_column el_class=&#8220;oz-padding-12&#8243;][vc_column_text text_style=&#8220;leader-text&#8220;]Hier haben Sie Zugriff auf verschiedene Plattformen mit wichtigen Informationen und hochwertigen Inhalten rund um die Uhr. Innerhalb dieses HUBs k\u00f6nnen Sie auf ORIZON ON DEMAND zugreifen. Dies ist unsere beliebte Plattform, die eine breite Palette von Support-Tools und Produktinformationen auf Knopfdruck bereitstellt. Dank der benutzerfreundlichen Gestaltung ist es einfach, zu [&hellip;]<\/p>\n","protected":false},"author":3,"featured_media":0,"parent":0,"menu_order":0,"comment_status":"closed","ping_status":"closed","template":"","meta":{"_acf_changed":false,"inline_featured_image":false,"footnotes":""},"class_list":["post-2042","page","type-page","status-publish","hentry"],"acf":[],"yoast_head":"<!-- This site is optimized with the Yoast SEO Premium plugin v27.4 (Yoast SEO v27.4) - https:\/\/yoast.com\/product\/yoast-seo-premium-wordpress\/ -->\n<title>Discover our smart solution Ontex HUB &#183; Orizon<\/title>\n<meta name=\"robots\" content=\"noindex, nofollow\" \/>\n<meta property=\"og:locale\" content=\"de_DE\" \/>\n<meta property=\"og:type\" content=\"article\" \/>\n<meta property=\"og:title\" content=\"Discover our smart solution Ontex HUB &#183; Orizon\" \/>\n<meta property=\"og:description\" content=\"[vc_row padding_top_multiplier=&#8220;6x&#8220; el_class=&#8220;orizon-hub&#8220;][vc_column el_class=&#8220;oz-padding-12&#8243;][vc_column_text text_style=&#8220;leader-text&#8220;]Hier haben Sie Zugriff auf verschiedene Plattformen mit wichtigen Informationen und hochwertigen Inhalten rund um die Uhr. Innerhalb dieses HUBs k\u00f6nnen Sie auf ORIZON ON DEMAND zugreifen. Dies ist unsere beliebte Plattform, die eine breite Palette von Support-Tools und Produktinformationen auf Knopfdruck bereitstellt. Dank der benutzerfreundlichen Gestaltung ist es einfach, zu [&hellip;]\" \/>\n<meta property=\"og:url\" content=\"https:\/\/orizon-solutions.com\/de\/ontex-hub\/\" \/>\n<meta property=\"og:site_name\" content=\"Orizon\" \/>\n<meta property=\"article:modified_time\" content=\"2026-02-04T14:43:12+00:00\" \/>\n<meta property=\"og:image\" content=\"https:\/\/orizon-solutions.com\/wp-content\/uploads\/2021\/10\/KV_Orizon.jpg\" \/>\n\t<meta property=\"og:image:width\" content=\"681\" \/>\n\t<meta property=\"og:image:height\" content=\"618\" \/>\n\t<meta property=\"og:image:type\" content=\"image\/jpeg\" \/>\n<meta name=\"twitter:card\" content=\"summary_large_image\" \/>\n<meta name=\"twitter:label1\" content=\"Gesch\u00e4tzte Lesezeit\" \/>\n\t<meta name=\"twitter:data1\" content=\"1 Minute\" \/>\n<script type=\"application\/ld+json\" class=\"yoast-schema-graph\">{\"@context\":\"https:\\\/\\\/schema.org\",\"@graph\":[{\"@type\":\"WebPage\",\"@id\":\"https:\\\/\\\/orizon-solutions.com\\\/de\\\/ontex-hub\\\/\",\"url\":\"https:\\\/\\\/orizon-solutions.com\\\/de\\\/ontex-hub\\\/\",\"name\":\"Discover our smart solution Ontex HUB &#183; Orizon\",\"isPartOf\":{\"@id\":\"https:\\\/\\\/orizon-solutions.com\\\/de\\\/#website\"},\"datePublished\":\"2023-07-26T10:29:35+00:00\",\"dateModified\":\"2026-02-04T14:43:12+00:00\",\"breadcrumb\":{\"@id\":\"https:\\\/\\\/orizon-solutions.com\\\/de\\\/ontex-hub\\\/#breadcrumb\"},\"inLanguage\":\"de-DE\",\"potentialAction\":[{\"@type\":\"ReadAction\",\"target\":[\"https:\\\/\\\/orizon-solutions.com\\\/de\\\/ontex-hub\\\/\"]}]},{\"@type\":\"BreadcrumbList\",\"@id\":\"https:\\\/\\\/orizon-solutions.com\\\/de\\\/ontex-hub\\\/#breadcrumb\",\"itemListElement\":[{\"@type\":\"ListItem\",\"position\":1,\"name\":\"Startseite\",\"item\":\"https:\\\/\\\/orizon-solutions.com\\\/de\\\/\"},{\"@type\":\"ListItem\",\"position\":2,\"name\":\"Ontex HUB\"}]},{\"@type\":\"WebSite\",\"@id\":\"https:\\\/\\\/orizon-solutions.com\\\/de\\\/#website\",\"url\":\"https:\\\/\\\/orizon-solutions.com\\\/de\\\/\",\"name\":\"Orizon\",\"description\":\"Smart Solutions\",\"publisher\":{\"@id\":\"https:\\\/\\\/orizon-solutions.com\\\/de\\\/#organization\"},\"potentialAction\":[{\"@type\":\"SearchAction\",\"target\":{\"@type\":\"EntryPoint\",\"urlTemplate\":\"https:\\\/\\\/orizon-solutions.com\\\/de\\\/?s={search_term_string}\"},\"query-input\":{\"@type\":\"PropertyValueSpecification\",\"valueRequired\":true,\"valueName\":\"search_term_string\"}}],\"inLanguage\":\"de-DE\"},{\"@type\":\"Organization\",\"@id\":\"https:\\\/\\\/orizon-solutions.com\\\/de\\\/#organization\",\"name\":\"Orizon\",\"url\":\"https:\\\/\\\/orizon-solutions.com\\\/de\\\/\",\"logo\":{\"@type\":\"ImageObject\",\"inLanguage\":\"de-DE\",\"@id\":\"https:\\\/\\\/orizon-solutions.com\\\/de\\\/#\\\/schema\\\/logo\\\/image\\\/\",\"url\":\"https:\\\/\\\/orizon-solutions.com\\\/wp-content\\\/uploads\\\/2021\\\/09\\\/orizon-logo400.png\",\"contentUrl\":\"https:\\\/\\\/orizon-solutions.com\\\/wp-content\\\/uploads\\\/2021\\\/09\\\/orizon-logo400.png\",\"width\":400,\"height\":79,\"caption\":\"Orizon\"},\"image\":{\"@id\":\"https:\\\/\\\/orizon-solutions.com\\\/de\\\/#\\\/schema\\\/logo\\\/image\\\/\"},\"sameAs\":[\"https:\\\/\\\/www.youtube.com\\\/channel\\\/UCKGKYYx3aomkfcL8bMyFDOg\"]}]}<\/script>\n<!-- \/ Yoast SEO Premium plugin. -->","yoast_head_json":{"title":"Discover our smart solution Ontex HUB &#183; Orizon","robots":{"index":"noindex","follow":"nofollow"},"og_locale":"de_DE","og_type":"article","og_title":"Discover our smart solution Ontex HUB &#183; Orizon","og_description":"[vc_row padding_top_multiplier=&#8220;6x&#8220; el_class=&#8220;orizon-hub&#8220;][vc_column el_class=&#8220;oz-padding-12&#8243;][vc_column_text text_style=&#8220;leader-text&#8220;]Hier haben Sie Zugriff auf verschiedene Plattformen mit wichtigen Informationen und hochwertigen Inhalten rund um die Uhr. Innerhalb dieses HUBs k\u00f6nnen Sie auf ORIZON ON DEMAND zugreifen. Dies ist unsere beliebte Plattform, die eine breite Palette von Support-Tools und Produktinformationen auf Knopfdruck bereitstellt. Dank der benutzerfreundlichen Gestaltung ist es einfach, zu [&hellip;]","og_url":"https:\/\/orizon-solutions.com\/de\/ontex-hub\/","og_site_name":"Orizon","article_modified_time":"2026-02-04T14:43:12+00:00","og_image":[{"width":681,"height":618,"url":"https:\/\/orizon-solutions.com\/wp-content\/uploads\/2021\/10\/KV_Orizon.jpg","type":"image\/jpeg"}],"twitter_card":"summary_large_image","twitter_misc":{"Gesch\u00e4tzte Lesezeit":"1 Minute"},"schema":{"@context":"https:\/\/schema.org","@graph":[{"@type":"WebPage","@id":"https:\/\/orizon-solutions.com\/de\/ontex-hub\/","url":"https:\/\/orizon-solutions.com\/de\/ontex-hub\/","name":"Discover our smart solution Ontex HUB &#183; Orizon","isPartOf":{"@id":"https:\/\/orizon-solutions.com\/de\/#website"},"datePublished":"2023-07-26T10:29:35+00:00","dateModified":"2026-02-04T14:43:12+00:00","breadcrumb":{"@id":"https:\/\/orizon-solutions.com\/de\/ontex-hub\/#breadcrumb"},"inLanguage":"de-DE","potentialAction":[{"@type":"ReadAction","target":["https:\/\/orizon-solutions.com\/de\/ontex-hub\/"]}]},{"@type":"BreadcrumbList","@id":"https:\/\/orizon-solutions.com\/de\/ontex-hub\/#breadcrumb","itemListElement":[{"@type":"ListItem","position":1,"name":"Startseite","item":"https:\/\/orizon-solutions.com\/de\/"},{"@type":"ListItem","position":2,"name":"Ontex HUB"}]},{"@type":"WebSite","@id":"https:\/\/orizon-solutions.com\/de\/#website","url":"https:\/\/orizon-solutions.com\/de\/","name":"Orizon","description":"Smart Solutions","publisher":{"@id":"https:\/\/orizon-solutions.com\/de\/#organization"},"potentialAction":[{"@type":"SearchAction","target":{"@type":"EntryPoint","urlTemplate":"https:\/\/orizon-solutions.com\/de\/?s={search_term_string}"},"query-input":{"@type":"PropertyValueSpecification","valueRequired":true,"valueName":"search_term_string"}}],"inLanguage":"de-DE"},{"@type":"Organization","@id":"https:\/\/orizon-solutions.com\/de\/#organization","name":"Orizon","url":"https:\/\/orizon-solutions.com\/de\/","logo":{"@type":"ImageObject","inLanguage":"de-DE","@id":"https:\/\/orizon-solutions.com\/de\/#\/schema\/logo\/image\/","url":"https:\/\/orizon-solutions.com\/wp-content\/uploads\/2021\/09\/orizon-logo400.png","contentUrl":"https:\/\/orizon-solutions.com\/wp-content\/uploads\/2021\/09\/orizon-logo400.png","width":400,"height":79,"caption":"Orizon"},"image":{"@id":"https:\/\/orizon-solutions.com\/de\/#\/schema\/logo\/image\/"},"sameAs":["https:\/\/www.youtube.com\/channel\/UCKGKYYx3aomkfcL8bMyFDOg"]}]}},"_links":{"self":[{"href":"https:\/\/orizon-solutions.com\/de\/wp-json\/wp\/v2\/pages\/2042","targetHints":{"allow":["GET"]}}],"collection":[{"href":"https:\/\/orizon-solutions.com\/de\/wp-json\/wp\/v2\/pages"}],"about":[{"href":"https:\/\/orizon-solutions.com\/de\/wp-json\/wp\/v2\/types\/page"}],"author":[{"embeddable":true,"href":"https:\/\/orizon-solutions.com\/de\/wp-json\/wp\/v2\/users\/3"}],"replies":[{"embeddable":true,"href":"https:\/\/orizon-solutions.com\/de\/wp-json\/wp\/v2\/comments?post=2042"}],"version-history":[{"count":0,"href":"https:\/\/orizon-solutions.com\/de\/wp-json\/wp\/v2\/pages\/2042\/revisions"}],"wp:attachment":[{"href":"https:\/\/orizon-solutions.com\/de\/wp-json\/wp\/v2\/media?parent=2042"}],"curies":[{"name":"wp","href":"https:\/\/api.w.org\/{rel}","templated":true}]}}