{"id":1775,"date":"2023-03-07T17:15:09","date_gmt":"2023-03-07T16:15:09","guid":{"rendered":"https:\/\/orizon-solutions.com\/?page_id=1775"},"modified":"2023-03-08T18:18:58","modified_gmt":"2023-03-08T17:18:58","slug":"altenpflege-2023","status":"publish","type":"page","link":"https:\/\/orizon-solutions.com\/de\/altenpflege-2023\/","title":{"rendered":"Altenpflege 2023"},"content":{"rendered":"<section class=\"wpb-content-wrapper\"><p>[vc_row padding_top_multiplier=&#8220;3x&#8220; padding_bottom_multiplier=&#8220;4x&#8220; columns_gap=&#8220;none&#8220;][vc_column]<h1 class=\"grve-element grve-title grve-align-center grve-h1 mb-10 dark-heading\" style=\"\"><span>Altenpflege 2023<\/span><\/h1>[vc_row_inner el_class=&#8220;sub-row&#8220;][vc_column_inner][vc_column_text text_style=&#8220;leader-text&#8220; el_class=&#8220;dgray-text&#8220; css=&#8220;.vc_custom_1678295852508{margin-bottom: 36px !important;}&#8220;]<\/p>\n<p style=\"text-align: center;\">Wir freuen uns, Ihnen auf der diesj\u00e4hrigen Altenpflege in N\u00fcrnberg unsere erweiterte Innovation Orizon Smart vorstellen zu k\u00f6nnen. Begeben Sie sich gemeinsam mit uns auf das n\u00e4chste Level der Pflege und sehen Sie sich eine exklusive Demonstration unseres Orizon Smart Konzeptes an. Wir freuen uns auf Ihren Besuch.\u200b<\/p>\n<p>[\/vc_column_text]<div class=\"grve-element grve-image grve-align-center\" style=\"\">  <div class=\"grve-image-wrapper\"><picture><source srcset=\"https:\/\/orizon-solutions.com\/wp-content\/uploads\/2023\/03\/AP2023_Logo_Leitmesse-1.png.webp\" type=\"image\/webp\"><img loading=\"lazy\" decoding=\"async\" width=\"203\" height=\"110\" src=\"https:\/\/orizon-solutions.com\/wp-content\/uploads\/2023\/03\/AP2023_Logo_Leitmesse-1.png\" class=\"attachment-full size-full webpexpress-processed\" alt=\"AP2023_Logo\"><\/picture>   <\/div><\/div>[\/vc_column_inner][\/vc_row_inner][vc_row_inner][vc_column_inner][vc_raw_html el_class=&#8220;trade-details&#8220;]JTNDZGl2JTIwY2xhc3MlM0QlMjJ0cmFkZS1kYXRlJTIwdHJhZGUtaW5mbyUyMiUzRTI1LiUyMGJpcyUyMDI3LiUyMEFwcmlsJTNDJTJGZGl2JTNFJTBBJTNDZGl2JTIwY2xhc3MlM0QlMjJ0cmFkZS1sb2NhdGlvbiUyMHRyYWRlLWluZm8lMjIlM0VOJUMzJUJDcm5iZXJnTWVzc2UlMjBHbWJIJTJDJTIwTWVzc2V6ZW50cnVtJTIwMSUyQyUyMDkwNDcxJTIwTiVDMyVCQ3JuYmVyZyUyMCUyQyUyMEhhbGxlJTIwN0ElMjAlMjBHVlMlMjBTdGFuZCUyMEExNiUzQyUyRmRpdiUzRSUwQSUzQ2RpdiUyMGNsYXNzJTNEJTIydHJhZGUtdGltZSUyMHRyYWRlLWluZm8lMjIlM0VUJUMzJUE0Z2xpY2glMjB2b24lMjAwOS4wMCUyMGJpcyUyMDE3LjAwJTIwVWhyJTNDJTJGZGl2JTNF[\/vc_raw_html][\/vc_column_inner][\/vc_row_inner][\/vc_column][\/vc_row][vc_row columns_gap=&#8220;60&#8243; el_class=&#8220;desktop-bg&#8220; section_id=&#8220;trade-video-section&#8220;][vc_column]<h3 class=\"grve-element grve-title grve-align-center grve-h3\" style=\"\"><span><br>\n<p style=\"text-align: center;\">ORIZON SMART &#8211; die neue smarte Inkontinenzl\u00f6sung<br \/>\nWeniger Leckagen und mehr ungest\u00f6rter Schlaf f\u00fcr eine bessere Pflege.<br>\n<\/span><\/h3>[vc_row_inner][vc_column_inner width=&#8220;1\/6&#8243;][\/vc_column_inner][vc_column_inner width=&#8220;2\/3&#8243;]<div class=\"grve-element grve-video oz-rounded\" style=\"\"><iframe loading=\"lazy\" title=\"Orizon Smart solution Animation video DE\" width=\"1080\" height=\"608\" src=\"https:\/\/www.youtube.com\/embed\/n19cPXoBw8o?feature=oembed\" frameborder=\"0\" allow=\"accelerometer; autoplay; clipboard-write; encrypted-media; gyroscope; picture-in-picture; web-share\" allowfullscreen><\/iframe><\/div>[\/vc_column_inner][vc_column_inner width=&#8220;1\/6&#8243;][\/vc_column_inner][\/vc_row_inner]<div class=\"grve-empty-space grve-height-1x\" style=\"\"><\/div>[vc_column_text]Wir haben eine innovative und dennoch einfach zu bedienende, smarte und patentierte Inkontinenzl\u00f6sung f\u00fcr eine verbesserte Pflege in Altenheimen entwickelt.<\/p>\n<p>Orizon SMART Solution, Ontex\u2018 digitale End-to-End Innovation, alarmiert das Pflegepersonal in Pflegeheimen, wenn die Inkontinenzprodukte gewechselt werden m\u00fcssen und informiert \u00fcber die K\u00f6rperposition der Bewohner*innen.<\/p>\n<p>Dies f\u00fchrt zu<\/p>\n<ul>\n<li>mehr Komfort &amp; W\u00fcrde f\u00fcr die Bewohner*innen. Keine unn\u00f6tigen Produktwechsel<\/li>\n<li>Zeitersparnis &amp; mehr Arbeitszufriedenheit der Mitarbeiter*innen<\/li>\n<li>Kostenoptimierung &amp; Transparenz<\/li>\n<\/ul>\n<p>und erm\u00f6glicht mehr Zeit f\u00fcr die wirklich wichtigen Dinge: Menschliche Interaktion und Qualit\u00e4tspflege.[\/vc_column_text][\/vc_column][\/vc_row][vc_row padding_top_multiplier=&#8220;3x&#8220; padding_bottom_multiplier=&#8220;2x&#8220;][vc_column]<h2 class=\"grve-element grve-title grve-align-center grve-h2 mb-10 dark-heading bolder-title grve-mobile-reset-increase-heading grve-increase-heading grve-heading-120\" style=\"margin-bottom: 27px;\"><span>ORIZON, die Revolution in der Pflege<\/span><\/h2>[vc_row_inner][vc_column_inner][vc_column_text text_style=&#8220;leader-text&#8220; el_class=&#8220;dgray-text&#8220;]<\/p>\n<p style=\"text-align: center;\">Gemeinsam mit unserem langj\u00e4hrigen Partner GVS werden wir Sie auf das n\u00e4chste Level der Pflege bringen!<\/p>\n<p>[\/vc_column_text][\/vc_column_inner][\/vc_row_inner][\/vc_column][\/vc_row][vc_row equal_column_height=&#8220;middle-content&#8220; el_wrapper_class=&#8220;trade-logos&#8220;][vc_column width=&#8220;1\/3&#8243;]<div class=\"grve-element grve-image grve-align-center\" style=\"\">  <div class=\"grve-image-wrapper\"><img loading=\"lazy\" decoding=\"async\" width=\"292\" height=\"86\" src=\"https:\/\/orizon-solutions.com\/wp-content\/uploads\/2022\/03\/GVS_2018_Group_Logo_cmyk-1.svg\" class=\"attachment-full size-full\" alt=\"GVS logo\" \/>   <\/div><\/div>[vc_column_text el_class=&#8220;oz-link-decoration trade-logo-name&#8220;]<a class=\"logo-gvs-link\" href=\"https:\/\/www.gvs-eg.de\/unternehmen\/\" target=\"_blank\" rel=\"noopener\">Zur GVS Group-Website<\/a>[\/vc_column_text][\/vc_column][vc_column width=&#8220;1\/3&#8243;]<div class=\"grve-element grve-image grve-align-center\" style=\"\">  <div class=\"grve-image-wrapper\"><img loading=\"lazy\" decoding=\"async\" width=\"253\" height=\"106\" src=\"https:\/\/orizon-solutions.com\/wp-content\/uploads\/2022\/03\/Ontex_logo-1.svg\" class=\"attachment-full size-full\" alt=\"Ontex logo\" \/>   <\/div><\/div>[vc_column_text el_class=&#8220;oz-link-decoration trade-logo-name&#8220;]<a class=\"logo-ontex-link\" href=\"https:\/\/ontex.com\/\" target=\"_blank\" rel=\"noopener\">Zur Ontex-Website<\/a>[\/vc_column_text][\/vc_column][vc_column width=&#8220;1\/3&#8243;]<div class=\"grve-element grve-image grve-align-center\" style=\"\">  <div class=\"grve-image-wrapper\"><img loading=\"lazy\" decoding=\"async\" width=\"282\" height=\"97\" src=\"https:\/\/orizon-solutions.com\/wp-content\/uploads\/2022\/03\/Logo_Orizon_by_iD-2.svg\" class=\"attachment-full size-full\" alt=\"Orizon ID logo\" \/>   <\/div><\/div>[vc_column_text el_class=&#8220;oz-link-decoration trade-logo-name&#8220;]<a class=\"logo-id-link\" href=\"https:\/\/www.id-direct.com\/\" target=\"_blank\" rel=\"noopener\">Zur iD-Website<\/a>[\/vc_column_text][\/vc_column][\/vc_row]<\/p>\n<\/section>","protected":false},"excerpt":{"rendered":"<p>[vc_row padding_top_multiplier=&#8220;3x&#8220; padding_bottom_multiplier=&#8220;4x&#8220; columns_gap=&#8220;none&#8220;][vc_column][vc_row_inner el_class=&#8220;sub-row&#8220;][vc_column_inner][vc_column_text text_style=&#8220;leader-text&#8220; el_class=&#8220;dgray-text&#8220; css=&#8220;.vc_custom_1678295852508{margin-bottom: 36px !important;}&#8220;] Wir freuen uns, Ihnen auf der diesj\u00e4hrigen Altenpflege in N\u00fcrnberg unsere erweiterte Innovation Orizon Smart vorstellen zu k\u00f6nnen. Begeben Sie sich gemeinsam mit uns auf das n\u00e4chste Level der Pflege und sehen Sie sich eine exklusive Demonstration unseres Orizon Smart Konzeptes an. Wir freuen uns [&hellip;]<\/p>\n","protected":false},"author":2,"featured_media":0,"parent":0,"menu_order":0,"comment_status":"closed","ping_status":"closed","template":"","meta":{"_acf_changed":false,"inline_featured_image":false,"footnotes":""},"class_list":["post-1775","page","type-page","status-publish","hentry"],"acf":[],"yoast_head":"<!-- This site is optimized with the Yoast SEO Premium plugin v27.4 (Yoast SEO v27.4) - https:\/\/yoast.com\/product\/yoast-seo-premium-wordpress\/ -->\n<title>Altenpflege 2023 &#183; Orizon<\/title>\n<meta name=\"description\" content=\"Wir freuen uns, Ihnen auf der diesj\u00e4hrigen Altenpflege in Essen unsere neuste Innovation ORIZON vorstellen zu k\u00f6nnen. Buchen Sie hier eine exklusive Live-Demonstration.\" \/>\n<meta name=\"robots\" content=\"index, follow, max-snippet:-1, max-image-preview:large, max-video-preview:-1\" \/>\n<link rel=\"canonical\" href=\"https:\/\/orizon-solutions.com\/de\/altenpflege-2023\/\" \/>\n<meta property=\"og:locale\" content=\"de_DE\" \/>\n<meta property=\"og:type\" content=\"article\" \/>\n<meta property=\"og:title\" content=\"Discover our smart solution Altenpflege 2023 &#183; Orizon\" \/>\n<meta property=\"og:description\" content=\"Wir freuen uns, Ihnen auf der diesj\u00e4hrigen Altenpflege in Essen unsere neuste Innovation ORIZON vorstellen zu k\u00f6nnen. Buchen Sie hier eine exklusive Live-Demonstration.\" \/>\n<meta property=\"og:url\" content=\"https:\/\/orizon-solutions.com\/de\/altenpflege-2023\/\" \/>\n<meta property=\"og:site_name\" content=\"Orizon\" \/>\n<meta property=\"article:modified_time\" content=\"2023-03-08T17:18:58+00:00\" \/>\n<meta property=\"og:image\" content=\"https:\/\/orizon-solutions.com\/wp-content\/uploads\/2021\/10\/KV_Orizon.jpg\" \/>\n\t<meta property=\"og:image:width\" content=\"681\" \/>\n\t<meta property=\"og:image:height\" content=\"618\" \/>\n\t<meta property=\"og:image:type\" content=\"image\/jpeg\" \/>\n<meta name=\"twitter:card\" content=\"summary_large_image\" \/>\n<meta name=\"twitter:label1\" content=\"Gesch\u00e4tzte Lesezeit\" \/>\n\t<meta name=\"twitter:data1\" content=\"1 Minute\" \/>\n<script type=\"application\/ld+json\" class=\"yoast-schema-graph\">{\"@context\":\"https:\\\/\\\/schema.org\",\"@graph\":[{\"@type\":\"WebPage\",\"@id\":\"https:\\\/\\\/orizon-solutions.com\\\/de\\\/altenpflege-2023\\\/\",\"url\":\"https:\\\/\\\/orizon-solutions.com\\\/de\\\/altenpflege-2023\\\/\",\"name\":\"Altenpflege 2023 &#183; Orizon\",\"isPartOf\":{\"@id\":\"https:\\\/\\\/orizon-solutions.com\\\/de\\\/#website\"},\"datePublished\":\"2023-03-07T16:15:09+00:00\",\"dateModified\":\"2023-03-08T17:18:58+00:00\",\"description\":\"Wir freuen uns, Ihnen auf der diesj\u00e4hrigen Altenpflege in Essen unsere neuste Innovation ORIZON vorstellen zu k\u00f6nnen. Buchen Sie hier eine exklusive Live-Demonstration.\",\"breadcrumb\":{\"@id\":\"https:\\\/\\\/orizon-solutions.com\\\/de\\\/altenpflege-2023\\\/#breadcrumb\"},\"inLanguage\":\"de-DE\",\"potentialAction\":[{\"@type\":\"ReadAction\",\"target\":[\"https:\\\/\\\/orizon-solutions.com\\\/de\\\/altenpflege-2023\\\/\"]}]},{\"@type\":\"BreadcrumbList\",\"@id\":\"https:\\\/\\\/orizon-solutions.com\\\/de\\\/altenpflege-2023\\\/#breadcrumb\",\"itemListElement\":[{\"@type\":\"ListItem\",\"position\":1,\"name\":\"Startseite\",\"item\":\"https:\\\/\\\/orizon-solutions.com\\\/de\\\/\"},{\"@type\":\"ListItem\",\"position\":2,\"name\":\"Altenpflege 2023\"}]},{\"@type\":\"WebSite\",\"@id\":\"https:\\\/\\\/orizon-solutions.com\\\/de\\\/#website\",\"url\":\"https:\\\/\\\/orizon-solutions.com\\\/de\\\/\",\"name\":\"Orizon\",\"description\":\"Smart Solutions\",\"publisher\":{\"@id\":\"https:\\\/\\\/orizon-solutions.com\\\/de\\\/#organization\"},\"potentialAction\":[{\"@type\":\"SearchAction\",\"target\":{\"@type\":\"EntryPoint\",\"urlTemplate\":\"https:\\\/\\\/orizon-solutions.com\\\/de\\\/?s={search_term_string}\"},\"query-input\":{\"@type\":\"PropertyValueSpecification\",\"valueRequired\":true,\"valueName\":\"search_term_string\"}}],\"inLanguage\":\"de-DE\"},{\"@type\":\"Organization\",\"@id\":\"https:\\\/\\\/orizon-solutions.com\\\/de\\\/#organization\",\"name\":\"Orizon\",\"url\":\"https:\\\/\\\/orizon-solutions.com\\\/de\\\/\",\"logo\":{\"@type\":\"ImageObject\",\"inLanguage\":\"de-DE\",\"@id\":\"https:\\\/\\\/orizon-solutions.com\\\/de\\\/#\\\/schema\\\/logo\\\/image\\\/\",\"url\":\"https:\\\/\\\/orizon-solutions.com\\\/wp-content\\\/uploads\\\/2021\\\/09\\\/orizon-logo400.png\",\"contentUrl\":\"https:\\\/\\\/orizon-solutions.com\\\/wp-content\\\/uploads\\\/2021\\\/09\\\/orizon-logo400.png\",\"width\":400,\"height\":79,\"caption\":\"Orizon\"},\"image\":{\"@id\":\"https:\\\/\\\/orizon-solutions.com\\\/de\\\/#\\\/schema\\\/logo\\\/image\\\/\"},\"sameAs\":[\"https:\\\/\\\/www.youtube.com\\\/channel\\\/UCKGKYYx3aomkfcL8bMyFDOg\"]}]}<\/script>\n<!-- \/ Yoast SEO Premium plugin. -->","yoast_head_json":{"title":"Altenpflege 2023 &#183; Orizon","description":"Wir freuen uns, Ihnen auf der diesj\u00e4hrigen Altenpflege in Essen unsere neuste Innovation ORIZON vorstellen zu k\u00f6nnen. Buchen Sie hier eine exklusive Live-Demonstration.","robots":{"index":"index","follow":"follow","max-snippet":"max-snippet:-1","max-image-preview":"max-image-preview:large","max-video-preview":"max-video-preview:-1"},"canonical":"https:\/\/orizon-solutions.com\/de\/altenpflege-2023\/","og_locale":"de_DE","og_type":"article","og_title":"Discover our smart solution Altenpflege 2023 &#183; Orizon","og_description":"Wir freuen uns, Ihnen auf der diesj\u00e4hrigen Altenpflege in Essen unsere neuste Innovation ORIZON vorstellen zu k\u00f6nnen. Buchen Sie hier eine exklusive Live-Demonstration.","og_url":"https:\/\/orizon-solutions.com\/de\/altenpflege-2023\/","og_site_name":"Orizon","article_modified_time":"2023-03-08T17:18:58+00:00","og_image":[{"width":681,"height":618,"url":"https:\/\/orizon-solutions.com\/wp-content\/uploads\/2021\/10\/KV_Orizon.jpg","type":"image\/jpeg"}],"twitter_card":"summary_large_image","twitter_misc":{"Gesch\u00e4tzte Lesezeit":"1 Minute"},"schema":{"@context":"https:\/\/schema.org","@graph":[{"@type":"WebPage","@id":"https:\/\/orizon-solutions.com\/de\/altenpflege-2023\/","url":"https:\/\/orizon-solutions.com\/de\/altenpflege-2023\/","name":"Altenpflege 2023 &#183; Orizon","isPartOf":{"@id":"https:\/\/orizon-solutions.com\/de\/#website"},"datePublished":"2023-03-07T16:15:09+00:00","dateModified":"2023-03-08T17:18:58+00:00","description":"Wir freuen uns, Ihnen auf der diesj\u00e4hrigen Altenpflege in Essen unsere neuste Innovation ORIZON vorstellen zu k\u00f6nnen. Buchen Sie hier eine exklusive Live-Demonstration.","breadcrumb":{"@id":"https:\/\/orizon-solutions.com\/de\/altenpflege-2023\/#breadcrumb"},"inLanguage":"de-DE","potentialAction":[{"@type":"ReadAction","target":["https:\/\/orizon-solutions.com\/de\/altenpflege-2023\/"]}]},{"@type":"BreadcrumbList","@id":"https:\/\/orizon-solutions.com\/de\/altenpflege-2023\/#breadcrumb","itemListElement":[{"@type":"ListItem","position":1,"name":"Startseite","item":"https:\/\/orizon-solutions.com\/de\/"},{"@type":"ListItem","position":2,"name":"Altenpflege 2023"}]},{"@type":"WebSite","@id":"https:\/\/orizon-solutions.com\/de\/#website","url":"https:\/\/orizon-solutions.com\/de\/","name":"Orizon","description":"Smart Solutions","publisher":{"@id":"https:\/\/orizon-solutions.com\/de\/#organization"},"potentialAction":[{"@type":"SearchAction","target":{"@type":"EntryPoint","urlTemplate":"https:\/\/orizon-solutions.com\/de\/?s={search_term_string}"},"query-input":{"@type":"PropertyValueSpecification","valueRequired":true,"valueName":"search_term_string"}}],"inLanguage":"de-DE"},{"@type":"Organization","@id":"https:\/\/orizon-solutions.com\/de\/#organization","name":"Orizon","url":"https:\/\/orizon-solutions.com\/de\/","logo":{"@type":"ImageObject","inLanguage":"de-DE","@id":"https:\/\/orizon-solutions.com\/de\/#\/schema\/logo\/image\/","url":"https:\/\/orizon-solutions.com\/wp-content\/uploads\/2021\/09\/orizon-logo400.png","contentUrl":"https:\/\/orizon-solutions.com\/wp-content\/uploads\/2021\/09\/orizon-logo400.png","width":400,"height":79,"caption":"Orizon"},"image":{"@id":"https:\/\/orizon-solutions.com\/de\/#\/schema\/logo\/image\/"},"sameAs":["https:\/\/www.youtube.com\/channel\/UCKGKYYx3aomkfcL8bMyFDOg"]}]}},"_links":{"self":[{"href":"https:\/\/orizon-solutions.com\/de\/wp-json\/wp\/v2\/pages\/1775","targetHints":{"allow":["GET"]}}],"collection":[{"href":"https:\/\/orizon-solutions.com\/de\/wp-json\/wp\/v2\/pages"}],"about":[{"href":"https:\/\/orizon-solutions.com\/de\/wp-json\/wp\/v2\/types\/page"}],"author":[{"embeddable":true,"href":"https:\/\/orizon-solutions.com\/de\/wp-json\/wp\/v2\/users\/2"}],"replies":[{"embeddable":true,"href":"https:\/\/orizon-solutions.com\/de\/wp-json\/wp\/v2\/comments?post=1775"}],"version-history":[{"count":0,"href":"https:\/\/orizon-solutions.com\/de\/wp-json\/wp\/v2\/pages\/1775\/revisions"}],"wp:attachment":[{"href":"https:\/\/orizon-solutions.com\/de\/wp-json\/wp\/v2\/media?parent=1775"}],"curies":[{"name":"wp","href":"https:\/\/api.w.org\/{rel}","templated":true}]}}