{"id":1075,"date":"2021-10-18T15:15:05","date_gmt":"2021-10-18T13:15:05","guid":{"rendered":"https:\/\/orizonprod.wpengine.com\/?page_id=1075"},"modified":"2024-02-19T17:31:04","modified_gmt":"2024-02-19T16:31:04","slug":"home","status":"publish","type":"page","link":"https:\/\/orizon-solutions.com\/de\/","title":{"rendered":"Home"},"content":{"rendered":"<section class=\"wpb-content-wrapper\"><p>[vc_row heading_color=&#8220;dark&#8220; padding_top_multiplier=&#8220;3x&#8220; padding_bottom_multiplier=&#8220;3x&#8220; columns_gap=&#8220;60&#8243;][vc_column width=&#8220;1\/2&#8243; el_class=&#8220;oz-home-we&#8220;]<h2 class=\"grve-element grve-title grve-align-left grve-animated-item grve-duration-normal grve-fade-in-left grve-h3 oz-title1 oz-title\" style=\"\" data-delay=\"200\"><span>Wer wir sind <\/span><\/h2>[vc_column_text text_style=&#8220;leader-text&#8220; animation=&#8220;grve-fade-in-left-big&#8220;]Leben bedeutet st\u00e4ndige Ver\u00e4nderungen. Wir bei Ontex wollen helfen, diese zu bew\u00e4ltigen.\u200b<\/p>\n<p>Zusammen mit unseren Partnern suchen wir die Herausforderung und m\u00f6chten innovative Produkte bereitstellen, die dazu beitragen, Inkontinenzpflege neu zu denken und eine bessere, effizientere und w\u00fcrdevollere Pflege zu erm\u00f6glichen.\u200b<\/p>\n<p><a href=\"\/de\/ueber-uns\/\">Erfahren Sie mehr \u00fcber uns<\/a>[\/vc_column_text][\/vc_column][vc_column width=&#8220;1\/2&#8243; el_class=&#8220;oz-home-mission&#8220;]<h2 class=\"grve-element grve-title grve-align-left grve-animated-item grve-duration-normal grve-fade-in-right grve-h3 oz-title2 oz-title\" style=\"\" data-delay=\"200\"><span>Unsere Mission <\/span><\/h2>[vc_column_text text_style=&#8220;leader-text&#8220; animation=&#8220;grve-fade-in-right-big&#8220;]<em>Die Kontinenzpflege von Morgen gemeinsam neu erfinden.<\/em><\/p>\n<p>Wir haben es uns zur Aufgabe gemacht, Dienstleistungen und Instrumente anzubieten sowie neue digitale L\u00f6sungen zu entwickeln, die das Leben von Menschen, die mit Inkontinenz zu tun haben, einfacher machen und die Qualit\u00e4t der Pflege verbessern. &#8222;[\/vc_column_text][\/vc_column][\/vc_row][vc_row heading_color=&#8220;light&#8220; padding_top_multiplier=&#8220;4x&#8220; padding_bottom_multiplier=&#8220;3x&#8220; columns_gap=&#8220;45&#8243; equal_column_height=&#8220;middle-content&#8220; mobile_equal_column_height=&#8220;false&#8220; font_color=&#8220;#ffffff&#8220; el_class=&#8220;oz-gradient-style1 oz-circles-bg&#8220;][vc_column width=&#8220;1\/2&#8243;]<div class=\"grve-element grve-image grve-clipping-up grve-clipping-animation grve-align-left\" style=\"\" data-delay=\"200\">  <div class=\"grve-image-wrapper\"><picture><source srcset=\"https:\/\/orizon-solutions.com\/wp-content\/uploads\/2021\/09\/devices.png.webp 738w, https:\/\/orizon-solutions.com\/wp-content\/uploads\/2021\/09\/devices-300x211.png.webp 300w\" sizes=\"auto, (max-width: 738px) 100vw, 738px\" type=\"image\/webp\"><img loading=\"lazy\" decoding=\"async\" width=\"738\" height=\"520\" src=\"https:\/\/orizon-solutions.com\/wp-content\/uploads\/2021\/09\/devices.png\" class=\"attachment-full size-full webpexpress-processed\" alt=\"iphone mac and orizon tag in image\" srcset=\"https:\/\/orizon-solutions.com\/wp-content\/uploads\/2021\/09\/devices.png 738w, https:\/\/orizon-solutions.com\/wp-content\/uploads\/2021\/09\/devices-300x211.png 300w\" sizes=\"auto, (max-width: 738px) 100vw, 738px\"><\/picture>   <\/div><\/div>[\/vc_column][vc_column width=&#8220;1\/2&#8243;]<h2 class=\"grve-element grve-title grve-align-left grve-animated-item grve-duration-normal grve-fade-in-right grve-h2 mb-24 mobile-centered\" style=\"\" data-delay=\"200\"><span>Wir m\u00f6chten in der Pflege alter Menschen neue Wege gehen <\/span><\/h2>[vc_column_text text_style=&#8220;leader-text&#8220; animation=&#8220;grve-fade-in-right-big&#8220; el_class=&#8220;mobile-centered&#8220;]Wir haben unsere erste innovative und dennoch einfach zu verwendende, smarte und patentierte Inkontinenzpflegel\u00f6sung f\u00fcr eine verbesserte Pflege in Alten- und Pflegeheimen entwickelt. Mit unserer L\u00f6sung k\u00f6nnen die Pflegekr\u00e4fte effizienter arbeiten und die Pflege an die Bed\u00fcrfnisse der Bewohner anpassen.\u200b [\/vc_column_text]<div class=\"grve-element grve-align-left oz-btn-wrapper oz-btn-spaced mobile-centered\"><a href=\"https:\/\/orizon-solutions.com\/de\/orizon-smart\/\" title=\"Unsere smarte loesung\" class=\"grve-btn grve-btn-medium grve-extra-round grve-bg-white grve-bg-hover-white grve-btn-line oz-btn-transparent oz-transparent-white oz-home-discover-btn oz-home-discover-btn-de\"><span>Erfahren unsere smarte L\u00f6sung<\/span><\/a><\/div>[\/vc_column][\/vc_row][vc_row padding_top_multiplier=&#8220;3x&#8220; padding_bottom_multiplier=&#8220;3x&#8220; section_id=&#8220;oz-home-blog&#8220; el_class=&#8220;oz-gradient-style8 oz-circles-bg5&#8243;][vc_column clipping_animation=&#8220;clipping-up&#8220;]<h2 class=\"grve-element grve-title grve-align-center grve-h2 bolder-title\" style=\"margin-bottom: 30px;\"><span>Lesen Sie unsere neuesten Nachrichten<\/span><\/h2>[vc_widget_sidebar sidebar_id=&#8220;movedo_grve_sidebar_63f7975bd5191&#8243;]<div class=\"grve-element grve-align-center oz-btn-wrapper-xs oz-btn-spaced mobile-centered hide-overflow\"><a href=\"https:\/\/orizon-solutions.com\/de\/news\/\" title=\"News\" class=\"grve-btn grve-btn-medium grve-extra-round grve-bg-primary-1 grve-bg-hover-white grve-btn-line oz-btn-transparent oz-transparent-blue hide-overflow oz-solution-contact-btn oz-solution-contact-btn-en\"><span>Gehen Sie zur ``News``-Seite<\/span><\/a><\/div>[\/vc_column][\/vc_row][vc_row padding_top_multiplier=&#8220;2x&#8220; padding_bottom_multiplier=&#8220;2x&#8220; equal_column_height=&#8220;middle-content&#8220; mobile_equal_column_height=&#8220;false&#8220; el_class=&#8220;home-discover&#8220;][vc_column width=&#8220;1\/2&#8243;]<h2 class=\"grve-element grve-title grve-align-left grve-h2 oz-title3 mobile-centered\" style=\"\"><span>M\u00f6chten Sie mehr \u00fcber unsere Pflegeprodukte f\u00fcr Erwachsene erfahren?<\/span><\/h2>[\/vc_column][vc_column width=&#8220;1\/2&#8243; el_class=&#8220;home-discover-right&#8220;][vc_row_inner el_class=&#8220;discover-link&#8220;][vc_column_inner]<div class=\"grve-element grve-image grve-align-center\" style=\"\">  <div class=\"grve-image-wrapper\"><picture><source srcset=\"https:\/\/orizon-solutions.com\/wp-content\/uploads\/2021\/10\/id-logo-2.png.webp\" type=\"image\/webp\"><img loading=\"lazy\" decoding=\"async\" width=\"90\" height=\"60\" src=\"https:\/\/orizon-solutions.com\/wp-content\/uploads\/2021\/10\/id-logo-2.png\" class=\"attachment-full size-full webpexpress-processed\" alt=\"ID logo\"><\/picture>   <\/div><\/div>[vc_column_text text_style=&#8220;leader-text&#8220; animation_duration=&#8220;fast&#8220;]Unsichtbare L\u00f6sungen f\u00fcr ein erf\u00fclltes Leben<br \/>\n<a href=\"https:\/\/www.id-direct.com\/germanyb2c\/de\/index.html\" target=\"_blank\" rel=\"noopener\">Zur iD-Website <\/a>[\/vc_column_text][\/vc_column_inner][\/vc_row_inner][vc_row_inner el_class=&#8220;discover-link&#8220;][vc_column_inner]<div class=\"grve-element grve-image grve-align-center\" style=\"\">  <div class=\"grve-image-wrapper\"><img loading=\"lazy\" decoding=\"async\" width=\"100\" height=\"43\" src=\"https:\/\/orizon-solutions.com\/wp-content\/uploads\/2021\/09\/Serenity.svg\" class=\"attachment-full size-full\" alt=\"Serenity logo\" \/>   <\/div><\/div>[vc_column_text text_style=&#8220;leader-text&#8220; animation_delay=&#8220;400&#8243; animation_duration=&#8220;fast&#8220;]L\u00f6sungen, die Ihnen und Ihrer Umgebung ein gutes Gef\u00fchl geben<br \/>\n<a href=\"https:\/\/serenity-care.com\/\" target=\"_blank\" rel=\"noopener\">Zur Serenity-Website <\/a>[\/vc_column_text][\/vc_column_inner][\/vc_row_inner][vc_row_inner el_class=&#8220;discover-link&#8220;][vc_column_inner]<div class=\"grve-element grve-image grve-align-center\" style=\"\">  <div class=\"grve-image-wrapper\"><img loading=\"lazy\" decoding=\"async\" width=\"84\" height=\"59\" src=\"https:\/\/orizon-solutions.com\/wp-content\/uploads\/2021\/09\/Lille.svg\" class=\"attachment-full size-full\" alt=\"Lille logo\" \/>   <\/div><\/div>[vc_column_text text_style=&#8220;leader-text&#8220; animation_delay=&#8220;600&#8243; animation_duration=&#8220;fast&#8220;]L\u00f6sungen, damit Sie das Leben genie\u00dfen k\u00f6nnen<br \/>\n<a href=\"https:\/\/lillehealthcare.com\/de\/\" target=\"_blank\" rel=\"noopener\">Zur Lille-Website <\/a>[\/vc_column_text][\/vc_column_inner][\/vc_row_inner][\/vc_column][\/vc_row][vc_row heading_color=&#8220;light&#8220; section_type=&#8220;fullwidth&#8220; bg_type=&#8220;color&#8220; padding_top_multiplier=&#8220;&#8220; padding_bottom_multiplier=&#8220;&#8220; columns_gap=&#8220;none&#8220; equal_column_height=&#8220;equal-column&#8220; mobile_equal_column_height=&#8220;false&#8220; font_color=&#8220;#000000&#8243; bg_color=&#8220;#f1f2f7&#8243; el_class=&#8220;home-horizon&#8220;][vc_column width=&#8220;1\/2&#8243; el_class=&#8220;smaller-half home-bottom-left&#8220;]<div class=\"grve-element grve-image image-bg-desktop grve-align-right grve-full-image grve-image-space-100\" style=\"\">  <div class=\"grve-image-wrapper\"><picture><source srcset=\"https:\/\/orizon-solutions.com\/wp-content\/uploads\/2021\/10\/lady-img2.jpg.webp 700w, https:\/\/orizon-solutions.com\/wp-content\/uploads\/2021\/10\/lady-img2-267x300.jpg.webp 267w\" sizes=\"auto, (max-width: 700px) 100vw, 700px\" type=\"image\/webp\"><img loading=\"lazy\" decoding=\"async\" width=\"700\" height=\"787\" src=\"https:\/\/orizon-solutions.com\/wp-content\/uploads\/2021\/10\/lady-img2.jpg\" class=\"grve-extra-round attachment-full size-full webpexpress-processed\" alt=\"lady in pink sweatshirt\" srcset=\"https:\/\/orizon-solutions.com\/wp-content\/uploads\/2021\/10\/lady-img2.jpg 700w, https:\/\/orizon-solutions.com\/wp-content\/uploads\/2021\/10\/lady-img2-267x300.jpg 267w\" sizes=\"auto, (max-width: 700px) 100vw, 700px\"><\/picture>   <\/div><\/div>[\/vc_column][vc_column width=&#8220;1\/2&#8243; el_class=&#8220;larger-half home-bottom-right&#8220;]<div class=\"grve-element grve-image mobile-centered grve-align-center\" style=\"margin-bottom: 32px;\">  <div class=\"grve-image-wrapper\"><img loading=\"lazy\" decoding=\"async\" width=\"85\" height=\"84\" src=\"https:\/\/orizon-solutions.com\/wp-content\/uploads\/2021\/10\/quotes-2.svg\" class=\"attachment-full size-full\" alt=\"quotes\" \/>   <\/div><\/div>[vc_column_text text_style=&#8220;subtitle&#8220; animation=&#8220;grve-fade-in&#8220; animation_duration=&#8220;fast&#8220; el_class=&#8220;mobile-centered&#8220;]<em>Eine L\u00f6sung, die neue Horizonte er\u00f6ffnet und k\u00fchne Ideen bietet, um allen, die mit Inkontinenz zu tun haben, das Leben zu erleichtern.\u200b\u200b\u200b<\/em>[\/vc_column_text]<div class=\"grve-element grve-image grve-align-right\" style=\"\">  <div class=\"grve-image-wrapper\"><img loading=\"lazy\" decoding=\"async\" width=\"139\" height=\"51\" src=\"https:\/\/orizon-solutions.com\/wp-content\/uploads\/2021\/09\/figure1.svg\" class=\"attachment-full size-full\" alt=\"colorful figure\" \/>   <\/div><\/div>[\/vc_column][\/vc_row]<\/p>\n<\/section>","protected":false},"excerpt":{"rendered":"<p>[vc_row heading_color=&#8220;dark&#8220; padding_top_multiplier=&#8220;3x&#8220; padding_bottom_multiplier=&#8220;3x&#8220; columns_gap=&#8220;60&#8243;][vc_column width=&#8220;1\/2&#8243; el_class=&#8220;oz-home-we&#8220;][vc_column_text text_style=&#8220;leader-text&#8220; animation=&#8220;grve-fade-in-left-big&#8220;]Leben bedeutet st\u00e4ndige Ver\u00e4nderungen. Wir bei Ontex wollen helfen, diese zu bew\u00e4ltigen.\u200b Zusammen mit unseren Partnern suchen wir die Herausforderung und m\u00f6chten innovative Produkte bereitstellen, die dazu beitragen, Inkontinenzpflege neu zu denken und eine bessere, effizientere und w\u00fcrdevollere Pflege zu erm\u00f6glichen.\u200b Erfahren Sie mehr \u00fcber uns[\/vc_column_text][\/vc_column][vc_column width=&#8220;1\/2&#8243; [&hellip;]<\/p>\n","protected":false},"author":3,"featured_media":459,"parent":0,"menu_order":0,"comment_status":"closed","ping_status":"closed","template":"","meta":{"_acf_changed":false,"inline_featured_image":false,"footnotes":""},"class_list":["post-1075","page","type-page","status-publish","has-post-thumbnail","hentry"],"acf":[],"yoast_head":"<!-- This site is optimized with the Yoast SEO Premium plugin v27.3 (Yoast SEO v27.3) - https:\/\/yoast.com\/product\/yoast-seo-premium-wordpress\/ -->\n<title>Erfahren unsere smarte L\u00f6sung &#183; Orizon<\/title>\n<meta name=\"description\" content=\"Wir haben unsere erste innovative und dennoch einfach zu verwendende, smarte und patentierte Inkontinenzpflegel\u00f6sung f\u00fcr eine verbesserte Pflege in Alten- und Pflegeheimen entwickelt.\" \/>\n<meta name=\"robots\" content=\"index, follow, max-snippet:-1, max-image-preview:large, max-video-preview:-1\" \/>\n<link rel=\"canonical\" href=\"https:\/\/orizon-solutions.com\/de\/\" \/>\n<meta property=\"og:locale\" content=\"de_DE\" \/>\n<meta property=\"og:type\" content=\"article\" \/>\n<meta property=\"og:title\" content=\"Discover our smart solution Home &#183; Orizon\" \/>\n<meta property=\"og:description\" content=\"Wir haben unsere erste innovative und dennoch einfach zu verwendende, smarte und patentierte Inkontinenzpflegel\u00f6sung f\u00fcr eine verbesserte Pflege in Alten- und Pflegeheimen entwickelt.\" \/>\n<meta property=\"og:url\" content=\"https:\/\/orizon-solutions.com\/de\/\" \/>\n<meta property=\"og:site_name\" content=\"Orizon\" \/>\n<meta property=\"article:modified_time\" content=\"2024-02-19T16:31:04+00:00\" \/>\n<meta property=\"og:image\" content=\"https:\/\/orizon-solutions.com\/wp-content\/uploads\/2021\/09\/about-2.jpg\" \/>\n\t<meta property=\"og:image:width\" content=\"800\" \/>\n\t<meta property=\"og:image:height\" content=\"430\" \/>\n\t<meta property=\"og:image:type\" content=\"image\/jpeg\" \/>\n<meta name=\"twitter:card\" content=\"summary_large_image\" \/>\n<meta name=\"twitter:label1\" content=\"Gesch\u00e4tzte Lesezeit\" \/>\n\t<meta name=\"twitter:data1\" content=\"2 Minuten\" \/>\n<script type=\"application\/ld+json\" class=\"yoast-schema-graph\">{\"@context\":\"https:\\\/\\\/schema.org\",\"@graph\":[{\"@type\":\"WebPage\",\"@id\":\"https:\\\/\\\/orizon-solutions.com\\\/de\\\/\",\"url\":\"https:\\\/\\\/orizon-solutions.com\\\/de\\\/\",\"name\":\"Erfahren unsere smarte L\u00f6sung &#183; Orizon\",\"isPartOf\":{\"@id\":\"https:\\\/\\\/orizon-solutions.com\\\/de\\\/#website\"},\"primaryImageOfPage\":{\"@id\":\"https:\\\/\\\/orizon-solutions.com\\\/de\\\/#primaryimage\"},\"image\":{\"@id\":\"https:\\\/\\\/orizon-solutions.com\\\/de\\\/#primaryimage\"},\"thumbnailUrl\":\"https:\\\/\\\/orizon-solutions.com\\\/wp-content\\\/uploads\\\/2021\\\/09\\\/about-2.jpg\",\"datePublished\":\"2021-10-18T13:15:05+00:00\",\"dateModified\":\"2024-02-19T16:31:04+00:00\",\"description\":\"Wir haben unsere erste innovative und dennoch einfach zu verwendende, smarte und patentierte Inkontinenzpflegel\u00f6sung f\u00fcr eine verbesserte Pflege in Alten- und Pflegeheimen entwickelt.\",\"breadcrumb\":{\"@id\":\"https:\\\/\\\/orizon-solutions.com\\\/de\\\/#breadcrumb\"},\"inLanguage\":\"de-DE\",\"potentialAction\":[{\"@type\":\"ReadAction\",\"target\":[\"https:\\\/\\\/orizon-solutions.com\\\/de\\\/\"]}]},{\"@type\":\"ImageObject\",\"inLanguage\":\"de-DE\",\"@id\":\"https:\\\/\\\/orizon-solutions.com\\\/de\\\/#primaryimage\",\"url\":\"https:\\\/\\\/orizon-solutions.com\\\/wp-content\\\/uploads\\\/2021\\\/09\\\/about-2.jpg\",\"contentUrl\":\"https:\\\/\\\/orizon-solutions.com\\\/wp-content\\\/uploads\\\/2021\\\/09\\\/about-2.jpg\",\"width\":800,\"height\":430,\"caption\":\"Smart tag\"},{\"@type\":\"BreadcrumbList\",\"@id\":\"https:\\\/\\\/orizon-solutions.com\\\/de\\\/#breadcrumb\",\"itemListElement\":[{\"@type\":\"ListItem\",\"position\":1,\"name\":\"Startseite\",\"item\":\"https:\\\/\\\/orizon-solutions.com\\\/de\\\/\"},{\"@type\":\"ListItem\",\"position\":2,\"name\":\"Home\"}]},{\"@type\":\"WebSite\",\"@id\":\"https:\\\/\\\/orizon-solutions.com\\\/de\\\/#website\",\"url\":\"https:\\\/\\\/orizon-solutions.com\\\/de\\\/\",\"name\":\"Orizon\",\"description\":\"Smart Solutions\",\"publisher\":{\"@id\":\"https:\\\/\\\/orizon-solutions.com\\\/de\\\/#organization\"},\"potentialAction\":[{\"@type\":\"SearchAction\",\"target\":{\"@type\":\"EntryPoint\",\"urlTemplate\":\"https:\\\/\\\/orizon-solutions.com\\\/de\\\/?s={search_term_string}\"},\"query-input\":{\"@type\":\"PropertyValueSpecification\",\"valueRequired\":true,\"valueName\":\"search_term_string\"}}],\"inLanguage\":\"de-DE\"},{\"@type\":\"Organization\",\"@id\":\"https:\\\/\\\/orizon-solutions.com\\\/de\\\/#organization\",\"name\":\"Orizon\",\"url\":\"https:\\\/\\\/orizon-solutions.com\\\/de\\\/\",\"logo\":{\"@type\":\"ImageObject\",\"inLanguage\":\"de-DE\",\"@id\":\"https:\\\/\\\/orizon-solutions.com\\\/de\\\/#\\\/schema\\\/logo\\\/image\\\/\",\"url\":\"https:\\\/\\\/orizon-solutions.com\\\/wp-content\\\/uploads\\\/2021\\\/09\\\/orizon-logo400.png\",\"contentUrl\":\"https:\\\/\\\/orizon-solutions.com\\\/wp-content\\\/uploads\\\/2021\\\/09\\\/orizon-logo400.png\",\"width\":400,\"height\":79,\"caption\":\"Orizon\"},\"image\":{\"@id\":\"https:\\\/\\\/orizon-solutions.com\\\/de\\\/#\\\/schema\\\/logo\\\/image\\\/\"},\"sameAs\":[\"https:\\\/\\\/www.youtube.com\\\/channel\\\/UCKGKYYx3aomkfcL8bMyFDOg\"]}]}<\/script>\n<!-- \/ Yoast SEO Premium plugin. -->","yoast_head_json":{"title":"Erfahren unsere smarte L\u00f6sung &#183; Orizon","description":"Wir haben unsere erste innovative und dennoch einfach zu verwendende, smarte und patentierte Inkontinenzpflegel\u00f6sung f\u00fcr eine verbesserte Pflege in Alten- und Pflegeheimen entwickelt.","robots":{"index":"index","follow":"follow","max-snippet":"max-snippet:-1","max-image-preview":"max-image-preview:large","max-video-preview":"max-video-preview:-1"},"canonical":"https:\/\/orizon-solutions.com\/de\/","og_locale":"de_DE","og_type":"article","og_title":"Discover our smart solution Home &#183; Orizon","og_description":"Wir haben unsere erste innovative und dennoch einfach zu verwendende, smarte und patentierte Inkontinenzpflegel\u00f6sung f\u00fcr eine verbesserte Pflege in Alten- und Pflegeheimen entwickelt.","og_url":"https:\/\/orizon-solutions.com\/de\/","og_site_name":"Orizon","article_modified_time":"2024-02-19T16:31:04+00:00","og_image":[{"width":800,"height":430,"url":"https:\/\/orizon-solutions.com\/wp-content\/uploads\/2021\/09\/about-2.jpg","type":"image\/jpeg"}],"twitter_card":"summary_large_image","twitter_misc":{"Gesch\u00e4tzte Lesezeit":"2 Minuten"},"schema":{"@context":"https:\/\/schema.org","@graph":[{"@type":"WebPage","@id":"https:\/\/orizon-solutions.com\/de\/","url":"https:\/\/orizon-solutions.com\/de\/","name":"Erfahren unsere smarte L\u00f6sung &#183; Orizon","isPartOf":{"@id":"https:\/\/orizon-solutions.com\/de\/#website"},"primaryImageOfPage":{"@id":"https:\/\/orizon-solutions.com\/de\/#primaryimage"},"image":{"@id":"https:\/\/orizon-solutions.com\/de\/#primaryimage"},"thumbnailUrl":"https:\/\/orizon-solutions.com\/wp-content\/uploads\/2021\/09\/about-2.jpg","datePublished":"2021-10-18T13:15:05+00:00","dateModified":"2024-02-19T16:31:04+00:00","description":"Wir haben unsere erste innovative und dennoch einfach zu verwendende, smarte und patentierte Inkontinenzpflegel\u00f6sung f\u00fcr eine verbesserte Pflege in Alten- und Pflegeheimen entwickelt.","breadcrumb":{"@id":"https:\/\/orizon-solutions.com\/de\/#breadcrumb"},"inLanguage":"de-DE","potentialAction":[{"@type":"ReadAction","target":["https:\/\/orizon-solutions.com\/de\/"]}]},{"@type":"ImageObject","inLanguage":"de-DE","@id":"https:\/\/orizon-solutions.com\/de\/#primaryimage","url":"https:\/\/orizon-solutions.com\/wp-content\/uploads\/2021\/09\/about-2.jpg","contentUrl":"https:\/\/orizon-solutions.com\/wp-content\/uploads\/2021\/09\/about-2.jpg","width":800,"height":430,"caption":"Smart tag"},{"@type":"BreadcrumbList","@id":"https:\/\/orizon-solutions.com\/de\/#breadcrumb","itemListElement":[{"@type":"ListItem","position":1,"name":"Startseite","item":"https:\/\/orizon-solutions.com\/de\/"},{"@type":"ListItem","position":2,"name":"Home"}]},{"@type":"WebSite","@id":"https:\/\/orizon-solutions.com\/de\/#website","url":"https:\/\/orizon-solutions.com\/de\/","name":"Orizon","description":"Smart Solutions","publisher":{"@id":"https:\/\/orizon-solutions.com\/de\/#organization"},"potentialAction":[{"@type":"SearchAction","target":{"@type":"EntryPoint","urlTemplate":"https:\/\/orizon-solutions.com\/de\/?s={search_term_string}"},"query-input":{"@type":"PropertyValueSpecification","valueRequired":true,"valueName":"search_term_string"}}],"inLanguage":"de-DE"},{"@type":"Organization","@id":"https:\/\/orizon-solutions.com\/de\/#organization","name":"Orizon","url":"https:\/\/orizon-solutions.com\/de\/","logo":{"@type":"ImageObject","inLanguage":"de-DE","@id":"https:\/\/orizon-solutions.com\/de\/#\/schema\/logo\/image\/","url":"https:\/\/orizon-solutions.com\/wp-content\/uploads\/2021\/09\/orizon-logo400.png","contentUrl":"https:\/\/orizon-solutions.com\/wp-content\/uploads\/2021\/09\/orizon-logo400.png","width":400,"height":79,"caption":"Orizon"},"image":{"@id":"https:\/\/orizon-solutions.com\/de\/#\/schema\/logo\/image\/"},"sameAs":["https:\/\/www.youtube.com\/channel\/UCKGKYYx3aomkfcL8bMyFDOg"]}]}},"_links":{"self":[{"href":"https:\/\/orizon-solutions.com\/de\/wp-json\/wp\/v2\/pages\/1075","targetHints":{"allow":["GET"]}}],"collection":[{"href":"https:\/\/orizon-solutions.com\/de\/wp-json\/wp\/v2\/pages"}],"about":[{"href":"https:\/\/orizon-solutions.com\/de\/wp-json\/wp\/v2\/types\/page"}],"author":[{"embeddable":true,"href":"https:\/\/orizon-solutions.com\/de\/wp-json\/wp\/v2\/users\/3"}],"replies":[{"embeddable":true,"href":"https:\/\/orizon-solutions.com\/de\/wp-json\/wp\/v2\/comments?post=1075"}],"version-history":[{"count":0,"href":"https:\/\/orizon-solutions.com\/de\/wp-json\/wp\/v2\/pages\/1075\/revisions"}],"wp:featuredmedia":[{"embeddable":true,"href":"https:\/\/orizon-solutions.com\/de\/wp-json\/wp\/v2\/media\/459"}],"wp:attachment":[{"href":"https:\/\/orizon-solutions.com\/de\/wp-json\/wp\/v2\/media?parent=1075"}],"curies":[{"name":"wp","href":"https:\/\/api.w.org\/{rel}","templated":true}]}}