{"id":1063,"date":"2021-10-18T14:31:28","date_gmt":"2021-10-18T12:31:28","guid":{"rendered":"https:\/\/orizonprod.wpengine.com\/?page_id=1063"},"modified":"2021-10-25T13:44:25","modified_gmt":"2021-10-25T11:44:25","slug":"kontakt","status":"publish","type":"page","link":"https:\/\/orizon-solutions.com\/de\/kontakt\/","title":{"rendered":"Kontakt"},"content":{"rendered":"<section class=\"wpb-content-wrapper\"><p>[vc_row padding_top_multiplier=&#8220;6x&#8220; padding_bottom_multiplier=&#8220;6x&#8220; el_class=&#8220;contact-orizon oz-circles-bg3&#8243;][vc_column]<h1 class=\"grve-element grve-title grve-align-center grve-h1 mb-10 dark-heading\" style=\"\"><span>Contact<\/span><\/h1>[vc_column_text text_style=&#8220;leader-text&#8220;]<\/p>\n<p style=\"text-align: center;\">M\u00f6chten Sie uns kontaktieren, um mehr \u00fcber Orizon zu erfahren?<\/p>\n<p>[\/vc_column_text]<div class=\"grve-empty-space grve-height-2x\" style=\"\"><\/div>[vc_row_inner el_class=&#8220;flex-row&#8220;][vc_column_inner width=&#8220;1\/6&#8243;][\/vc_column_inner][vc_column_inner width=&#8220;2\/3&#8243;][vc_column_text text_style=&#8220;leader-text&#8220;]Sie k\u00f6nnen uns kontaktieren, indem Sie eine E-Mail an <a href=\"mailto:contact@orizon.app\">contact@orizon.app<\/a> senden oder Sie sich an Ihre Ontex Ansprechperson wenden.<\/p>\n<p>Wir freuen uns, dass Sie mehr \u00fcber unsere intelligenten L\u00f6sungen erfahren m\u00f6chten. Ihre Fragen und Probleme sind uns wichtig.\u200b[\/vc_column_text][\/vc_column_inner][vc_column_inner width=&#8220;1\/6&#8243;][\/vc_column_inner][\/vc_row_inner][\/vc_column][\/vc_row][vc_row section_type=&#8220;fullwidth&#8220; padding_top_multiplier=&#8220;&#8220; padding_bottom_multiplier=&#8220;&#8220; columns_gap=&#8220;none&#8220;][vc_column]<section class=\"wpb-content-wrapper\"><p>[vc_row heading_color=&#8220;light&#8220; padding_top_multiplier=&#8220;3x&#8220; padding_bottom_multiplier=&#8220;3x&#8220; el_class=&#8220;oz-gradient-style2&#8243; section_id=&#8220;cta-block&#8220; font_color=&#8220;#ffffff&#8220;][vc_column width=&#8220;1\/2&#8243; el_class=&#8220;smaller-half&#8220;]<h2 class=\"grve-element grve-title grve-align-left grve-animated-item grve-duration-normal grve-fade-in grve-h2\" style=\"\" data-delay=\"200\"><span>Wir m\u00f6chten in der Pflege \u00e4lterer Menschen neue Wege gehen <\/span><\/h2>[vc_column_text text_style=&#8220;leader-text&#8220;]Mit unserer smarten L\u00f6sung k\u00f6nnen die Pflegekr\u00e4fte effizienter arbeiten und die Pflege an die Bed\u00fcrfnisse der Bewohner anpassen.[\/vc_column_text]<div class=\"grve-element grve-align-left oz-btn-wrapper-xs oz-btn-spaced mobile-centered\"><a href=\"https:\/\/orizon-solutions.com\/de\/orizon-smart\/\" title=\"Our smart solution\" class=\"grve-btn grve-btn-medium grve-extra-round grve-bg-primary-1 grve-bg-hover-white grve-btn-line oz-btn-white oz-btn-secondary oz-cta-btn oz-cta-btn-de\"><span>Unsere intelligente L\u00f6sung<\/span><\/a><\/div>[\/vc_column][vc_column width=&#8220;1\/2&#8243; mobile_width=&#8220;hide&#8220; el_class=&#8220;about-last-right xtra-spaced-left&#8220;][\/vc_column][\/vc_row]<\/p>\n<\/section>[\/vc_column][\/vc_row]<\/p>\n<\/section>","protected":false},"excerpt":{"rendered":"<p>[vc_row padding_top_multiplier=&#8220;6x&#8220; padding_bottom_multiplier=&#8220;6x&#8220; el_class=&#8220;contact-orizon oz-circles-bg3&#8243;][vc_column][vc_column_text text_style=&#8220;leader-text&#8220;] M\u00f6chten Sie uns kontaktieren, um mehr \u00fcber Orizon zu erfahren? [\/vc_column_text][vc_row_inner el_class=&#8220;flex-row&#8220;][vc_column_inner width=&#8220;1\/6&#8243;][\/vc_column_inner][vc_column_inner width=&#8220;2\/3&#8243;][vc_column_text text_style=&#8220;leader-text&#8220;]Sie k\u00f6nnen uns kontaktieren, indem Sie eine E-Mail an contact@orizon.app senden oder Sie sich an Ihre Ontex Ansprechperson wenden. Wir freuen uns, dass Sie mehr \u00fcber unsere intelligenten L\u00f6sungen erfahren m\u00f6chten. Ihre Fragen und Probleme [&hellip;]<\/p>\n","protected":false},"author":3,"featured_media":822,"parent":0,"menu_order":0,"comment_status":"closed","ping_status":"closed","template":"","meta":{"_acf_changed":false,"inline_featured_image":false,"footnotes":""},"class_list":["post-1063","page","type-page","status-publish","has-post-thumbnail","hentry"],"acf":[],"yoast_head":"<!-- This site is optimized with the Yoast SEO Premium plugin v27.4 (Yoast SEO v27.4) - https:\/\/yoast.com\/product\/yoast-seo-premium-wordpress\/ -->\n<title>M\u00f6chten Sie uns kontaktieren, um mehr \u00fcber Orizon zu erfahren? &#183; Orizon<\/title>\n<meta name=\"description\" content=\"Wir freuen uns, dass Sie mehr \u00fcber unsere intelligenten L\u00f6sungen erfahren m\u00f6chten. Ihre Fragen und Probleme sind uns wichtig.\u200b\" \/>\n<meta name=\"robots\" content=\"index, follow, max-snippet:-1, max-image-preview:large, max-video-preview:-1\" \/>\n<link rel=\"canonical\" href=\"https:\/\/orizon-solutions.com\/de\/kontakt\/\" \/>\n<meta property=\"og:locale\" content=\"de_DE\" \/>\n<meta property=\"og:type\" content=\"article\" \/>\n<meta property=\"og:title\" content=\"Discover our smart solution Kontakt &#183; Orizon\" \/>\n<meta property=\"og:description\" content=\"Wir freuen uns, dass Sie mehr \u00fcber unsere intelligenten L\u00f6sungen erfahren m\u00f6chten. Ihre Fragen und Probleme sind uns wichtig.\u200b\" \/>\n<meta property=\"og:url\" content=\"https:\/\/orizon-solutions.com\/de\/kontakt\/\" \/>\n<meta property=\"og:site_name\" content=\"Orizon\" \/>\n<meta property=\"article:modified_time\" content=\"2021-10-25T11:44:25+00:00\" \/>\n<meta property=\"og:image\" content=\"https:\/\/orizon-solutions.com\/wp-content\/uploads\/2021\/10\/handshake.jpg\" \/>\n\t<meta property=\"og:image:width\" content=\"1000\" \/>\n\t<meta property=\"og:image:height\" content=\"562\" \/>\n\t<meta property=\"og:image:type\" content=\"image\/jpeg\" \/>\n<meta name=\"twitter:card\" content=\"summary_large_image\" \/>\n<meta name=\"twitter:label1\" content=\"Gesch\u00e4tzte Lesezeit\" \/>\n\t<meta name=\"twitter:data1\" content=\"1 Minute\" \/>\n<script type=\"application\/ld+json\" class=\"yoast-schema-graph\">{\"@context\":\"https:\\\/\\\/schema.org\",\"@graph\":[{\"@type\":\"WebPage\",\"@id\":\"https:\\\/\\\/orizon-solutions.com\\\/de\\\/kontakt\\\/\",\"url\":\"https:\\\/\\\/orizon-solutions.com\\\/de\\\/kontakt\\\/\",\"name\":\"M\u00f6chten Sie uns kontaktieren, um mehr \u00fcber Orizon zu erfahren? &#183; Orizon\",\"isPartOf\":{\"@id\":\"https:\\\/\\\/orizon-solutions.com\\\/de\\\/#website\"},\"primaryImageOfPage\":{\"@id\":\"https:\\\/\\\/orizon-solutions.com\\\/de\\\/kontakt\\\/#primaryimage\"},\"image\":{\"@id\":\"https:\\\/\\\/orizon-solutions.com\\\/de\\\/kontakt\\\/#primaryimage\"},\"thumbnailUrl\":\"https:\\\/\\\/orizon-solutions.com\\\/wp-content\\\/uploads\\\/2021\\\/10\\\/handshake.jpg\",\"datePublished\":\"2021-10-18T12:31:28+00:00\",\"dateModified\":\"2021-10-25T11:44:25+00:00\",\"description\":\"Wir freuen uns, dass Sie mehr \u00fcber unsere intelligenten L\u00f6sungen erfahren m\u00f6chten. Ihre Fragen und Probleme sind uns wichtig.\u200b\",\"breadcrumb\":{\"@id\":\"https:\\\/\\\/orizon-solutions.com\\\/de\\\/kontakt\\\/#breadcrumb\"},\"inLanguage\":\"de-DE\",\"potentialAction\":[{\"@type\":\"ReadAction\",\"target\":[\"https:\\\/\\\/orizon-solutions.com\\\/de\\\/kontakt\\\/\"]}]},{\"@type\":\"ImageObject\",\"inLanguage\":\"de-DE\",\"@id\":\"https:\\\/\\\/orizon-solutions.com\\\/de\\\/kontakt\\\/#primaryimage\",\"url\":\"https:\\\/\\\/orizon-solutions.com\\\/wp-content\\\/uploads\\\/2021\\\/10\\\/handshake.jpg\",\"contentUrl\":\"https:\\\/\\\/orizon-solutions.com\\\/wp-content\\\/uploads\\\/2021\\\/10\\\/handshake.jpg\",\"width\":1000,\"height\":562,\"caption\":\"handshake\"},{\"@type\":\"BreadcrumbList\",\"@id\":\"https:\\\/\\\/orizon-solutions.com\\\/de\\\/kontakt\\\/#breadcrumb\",\"itemListElement\":[{\"@type\":\"ListItem\",\"position\":1,\"name\":\"Startseite\",\"item\":\"https:\\\/\\\/orizon-solutions.com\\\/de\\\/\"},{\"@type\":\"ListItem\",\"position\":2,\"name\":\"Kontakt\"}]},{\"@type\":\"WebSite\",\"@id\":\"https:\\\/\\\/orizon-solutions.com\\\/de\\\/#website\",\"url\":\"https:\\\/\\\/orizon-solutions.com\\\/de\\\/\",\"name\":\"Orizon\",\"description\":\"Smart Solutions\",\"publisher\":{\"@id\":\"https:\\\/\\\/orizon-solutions.com\\\/de\\\/#organization\"},\"potentialAction\":[{\"@type\":\"SearchAction\",\"target\":{\"@type\":\"EntryPoint\",\"urlTemplate\":\"https:\\\/\\\/orizon-solutions.com\\\/de\\\/?s={search_term_string}\"},\"query-input\":{\"@type\":\"PropertyValueSpecification\",\"valueRequired\":true,\"valueName\":\"search_term_string\"}}],\"inLanguage\":\"de-DE\"},{\"@type\":\"Organization\",\"@id\":\"https:\\\/\\\/orizon-solutions.com\\\/de\\\/#organization\",\"name\":\"Orizon\",\"url\":\"https:\\\/\\\/orizon-solutions.com\\\/de\\\/\",\"logo\":{\"@type\":\"ImageObject\",\"inLanguage\":\"de-DE\",\"@id\":\"https:\\\/\\\/orizon-solutions.com\\\/de\\\/#\\\/schema\\\/logo\\\/image\\\/\",\"url\":\"https:\\\/\\\/orizon-solutions.com\\\/wp-content\\\/uploads\\\/2021\\\/09\\\/orizon-logo400.png\",\"contentUrl\":\"https:\\\/\\\/orizon-solutions.com\\\/wp-content\\\/uploads\\\/2021\\\/09\\\/orizon-logo400.png\",\"width\":400,\"height\":79,\"caption\":\"Orizon\"},\"image\":{\"@id\":\"https:\\\/\\\/orizon-solutions.com\\\/de\\\/#\\\/schema\\\/logo\\\/image\\\/\"},\"sameAs\":[\"https:\\\/\\\/www.youtube.com\\\/channel\\\/UCKGKYYx3aomkfcL8bMyFDOg\"]}]}<\/script>\n<!-- \/ Yoast SEO Premium plugin. -->","yoast_head_json":{"title":"M\u00f6chten Sie uns kontaktieren, um mehr \u00fcber Orizon zu erfahren? &#183; Orizon","description":"Wir freuen uns, dass Sie mehr \u00fcber unsere intelligenten L\u00f6sungen erfahren m\u00f6chten. Ihre Fragen und Probleme sind uns wichtig.\u200b","robots":{"index":"index","follow":"follow","max-snippet":"max-snippet:-1","max-image-preview":"max-image-preview:large","max-video-preview":"max-video-preview:-1"},"canonical":"https:\/\/orizon-solutions.com\/de\/kontakt\/","og_locale":"de_DE","og_type":"article","og_title":"Discover our smart solution Kontakt &#183; Orizon","og_description":"Wir freuen uns, dass Sie mehr \u00fcber unsere intelligenten L\u00f6sungen erfahren m\u00f6chten. Ihre Fragen und Probleme sind uns wichtig.\u200b","og_url":"https:\/\/orizon-solutions.com\/de\/kontakt\/","og_site_name":"Orizon","article_modified_time":"2021-10-25T11:44:25+00:00","og_image":[{"width":1000,"height":562,"url":"https:\/\/orizon-solutions.com\/wp-content\/uploads\/2021\/10\/handshake.jpg","type":"image\/jpeg"}],"twitter_card":"summary_large_image","twitter_misc":{"Gesch\u00e4tzte Lesezeit":"1 Minute"},"schema":{"@context":"https:\/\/schema.org","@graph":[{"@type":"WebPage","@id":"https:\/\/orizon-solutions.com\/de\/kontakt\/","url":"https:\/\/orizon-solutions.com\/de\/kontakt\/","name":"M\u00f6chten Sie uns kontaktieren, um mehr \u00fcber Orizon zu erfahren? &#183; Orizon","isPartOf":{"@id":"https:\/\/orizon-solutions.com\/de\/#website"},"primaryImageOfPage":{"@id":"https:\/\/orizon-solutions.com\/de\/kontakt\/#primaryimage"},"image":{"@id":"https:\/\/orizon-solutions.com\/de\/kontakt\/#primaryimage"},"thumbnailUrl":"https:\/\/orizon-solutions.com\/wp-content\/uploads\/2021\/10\/handshake.jpg","datePublished":"2021-10-18T12:31:28+00:00","dateModified":"2021-10-25T11:44:25+00:00","description":"Wir freuen uns, dass Sie mehr \u00fcber unsere intelligenten L\u00f6sungen erfahren m\u00f6chten. Ihre Fragen und Probleme sind uns wichtig.\u200b","breadcrumb":{"@id":"https:\/\/orizon-solutions.com\/de\/kontakt\/#breadcrumb"},"inLanguage":"de-DE","potentialAction":[{"@type":"ReadAction","target":["https:\/\/orizon-solutions.com\/de\/kontakt\/"]}]},{"@type":"ImageObject","inLanguage":"de-DE","@id":"https:\/\/orizon-solutions.com\/de\/kontakt\/#primaryimage","url":"https:\/\/orizon-solutions.com\/wp-content\/uploads\/2021\/10\/handshake.jpg","contentUrl":"https:\/\/orizon-solutions.com\/wp-content\/uploads\/2021\/10\/handshake.jpg","width":1000,"height":562,"caption":"handshake"},{"@type":"BreadcrumbList","@id":"https:\/\/orizon-solutions.com\/de\/kontakt\/#breadcrumb","itemListElement":[{"@type":"ListItem","position":1,"name":"Startseite","item":"https:\/\/orizon-solutions.com\/de\/"},{"@type":"ListItem","position":2,"name":"Kontakt"}]},{"@type":"WebSite","@id":"https:\/\/orizon-solutions.com\/de\/#website","url":"https:\/\/orizon-solutions.com\/de\/","name":"Orizon","description":"Smart Solutions","publisher":{"@id":"https:\/\/orizon-solutions.com\/de\/#organization"},"potentialAction":[{"@type":"SearchAction","target":{"@type":"EntryPoint","urlTemplate":"https:\/\/orizon-solutions.com\/de\/?s={search_term_string}"},"query-input":{"@type":"PropertyValueSpecification","valueRequired":true,"valueName":"search_term_string"}}],"inLanguage":"de-DE"},{"@type":"Organization","@id":"https:\/\/orizon-solutions.com\/de\/#organization","name":"Orizon","url":"https:\/\/orizon-solutions.com\/de\/","logo":{"@type":"ImageObject","inLanguage":"de-DE","@id":"https:\/\/orizon-solutions.com\/de\/#\/schema\/logo\/image\/","url":"https:\/\/orizon-solutions.com\/wp-content\/uploads\/2021\/09\/orizon-logo400.png","contentUrl":"https:\/\/orizon-solutions.com\/wp-content\/uploads\/2021\/09\/orizon-logo400.png","width":400,"height":79,"caption":"Orizon"},"image":{"@id":"https:\/\/orizon-solutions.com\/de\/#\/schema\/logo\/image\/"},"sameAs":["https:\/\/www.youtube.com\/channel\/UCKGKYYx3aomkfcL8bMyFDOg"]}]}},"_links":{"self":[{"href":"https:\/\/orizon-solutions.com\/de\/wp-json\/wp\/v2\/pages\/1063","targetHints":{"allow":["GET"]}}],"collection":[{"href":"https:\/\/orizon-solutions.com\/de\/wp-json\/wp\/v2\/pages"}],"about":[{"href":"https:\/\/orizon-solutions.com\/de\/wp-json\/wp\/v2\/types\/page"}],"author":[{"embeddable":true,"href":"https:\/\/orizon-solutions.com\/de\/wp-json\/wp\/v2\/users\/3"}],"replies":[{"embeddable":true,"href":"https:\/\/orizon-solutions.com\/de\/wp-json\/wp\/v2\/comments?post=1063"}],"version-history":[{"count":0,"href":"https:\/\/orizon-solutions.com\/de\/wp-json\/wp\/v2\/pages\/1063\/revisions"}],"wp:featuredmedia":[{"embeddable":true,"href":"https:\/\/orizon-solutions.com\/de\/wp-json\/wp\/v2\/media\/822"}],"wp:attachment":[{"href":"https:\/\/orizon-solutions.com\/de\/wp-json\/wp\/v2\/media?parent=1063"}],"curies":[{"name":"wp","href":"https:\/\/api.w.org\/{rel}","templated":true}]}}