{"id":1057,"date":"2021-10-18T12:37:17","date_gmt":"2021-10-18T10:37:17","guid":{"rendered":"https:\/\/orizonprod.wpengine.com\/?page_id=1057"},"modified":"2022-05-19T16:32:40","modified_gmt":"2022-05-19T14:32:40","slug":"ueber-uns","status":"publish","type":"page","link":"https:\/\/orizon-solutions.com\/de\/ueber-uns\/","title":{"rendered":"\u00dcber uns"},"content":{"rendered":"<section class=\"wpb-content-wrapper\"><p>[vc_row padding_top_multiplier=&#8220;6x&#8220; padding_bottom_multiplier=&#8220;2x&#8220; columns_gap=&#8220;60&#8243; el_class=&#8220;about-orizon-top&#8220; font_color=&#8220;#000000&#8243;][vc_column]<h1 class=\"grve-element grve-title grve-align-center grve-h1 mb-10 dark-heading\" style=\"\"><span>Mehr \u00fcber Ontex und Orizon<\/span><\/h1><div class=\"grve-empty-space grve-height-5x\" style=\"\"><\/div>[vc_row_inner el_class=&#8220;flex-row about-1 about-row&#8220;][vc_column_inner width=&#8220;1\/3&#8243; el_class=&#8220;mobile-40&#8243; el_wrapper_class=&#8220;image-desktop-bg&#8220;]<div class=\"grve-element grve-image grve-align-left\" style=\"\">  <div class=\"grve-image-wrapper\"><picture><source srcset=\"https:\/\/orizon-solutions.com\/wp-content\/uploads\/2021\/09\/about-1.jpg.webp 800w, https:\/\/orizon-solutions.com\/wp-content\/uploads\/2021\/09\/about-1-300x169.jpg.webp 300w, https:\/\/orizon-solutions.com\/wp-content\/uploads\/2021\/09\/about-1-768x432.jpg.webp 768w\" sizes=\"auto, (max-width: 800px) 100vw, 800px\" type=\"image\/webp\"><img loading=\"lazy\" decoding=\"async\" width=\"800\" height=\"450\" src=\"https:\/\/orizon-solutions.com\/wp-content\/uploads\/2021\/09\/about-1.jpg\" class=\"grve-extra-round attachment-full size-full webpexpress-processed\" alt=\"Factory worker\" srcset=\"https:\/\/orizon-solutions.com\/wp-content\/uploads\/2021\/09\/about-1.jpg 800w, https:\/\/orizon-solutions.com\/wp-content\/uploads\/2021\/09\/about-1-300x169.jpg 300w, https:\/\/orizon-solutions.com\/wp-content\/uploads\/2021\/09\/about-1-768x432.jpg 768w\" sizes=\"auto, (max-width: 800px) 100vw, 800px\"><\/picture>   <\/div><\/div>[\/vc_column_inner][vc_column_inner width=&#8220;2\/3&#8243;]<div class=\"grve-element grve-image mobile-centered mobile-40 about-logo grve-align-left\" style=\"margin-bottom: 20px;\">  <div class=\"grve-image-wrapper\"><a href=\"https:\/\/ontex.com\/\" title=\"Ontex website\" target=\"_blank\" rel=\"noopener noreferrer nofollow\"><picture><source srcset=\"https:\/\/orizon-solutions.com\/wp-content\/uploads\/2021\/10\/ontex-blue-resized.png.webp 1x,https:\/\/orizon-solutions.com\/wp-content\/uploads\/2021\/10\/ontex-blue-resized.png\" type=\"image\/webp\"><img loading=\"lazy\" decoding=\"async\" width=\"300\" height=\"115\" src=\"https:\/\/orizon-solutions.com\/wp-content\/uploads\/2021\/10\/ontex-blue-resized.png\" class=\"attachment-full size-full webpexpress-processed\" alt=\"Ontex logo\" srcset=\"https:\/\/orizon-solutions.com\/wp-content\/uploads\/2021\/10\/ontex-blue-resized.png 1x,https:\/\/orizon-solutions.com\/wp-content\/uploads\/2021\/10\/ontex-blue-resized.png 2x\"><\/picture><\/a>   <\/div><\/div>[vc_column_text el_class=&#8220;oz-link-decoration&#8220;]Ontex ist ein f\u00fchrender internationaler Konzern f\u00fcr Hygieneprodukte mit \u00fcber 40 Jahren Erfahrung in der Entwicklung und Herstellung hochwertiger Produkte f\u00fcr Kunden jeden Alters.\u200b<\/p>\n<p>Unsere hochwertigen, leistungsstarken und preisg\u00fcnstigen Hygieneprodukte werden in mehr als 110 L\u00e4ndern vertrieben. Wir produzieren an 19 verschiedenen Standorten, die nachhaltige Verfahren nutzen, um unseren \u00f6kologischen Fu\u00dfabdruck zu minimieren.<\/p>\n<p><a href=\"https:\/\/ontex.com\/\" target=\"_blank\" rel=\"noopener\">Zur Ontex-Website<\/a>[\/vc_column_text][\/vc_column_inner][\/vc_row_inner][vc_row_inner el_class=&#8220;flex-row about-2 about-row&#8220;][vc_column_inner width=&#8220;1\/3&#8243; el_class=&#8220;mobile-40&#8243; el_wrapper_class=&#8220;image-desktop-bg&#8220;]<div class=\"grve-element grve-image mobile-centered grve-align-left\" style=\"\">  <div class=\"grve-image-wrapper\"><picture><source srcset=\"https:\/\/orizon-solutions.com\/wp-content\/uploads\/2021\/09\/about-2.jpg.webp 800w, https:\/\/orizon-solutions.com\/wp-content\/uploads\/2021\/09\/about-2-300x161.jpg.webp 300w, https:\/\/orizon-solutions.com\/wp-content\/uploads\/2021\/09\/about-2-768x413.jpg.webp 768w\" sizes=\"auto, (max-width: 800px) 100vw, 800px\" type=\"image\/webp\"><img loading=\"lazy\" decoding=\"async\" width=\"800\" height=\"430\" src=\"https:\/\/orizon-solutions.com\/wp-content\/uploads\/2021\/09\/about-2.jpg\" class=\"grve-extra-round attachment-full size-full webpexpress-processed\" alt=\"Smart tag\" srcset=\"https:\/\/orizon-solutions.com\/wp-content\/uploads\/2021\/09\/about-2.jpg 800w, https:\/\/orizon-solutions.com\/wp-content\/uploads\/2021\/09\/about-2-300x161.jpg 300w, https:\/\/orizon-solutions.com\/wp-content\/uploads\/2021\/09\/about-2-768x413.jpg 768w\" sizes=\"auto, (max-width: 800px) 100vw, 800px\"><\/picture>   <\/div><\/div>[\/vc_column_inner][vc_column_inner width=&#8220;2\/3&#8243;]<div class=\"grve-element grve-image grve-animated-item grve-duration-normal grve-fade-in orizon-logo mobile-centered grve-align-left\" style=\"margin-bottom: 30px;\" data-delay=\"200\">  <div class=\"grve-image-wrapper\"><picture><source srcset=\"https:\/\/orizon-solutions.com\/wp-content\/uploads\/2021\/09\/orizon-logo400.png.webp 400w, https:\/\/orizon-solutions.com\/wp-content\/uploads\/2021\/09\/orizon-logo400-300x59.png.webp 300w\" sizes=\"auto, (max-width: 400px) 100vw, 400px\" type=\"image\/webp\"><img loading=\"lazy\" decoding=\"async\" width=\"400\" height=\"79\" src=\"https:\/\/orizon-solutions.com\/wp-content\/uploads\/2021\/09\/orizon-logo400.png\" class=\"attachment-full size-full webpexpress-processed\" alt=\"Orizon logo\" srcset=\"https:\/\/orizon-solutions.com\/wp-content\/uploads\/2021\/09\/orizon-logo400.png 400w, https:\/\/orizon-solutions.com\/wp-content\/uploads\/2021\/09\/orizon-logo400-300x59.png 300w\" sizes=\"auto, (max-width: 400px) 100vw, 400px\"><\/picture>   <\/div><\/div>[vc_column_text el_class=&#8220;oz-link-decoration&#8220;]Schon heute bieten wir unter unseren bekannten Marken iD, Serenity und Lille ein umfangreiches Sortiment f\u00fcr die Erwachsenenhygiene an. Aber wir bei Ontex denken auch in die Zukunft. Wir entwickeln L\u00f6sungen weiter, die das Leben einfacher machen, und unterst\u00fctzen alle Menschen, die mit Inkontinenz zu tun haben. Mit Orizon m\u00f6chten wir ein Komplettangebot machen. Eine komplette Reihe intelligenter L\u00f6sungen, Instrumente und Dienstleistungen, mit denen Komfort und Wohlbefinden verbessert werden.\u200b<\/p>\n<p><strong>Unser Ziel ist es nicht nur, mit den Folgen von Inkontinenz umzugehen, sondern wir m\u00f6chten Instrumente und L\u00f6sungen f\u00fcr eine bessere Pr\u00e4vention und ein besseres Verst\u00e4ndnis entwickeln.\u200b<br \/>\n<\/strong>[\/vc_column_text][\/vc_column_inner][\/vc_row_inner][vc_row_inner el_class=&#8220;about-orizon about-logo-block&#8220;][vc_column_inner width=&#8220;1\/2&#8243; el_class=&#8220;mobile-40&#8243;][vc_column_text]Aus diesem Grund entwickeln wir neben unserem klassischen Erwachsenenhygiene-Portfolio (iD und Serenity) eine smarte L\u00f6sung mit Orizon. Die beiden f\u00fchrenden Marken iD und Serenity werden Orizon auf diesem Weg unterst\u00fctzen. Mit diesem Ansatz machen wir einen Evolutionssprung von einer klassischen zu einer smarten Produktreihe, bei gleicher Qualit\u00e4t und gleichem Komfort. [\/vc_column_text][\/vc_column_inner][vc_column_inner width=&#8220;1\/2&#8243; el_wrapper_class=&#8220;image-flex&#8220;]<div class=\"grve-element grve-image grve-animated-item grve-duration-normal grve-fade-in grve-align-center\" style=\"\" data-delay=\"200\">  <div class=\"grve-image-wrapper\"><picture><source srcset=\"https:\/\/orizon-solutions.com\/wp-content\/uploads\/2021\/09\/ontex-id2.png.webp\" type=\"image\/webp\"><img loading=\"lazy\" decoding=\"async\" width=\"251\" height=\"75\" src=\"https:\/\/orizon-solutions.com\/wp-content\/uploads\/2021\/09\/ontex-id2.png\" class=\"attachment-full size-full webpexpress-processed\" alt=\"orizon id\"><\/picture>   <\/div><\/div><div class=\"grve-element grve-image grve-animated-item grve-duration-normal grve-fade-in grve-align-center\" style=\"\" data-delay=\"200\">  <div class=\"grve-image-wrapper\"><picture><source srcset=\"https:\/\/orizon-solutions.com\/wp-content\/uploads\/2021\/09\/ontex-serenity2.png.webp\" type=\"image\/webp\"><img loading=\"lazy\" decoding=\"async\" width=\"251\" height=\"75\" src=\"https:\/\/orizon-solutions.com\/wp-content\/uploads\/2021\/09\/ontex-serenity2.png\" class=\"attachment-full size-full webpexpress-processed\" alt=\"orizon serenity\"><\/picture>   <\/div><\/div>[\/vc_column_inner][\/vc_row_inner][\/vc_column][\/vc_row][vc_row section_type=&#8220;fullwidth&#8220; padding_top_multiplier=&#8220;&#8220; padding_bottom_multiplier=&#8220;&#8220; columns_gap=&#8220;none&#8220;][vc_column]<section class=\"wpb-content-wrapper\"><p>[vc_row heading_color=&#8220;light&#8220; padding_top_multiplier=&#8220;3x&#8220; padding_bottom_multiplier=&#8220;3x&#8220; el_class=&#8220;oz-gradient-style2&#8243; section_id=&#8220;cta-block&#8220; font_color=&#8220;#ffffff&#8220;][vc_column width=&#8220;1\/2&#8243; el_class=&#8220;smaller-half&#8220;]<h2 class=\"grve-element grve-title grve-align-left grve-animated-item grve-duration-normal grve-fade-in grve-h2\" style=\"\" data-delay=\"200\"><span>Wir m\u00f6chten in der Pflege \u00e4lterer Menschen neue Wege gehen <\/span><\/h2>[vc_column_text text_style=&#8220;leader-text&#8220;]Mit unserer smarten L\u00f6sung k\u00f6nnen die Pflegekr\u00e4fte effizienter arbeiten und die Pflege an die Bed\u00fcrfnisse der Bewohner anpassen.[\/vc_column_text]<div class=\"grve-element grve-align-left oz-btn-wrapper-xs oz-btn-spaced mobile-centered\"><a href=\"https:\/\/orizon-solutions.com\/de\/orizon-smart\/\" title=\"Our smart solution\" class=\"grve-btn grve-btn-medium grve-extra-round grve-bg-primary-1 grve-bg-hover-white grve-btn-line oz-btn-white oz-btn-secondary oz-cta-btn oz-cta-btn-de\"><span>Unsere intelligente L\u00f6sung<\/span><\/a><\/div>[\/vc_column][vc_column width=&#8220;1\/2&#8243; mobile_width=&#8220;hide&#8220; el_class=&#8220;about-last-right xtra-spaced-left&#8220;][\/vc_column][\/vc_row]<\/p>\n<\/section>[\/vc_column][\/vc_row]<\/p>\n<\/section>","protected":false},"excerpt":{"rendered":"<p>[vc_row padding_top_multiplier=&#8220;6x&#8220; padding_bottom_multiplier=&#8220;2x&#8220; columns_gap=&#8220;60&#8243; el_class=&#8220;about-orizon-top&#8220; font_color=&#8220;#000000&#8243;][vc_column][vc_row_inner el_class=&#8220;flex-row about-1 about-row&#8220;][vc_column_inner width=&#8220;1\/3&#8243; el_class=&#8220;mobile-40&#8243; el_wrapper_class=&#8220;image-desktop-bg&#8220;][\/vc_column_inner][vc_column_inner width=&#8220;2\/3&#8243;][vc_column_text el_class=&#8220;oz-link-decoration&#8220;]Ontex ist ein f\u00fchrender internationaler Konzern f\u00fcr Hygieneprodukte mit \u00fcber 40 Jahren Erfahrung in der Entwicklung und Herstellung hochwertiger Produkte f\u00fcr Kunden jeden Alters.\u200b Unsere hochwertigen, leistungsstarken und preisg\u00fcnstigen Hygieneprodukte werden in mehr als 110 L\u00e4ndern vertrieben. Wir produzieren an 19 verschiedenen [&hellip;]<\/p>\n","protected":false},"author":3,"featured_media":453,"parent":0,"menu_order":0,"comment_status":"closed","ping_status":"closed","template":"","meta":{"_acf_changed":false,"inline_featured_image":false,"footnotes":""},"class_list":["post-1057","page","type-page","status-publish","has-post-thumbnail","hentry"],"acf":[],"yoast_head":"<!-- This site is optimized with the Yoast SEO Premium plugin v27.4 (Yoast SEO v27.4) - https:\/\/yoast.com\/product\/yoast-seo-premium-wordpress\/ -->\n<title>Mehr \u00fcber Ontex und Orizon &#183; Orizon<\/title>\n<meta name=\"description\" content=\"Unser Ziel ist es nicht nur, mit den Folgen von Inkontinenz umzugehen, sondern wir m\u00f6chten Instrumente und L\u00f6sungen f\u00fcr eine bessere Pr\u00e4vention und ein besseres Verst\u00e4ndnis entwickeln.\u200b\" \/>\n<meta name=\"robots\" content=\"index, follow, max-snippet:-1, max-image-preview:large, max-video-preview:-1\" \/>\n<link rel=\"canonical\" href=\"https:\/\/orizon-solutions.com\/de\/ueber-uns\/\" \/>\n<meta property=\"og:locale\" content=\"de_DE\" \/>\n<meta property=\"og:type\" content=\"article\" \/>\n<meta property=\"og:title\" content=\"Discover our smart solution \u00dcber uns &#183; Orizon\" \/>\n<meta property=\"og:description\" content=\"Unser Ziel ist es nicht nur, mit den Folgen von Inkontinenz umzugehen, sondern wir m\u00f6chten Instrumente und L\u00f6sungen f\u00fcr eine bessere Pr\u00e4vention und ein besseres Verst\u00e4ndnis entwickeln.\u200b\" \/>\n<meta property=\"og:url\" content=\"https:\/\/orizon-solutions.com\/de\/ueber-uns\/\" \/>\n<meta property=\"og:site_name\" content=\"Orizon\" \/>\n<meta property=\"article:modified_time\" content=\"2022-05-19T14:32:40+00:00\" \/>\n<meta property=\"og:image\" content=\"https:\/\/orizon-solutions.com\/wp-content\/uploads\/2021\/09\/about-1.jpg\" \/>\n\t<meta property=\"og:image:width\" content=\"800\" \/>\n\t<meta property=\"og:image:height\" content=\"450\" \/>\n\t<meta property=\"og:image:type\" content=\"image\/jpeg\" \/>\n<meta name=\"twitter:card\" content=\"summary_large_image\" \/>\n<meta name=\"twitter:label1\" content=\"Gesch\u00e4tzte Lesezeit\" \/>\n\t<meta name=\"twitter:data1\" content=\"2 Minuten\" \/>\n<script type=\"application\/ld+json\" class=\"yoast-schema-graph\">{\"@context\":\"https:\\\/\\\/schema.org\",\"@graph\":[{\"@type\":\"WebPage\",\"@id\":\"https:\\\/\\\/orizon-solutions.com\\\/de\\\/ueber-uns\\\/\",\"url\":\"https:\\\/\\\/orizon-solutions.com\\\/de\\\/ueber-uns\\\/\",\"name\":\"Mehr \u00fcber Ontex und Orizon &#183; Orizon\",\"isPartOf\":{\"@id\":\"https:\\\/\\\/orizon-solutions.com\\\/de\\\/#website\"},\"primaryImageOfPage\":{\"@id\":\"https:\\\/\\\/orizon-solutions.com\\\/de\\\/ueber-uns\\\/#primaryimage\"},\"image\":{\"@id\":\"https:\\\/\\\/orizon-solutions.com\\\/de\\\/ueber-uns\\\/#primaryimage\"},\"thumbnailUrl\":\"https:\\\/\\\/orizon-solutions.com\\\/wp-content\\\/uploads\\\/2021\\\/09\\\/about-1.jpg\",\"datePublished\":\"2021-10-18T10:37:17+00:00\",\"dateModified\":\"2022-05-19T14:32:40+00:00\",\"description\":\"Unser Ziel ist es nicht nur, mit den Folgen von Inkontinenz umzugehen, sondern wir m\u00f6chten Instrumente und L\u00f6sungen f\u00fcr eine bessere Pr\u00e4vention und ein besseres Verst\u00e4ndnis entwickeln.\u200b\",\"breadcrumb\":{\"@id\":\"https:\\\/\\\/orizon-solutions.com\\\/de\\\/ueber-uns\\\/#breadcrumb\"},\"inLanguage\":\"de-DE\",\"potentialAction\":[{\"@type\":\"ReadAction\",\"target\":[\"https:\\\/\\\/orizon-solutions.com\\\/de\\\/ueber-uns\\\/\"]}]},{\"@type\":\"ImageObject\",\"inLanguage\":\"de-DE\",\"@id\":\"https:\\\/\\\/orizon-solutions.com\\\/de\\\/ueber-uns\\\/#primaryimage\",\"url\":\"https:\\\/\\\/orizon-solutions.com\\\/wp-content\\\/uploads\\\/2021\\\/09\\\/about-1.jpg\",\"contentUrl\":\"https:\\\/\\\/orizon-solutions.com\\\/wp-content\\\/uploads\\\/2021\\\/09\\\/about-1.jpg\",\"width\":800,\"height\":450,\"caption\":\"Factory worker\"},{\"@type\":\"BreadcrumbList\",\"@id\":\"https:\\\/\\\/orizon-solutions.com\\\/de\\\/ueber-uns\\\/#breadcrumb\",\"itemListElement\":[{\"@type\":\"ListItem\",\"position\":1,\"name\":\"Startseite\",\"item\":\"https:\\\/\\\/orizon-solutions.com\\\/de\\\/\"},{\"@type\":\"ListItem\",\"position\":2,\"name\":\"\u00dcber uns\"}]},{\"@type\":\"WebSite\",\"@id\":\"https:\\\/\\\/orizon-solutions.com\\\/de\\\/#website\",\"url\":\"https:\\\/\\\/orizon-solutions.com\\\/de\\\/\",\"name\":\"Orizon\",\"description\":\"Smart Solutions\",\"publisher\":{\"@id\":\"https:\\\/\\\/orizon-solutions.com\\\/de\\\/#organization\"},\"potentialAction\":[{\"@type\":\"SearchAction\",\"target\":{\"@type\":\"EntryPoint\",\"urlTemplate\":\"https:\\\/\\\/orizon-solutions.com\\\/de\\\/?s={search_term_string}\"},\"query-input\":{\"@type\":\"PropertyValueSpecification\",\"valueRequired\":true,\"valueName\":\"search_term_string\"}}],\"inLanguage\":\"de-DE\"},{\"@type\":\"Organization\",\"@id\":\"https:\\\/\\\/orizon-solutions.com\\\/de\\\/#organization\",\"name\":\"Orizon\",\"url\":\"https:\\\/\\\/orizon-solutions.com\\\/de\\\/\",\"logo\":{\"@type\":\"ImageObject\",\"inLanguage\":\"de-DE\",\"@id\":\"https:\\\/\\\/orizon-solutions.com\\\/de\\\/#\\\/schema\\\/logo\\\/image\\\/\",\"url\":\"https:\\\/\\\/orizon-solutions.com\\\/wp-content\\\/uploads\\\/2021\\\/09\\\/orizon-logo400.png\",\"contentUrl\":\"https:\\\/\\\/orizon-solutions.com\\\/wp-content\\\/uploads\\\/2021\\\/09\\\/orizon-logo400.png\",\"width\":400,\"height\":79,\"caption\":\"Orizon\"},\"image\":{\"@id\":\"https:\\\/\\\/orizon-solutions.com\\\/de\\\/#\\\/schema\\\/logo\\\/image\\\/\"},\"sameAs\":[\"https:\\\/\\\/www.youtube.com\\\/channel\\\/UCKGKYYx3aomkfcL8bMyFDOg\"]}]}<\/script>\n<!-- \/ Yoast SEO Premium plugin. -->","yoast_head_json":{"title":"Mehr \u00fcber Ontex und Orizon &#183; Orizon","description":"Unser Ziel ist es nicht nur, mit den Folgen von Inkontinenz umzugehen, sondern wir m\u00f6chten Instrumente und L\u00f6sungen f\u00fcr eine bessere Pr\u00e4vention und ein besseres Verst\u00e4ndnis entwickeln.\u200b","robots":{"index":"index","follow":"follow","max-snippet":"max-snippet:-1","max-image-preview":"max-image-preview:large","max-video-preview":"max-video-preview:-1"},"canonical":"https:\/\/orizon-solutions.com\/de\/ueber-uns\/","og_locale":"de_DE","og_type":"article","og_title":"Discover our smart solution \u00dcber uns &#183; Orizon","og_description":"Unser Ziel ist es nicht nur, mit den Folgen von Inkontinenz umzugehen, sondern wir m\u00f6chten Instrumente und L\u00f6sungen f\u00fcr eine bessere Pr\u00e4vention und ein besseres Verst\u00e4ndnis entwickeln.\u200b","og_url":"https:\/\/orizon-solutions.com\/de\/ueber-uns\/","og_site_name":"Orizon","article_modified_time":"2022-05-19T14:32:40+00:00","og_image":[{"width":800,"height":450,"url":"https:\/\/orizon-solutions.com\/wp-content\/uploads\/2021\/09\/about-1.jpg","type":"image\/jpeg"}],"twitter_card":"summary_large_image","twitter_misc":{"Gesch\u00e4tzte Lesezeit":"2 Minuten"},"schema":{"@context":"https:\/\/schema.org","@graph":[{"@type":"WebPage","@id":"https:\/\/orizon-solutions.com\/de\/ueber-uns\/","url":"https:\/\/orizon-solutions.com\/de\/ueber-uns\/","name":"Mehr \u00fcber Ontex und Orizon &#183; Orizon","isPartOf":{"@id":"https:\/\/orizon-solutions.com\/de\/#website"},"primaryImageOfPage":{"@id":"https:\/\/orizon-solutions.com\/de\/ueber-uns\/#primaryimage"},"image":{"@id":"https:\/\/orizon-solutions.com\/de\/ueber-uns\/#primaryimage"},"thumbnailUrl":"https:\/\/orizon-solutions.com\/wp-content\/uploads\/2021\/09\/about-1.jpg","datePublished":"2021-10-18T10:37:17+00:00","dateModified":"2022-05-19T14:32:40+00:00","description":"Unser Ziel ist es nicht nur, mit den Folgen von Inkontinenz umzugehen, sondern wir m\u00f6chten Instrumente und L\u00f6sungen f\u00fcr eine bessere Pr\u00e4vention und ein besseres Verst\u00e4ndnis entwickeln.\u200b","breadcrumb":{"@id":"https:\/\/orizon-solutions.com\/de\/ueber-uns\/#breadcrumb"},"inLanguage":"de-DE","potentialAction":[{"@type":"ReadAction","target":["https:\/\/orizon-solutions.com\/de\/ueber-uns\/"]}]},{"@type":"ImageObject","inLanguage":"de-DE","@id":"https:\/\/orizon-solutions.com\/de\/ueber-uns\/#primaryimage","url":"https:\/\/orizon-solutions.com\/wp-content\/uploads\/2021\/09\/about-1.jpg","contentUrl":"https:\/\/orizon-solutions.com\/wp-content\/uploads\/2021\/09\/about-1.jpg","width":800,"height":450,"caption":"Factory worker"},{"@type":"BreadcrumbList","@id":"https:\/\/orizon-solutions.com\/de\/ueber-uns\/#breadcrumb","itemListElement":[{"@type":"ListItem","position":1,"name":"Startseite","item":"https:\/\/orizon-solutions.com\/de\/"},{"@type":"ListItem","position":2,"name":"\u00dcber uns"}]},{"@type":"WebSite","@id":"https:\/\/orizon-solutions.com\/de\/#website","url":"https:\/\/orizon-solutions.com\/de\/","name":"Orizon","description":"Smart Solutions","publisher":{"@id":"https:\/\/orizon-solutions.com\/de\/#organization"},"potentialAction":[{"@type":"SearchAction","target":{"@type":"EntryPoint","urlTemplate":"https:\/\/orizon-solutions.com\/de\/?s={search_term_string}"},"query-input":{"@type":"PropertyValueSpecification","valueRequired":true,"valueName":"search_term_string"}}],"inLanguage":"de-DE"},{"@type":"Organization","@id":"https:\/\/orizon-solutions.com\/de\/#organization","name":"Orizon","url":"https:\/\/orizon-solutions.com\/de\/","logo":{"@type":"ImageObject","inLanguage":"de-DE","@id":"https:\/\/orizon-solutions.com\/de\/#\/schema\/logo\/image\/","url":"https:\/\/orizon-solutions.com\/wp-content\/uploads\/2021\/09\/orizon-logo400.png","contentUrl":"https:\/\/orizon-solutions.com\/wp-content\/uploads\/2021\/09\/orizon-logo400.png","width":400,"height":79,"caption":"Orizon"},"image":{"@id":"https:\/\/orizon-solutions.com\/de\/#\/schema\/logo\/image\/"},"sameAs":["https:\/\/www.youtube.com\/channel\/UCKGKYYx3aomkfcL8bMyFDOg"]}]}},"_links":{"self":[{"href":"https:\/\/orizon-solutions.com\/de\/wp-json\/wp\/v2\/pages\/1057","targetHints":{"allow":["GET"]}}],"collection":[{"href":"https:\/\/orizon-solutions.com\/de\/wp-json\/wp\/v2\/pages"}],"about":[{"href":"https:\/\/orizon-solutions.com\/de\/wp-json\/wp\/v2\/types\/page"}],"author":[{"embeddable":true,"href":"https:\/\/orizon-solutions.com\/de\/wp-json\/wp\/v2\/users\/3"}],"replies":[{"embeddable":true,"href":"https:\/\/orizon-solutions.com\/de\/wp-json\/wp\/v2\/comments?post=1057"}],"version-history":[{"count":0,"href":"https:\/\/orizon-solutions.com\/de\/wp-json\/wp\/v2\/pages\/1057\/revisions"}],"wp:featuredmedia":[{"embeddable":true,"href":"https:\/\/orizon-solutions.com\/de\/wp-json\/wp\/v2\/media\/453"}],"wp:attachment":[{"href":"https:\/\/orizon-solutions.com\/de\/wp-json\/wp\/v2\/media?parent=1057"}],"curies":[{"name":"wp","href":"https:\/\/api.w.org\/{rel}","templated":true}]}}